{"id":267,"date":"2022-08-12T21:55:41","date_gmt":"2022-08-12T21:55:41","guid":{"rendered":"http:\/\/3.123.173.30\/?page_id=267"},"modified":"2023-02-06T21:31:49","modified_gmt":"2023-02-06T20:31:49","slug":"sady-podle-znacek","status":"publish","type":"page","link":"https:\/\/retrofitguru.com\/cs\/sady-podle-znacek\/","title":{"rendered":"P\u0159estavbov\u00e9 sady podle zna\u010dek"},"content":{"rendered":"\t\t<div data-elementor-type=\"wp-page\" data-elementor-id=\"267\" class=\"elementor elementor-267\" data-elementor-post-type=\"page\">\n\t\t\t\t\t\t<section class=\"elementor-section elementor-top-section elementor-element elementor-element-4087bf66 elementor-section-boxed elementor-section-height-default elementor-section-height-default\" data-id=\"4087bf66\" data-element_type=\"section\" data-e-type=\"section\" data-settings=\"{&quot;background_background&quot;:&quot;classic&quot;}\">\n\t\t\t\t\t\t<div class=\"elementor-container elementor-column-gap-default\">\n\t\t\t\t\t<div class=\"elementor-column elementor-col-100 elementor-top-column elementor-element elementor-element-650c59b6\" data-id=\"650c59b6\" data-element_type=\"column\" data-e-type=\"column\">\n\t\t\t<div class=\"elementor-widget-wrap elementor-element-populated\">\n\t\t\t\t\t\t<div class=\"elementor-element elementor-element-3801d170 elementor-widget elementor-widget-text-editor\" data-id=\"3801d170\" data-element_type=\"widget\" data-e-type=\"widget\" data-widget_type=\"text-editor.default\">\n\t\t\t\t<div class=\"elementor-widget-container\">\n\t\t\t\t\t\t\t\t\t<div data-elementor-type=\"product-archive\" data-elementor-id=\"31\" class=\"elementor elementor-31 product\" data-elementor-post-type=\"elementor_library\">\n<section class=\"elementor-section elementor-top-section elementor-element elementor-element-c63bcb9 elementor-section-boxed elementor-section-height-default elementor-section-height-default\" data-id=\"c63bcb9\" data-element_type=\"section\" data-e-type=\"section\">\n<div class=\"elementor-container elementor-column-gap-default\">\n<div class=\"elementor-column elementor-col-100 elementor-top-column elementor-element elementor-element-49400b9d\" data-id=\"49400b9d\" data-element_type=\"column\" data-e-type=\"column\">\n<div class=\"elementor-widget-wrap elementor-element-populated\">\n<div class=\"elementor-element elementor-element-c8ca128 elementor-widget elementor-widget-heading\" data-id=\"c8ca128\" data-element_type=\"widget\" data-e-type=\"widget\" data-widget_type=\"heading.default\">\n<div class=\"elementor-widget-container\">\n<h1 class=\"elementor-heading-title elementor-size-default\">Produkty<\/h1>\n<\/p><\/div>\n<\/p><\/div>\n<\/p><\/div>\n<\/p><\/div>\n<\/p><\/div>\n<\/section>\n<section class=\"elementor-section elementor-top-section elementor-element elementor-element-7cab7d28 elementor-section-full_width elementor-section-height-default elementor-section-height-default\" data-id=\"7cab7d28\" data-element_type=\"section\" data-e-type=\"section\" data-settings=\"{&quot;background_background&quot;:&quot;gradient&quot;}\">\n<div class=\"elementor-background-overlay\"><\/div>\n<div class=\"elementor-container elementor-column-gap-default\">\n<div class=\"elementor-column elementor-col-100 elementor-top-column elementor-element elementor-element-ea9b079\" data-id=\"ea9b079\" data-element_type=\"column\" data-e-type=\"column\">\n<div class=\"elementor-widget-wrap elementor-element-populated\">\n<div class=\"elementor-element elementor-element-0cda80a elementor-grid-4 elementor-grid-tablet-3 elementor-grid-mobile-2 elementor-products-grid elementor-wc-products elementor-widget elementor-widget-wc-categories\" data-id=\"0cda80a\" data-element_type=\"widget\" data-e-type=\"widget\" data-widget_type=\"wc-categories.default\">\n<div class=\"elementor-widget-container\">\n<div class=\"woocommerce columns-4\">\n<ul class=\"products elementor-grid columns-4\">\n<li class=\"product-category product first\">\n\t<a aria-label=\"Nav\u0161t\u00edvit kategorii produkt\u016f Bi-xenon sady\" href=\"https:\/\/retrofitguru.com\/cs\/produkty\/bixenon-sady\/\"><img fetchpriority=\"high\" decoding=\"async\" src=\"https:\/\/retrofitguru.com\/wp-content\/uploads\/2023\/01\/IMG_7027-scaled-1-300x300.webp\" alt=\"Bi-xenon sady\" width=\"300\" height=\"300\" srcset=\"https:\/\/retrofitguru.com\/wp-content\/uploads\/2023\/01\/IMG_7027-scaled-1-300x300.webp 300w, https:\/\/retrofitguru.com\/wp-content\/uploads\/2023\/01\/IMG_7027-scaled-1-150x150.webp 150w, https:\/\/retrofitguru.com\/wp-content\/uploads\/2023\/01\/IMG_7027-scaled-1-100x100.webp 100w\" sizes=\"(max-width: 300px) 100vw, 300px\" \/>\t\t<\/p>\n<h2 class=\"woocommerce-loop-category__title\">\n\t\t\tBi-xenon sady <mark class=\"count\">(12)<\/mark>\t\t<\/h2>\n<p>\t\t<\/a><\/li>\n<li class=\"product-category product\">\n\t<a aria-label=\"Nav\u0161t\u00edvit kategorii produkt\u016f Kryty sv\u011btel\" href=\"https:\/\/retrofitguru.com\/cs\/produkty\/kryty-svetel\/\"><img decoding=\"async\" src=\"https:\/\/retrofitguru.com\/wp-content\/uploads\/2024\/03\/E6061-04-10-IMG_7248-300x300.jpg\" alt=\"Kryty sv\u011btel\" width=\"300\" height=\"300\" srcset=\"https:\/\/retrofitguru.com\/wp-content\/uploads\/2024\/03\/E6061-04-10-IMG_7248-300x300.jpg 300w, https:\/\/retrofitguru.com\/wp-content\/uploads\/2024\/03\/E6061-04-10-IMG_7248-150x150.jpg 150w, https:\/\/retrofitguru.com\/wp-content\/uploads\/2024\/03\/E6061-04-10-IMG_7248-100x100.jpg 100w\" sizes=\"(max-width: 300px) 100vw, 300px\" \/>\t\t<\/p>\n<h2 class=\"woocommerce-loop-category__title\">\n\t\t\tKryty sv\u011btel <mark class=\"count\">(44)<\/mark>\t\t<\/h2>\n<p>\t\t<\/a><\/li>\n<li class=\"product-category product\">\n\t<a aria-label=\"Nav\u0161t\u00edvit kategorii produkt\u016f Ostatn\u00ed\" href=\"https:\/\/retrofitguru.com\/cs\/produkty\/ostatni\/\"><img decoding=\"async\" src=\"https:\/\/retrofitguru.com\/wp-content\/uploads\/2023\/04\/IMG_7504-300x300.webp\" alt=\"Ostatn\u00ed\" width=\"300\" height=\"300\" srcset=\"https:\/\/retrofitguru.com\/wp-content\/uploads\/2023\/04\/IMG_7504-300x300.webp 300w, https:\/\/retrofitguru.com\/wp-content\/uploads\/2023\/04\/IMG_7504-150x150.webp 150w, https:\/\/retrofitguru.com\/wp-content\/uploads\/2023\/04\/IMG_7504-100x100.webp 100w\" sizes=\"(max-width: 300px) 100vw, 300px\" \/>\t\t<\/p>\n<h2 class=\"woocommerce-loop-category__title\">\n\t\t\tOstatn\u00ed <mark class=\"count\">(1)<\/mark>\t\t<\/h2>\n<p>\t\t<\/a><\/li>\n<\/ul>\n<\/div><\/div>\n<\/p><\/div>\n<\/p><\/div>\n<\/p><\/div>\n<\/p><\/div>\n<\/section><\/div>\n\n\n\n<p><\/p>\n\t\t\t\t\t\t\t\t<\/div>\n\t\t\t\t<\/div>\n\t\t\t\t\t<\/div>\n\t\t<\/div>\n\t\t\t\t\t<\/div>\n\t\t<\/section>\n\t\t\t\t<\/div>\n\t\t","protected":false},"excerpt":{"rendered":"","protected":false},"author":1,"featured_media":0,"parent":0,"menu_order":0,"comment_status":"closed","ping_status":"closed","template":"elementor_header_footer","meta":{"footnotes":""},"class_list":["post-267","page","type-page","status-publish","hentry"],"yoast_head":"<!-- This site is optimized with the Yoast SEO plugin v27.3 - https:\/\/yoast.com\/product\/yoast-seo-wordpress\/ -->\n<title>P\u0159estavbov\u00e9 sady podle zna\u010dek - Retrofit Guru<\/title>\n<meta name=\"robots\" content=\"index, follow, max-snippet:-1, max-image-preview:large, max-video-preview:-1\" \/>\n<link rel=\"canonical\" href=\"https:\/\/retrofitguru.com\/cs\/sady-podle-znacek\/\" \/>\n<meta property=\"og:locale\" content=\"cs_CZ\" \/>\n<meta property=\"og:type\" content=\"article\" \/>\n<meta property=\"og:title\" content=\"P\u0159estavbov\u00e9 sady podle zna\u010dek - Retrofit Guru\" \/>\n<meta property=\"og:url\" content=\"https:\/\/retrofitguru.com\/cs\/sady-podle-znacek\/\" \/>\n<meta property=\"og:site_name\" content=\"Retrofit Guru\" \/>\n<meta property=\"article:publisher\" content=\"https:\/\/www.facebook.com\/RetrofitGuru\" \/>\n<meta property=\"article:modified_time\" content=\"2023-02-06T20:31:49+00:00\" \/>\n<meta name=\"twitter:card\" content=\"summary_large_image\" \/>\n<meta name=\"twitter:label1\" content=\"Odhadovan\u00e1 doba \u010dten\u00ed\" \/>\n\t<meta name=\"twitter:data1\" content=\"4 minuty\" \/>\n<script type=\"application\/ld+json\" class=\"yoast-schema-graph\">{\"@context\":\"https:\\\/\\\/schema.org\",\"@graph\":[{\"@type\":\"WebPage\",\"@id\":\"https:\\\/\\\/retrofitguru.com\\\/en\\\/sets-by-marker\\\/\",\"url\":\"https:\\\/\\\/retrofitguru.com\\\/en\\\/sets-by-marker\\\/\",\"name\":\"P\u0159estavbov\u00e9 sady podle zna\u010dek - Retrofit Guru\",\"isPartOf\":{\"@id\":\"https:\\\/\\\/retrofitguru.com\\\/en\\\/#website\"},\"datePublished\":\"2022-08-12T21:55:41+00:00\",\"dateModified\":\"2023-02-06T20:31:49+00:00\",\"breadcrumb\":{\"@id\":\"https:\\\/\\\/retrofitguru.com\\\/en\\\/sets-by-marker\\\/#breadcrumb\"},\"inLanguage\":\"cs\",\"potentialAction\":[{\"@type\":\"ReadAction\",\"target\":[\"https:\\\/\\\/retrofitguru.com\\\/en\\\/sets-by-marker\\\/\"]}]},{\"@type\":\"BreadcrumbList\",\"@id\":\"https:\\\/\\\/retrofitguru.com\\\/en\\\/sets-by-marker\\\/#breadcrumb\",\"itemListElement\":[{\"@type\":\"ListItem\",\"position\":1,\"name\":\"Dom\u016f\",\"item\":\"https:\\\/\\\/retrofitguru.com\\\/en\\\/\"},{\"@type\":\"ListItem\",\"position\":2,\"name\":\"P\u0159estavbov\u00e9 sady podle zna\u010dek\"}]},{\"@type\":\"WebSite\",\"@id\":\"https:\\\/\\\/retrofitguru.com\\\/en\\\/#website\",\"url\":\"https:\\\/\\\/retrofitguru.com\\\/en\\\/\",\"name\":\"Retrofit Guru\",\"description\":\"Prod\u00e1v\u00e1me sady pro p\u0159estavbu xenonov\u00fdch sv\u011btel na modern\u011bj\u0161\u00ed Bi-xenonov\u00e9.\",\"publisher\":{\"@id\":\"https:\\\/\\\/retrofitguru.com\\\/en\\\/#organization\"},\"alternateName\":\"Retrofiguru\",\"potentialAction\":[{\"@type\":\"SearchAction\",\"target\":{\"@type\":\"EntryPoint\",\"urlTemplate\":\"https:\\\/\\\/retrofitguru.com\\\/en\\\/?s={search_term_string}\"},\"query-input\":{\"@type\":\"PropertyValueSpecification\",\"valueRequired\":true,\"valueName\":\"search_term_string\"}}],\"inLanguage\":\"cs\"},{\"@type\":\"Organization\",\"@id\":\"https:\\\/\\\/retrofitguru.com\\\/en\\\/#organization\",\"name\":\"RetrofitGuru\",\"url\":\"https:\\\/\\\/retrofitguru.com\\\/en\\\/\",\"logo\":{\"@type\":\"ImageObject\",\"inLanguage\":\"cs\",\"@id\":\"https:\\\/\\\/retrofitguru.com\\\/en\\\/#\\\/schema\\\/logo\\\/image\\\/\",\"url\":\"https:\\\/\\\/www.retrofitguru.com\\\/wp-content\\\/uploads\\\/2022\\\/06\\\/Untitled-2-4.svg\",\"contentUrl\":\"https:\\\/\\\/www.retrofitguru.com\\\/wp-content\\\/uploads\\\/2022\\\/06\\\/Untitled-2-4.svg\",\"width\":1000,\"height\":1000,\"caption\":\"RetrofitGuru\"},\"image\":{\"@id\":\"https:\\\/\\\/retrofitguru.com\\\/en\\\/#\\\/schema\\\/logo\\\/image\\\/\"},\"sameAs\":[\"https:\\\/\\\/www.facebook.com\\\/RetrofitGuru\",\"https:\\\/\\\/www.instagram.com\\\/retrofitguru\\\/\"]}]}<\/script>\n<!-- \/ Yoast SEO plugin. -->","yoast_head_json":{"title":"P\u0159estavbov\u00e9 sady podle zna\u010dek - Retrofit Guru","robots":{"index":"index","follow":"follow","max-snippet":"max-snippet:-1","max-image-preview":"max-image-preview:large","max-video-preview":"max-video-preview:-1"},"canonical":"https:\/\/retrofitguru.com\/cs\/sady-podle-znacek\/","og_locale":"cs_CZ","og_type":"article","og_title":"P\u0159estavbov\u00e9 sady podle zna\u010dek - Retrofit Guru","og_url":"https:\/\/retrofitguru.com\/cs\/sady-podle-znacek\/","og_site_name":"Retrofit Guru","article_publisher":"https:\/\/www.facebook.com\/RetrofitGuru","article_modified_time":"2023-02-06T20:31:49+00:00","twitter_card":"summary_large_image","twitter_misc":{"Odhadovan\u00e1 doba \u010dten\u00ed":"4 minuty"},"schema":{"@context":"https:\/\/schema.org","@graph":[{"@type":"WebPage","@id":"https:\/\/retrofitguru.com\/en\/sets-by-marker\/","url":"https:\/\/retrofitguru.com\/en\/sets-by-marker\/","name":"P\u0159estavbov\u00e9 sady podle zna\u010dek - Retrofit Guru","isPartOf":{"@id":"https:\/\/retrofitguru.com\/en\/#website"},"datePublished":"2022-08-12T21:55:41+00:00","dateModified":"2023-02-06T20:31:49+00:00","breadcrumb":{"@id":"https:\/\/retrofitguru.com\/en\/sets-by-marker\/#breadcrumb"},"inLanguage":"cs","potentialAction":[{"@type":"ReadAction","target":["https:\/\/retrofitguru.com\/en\/sets-by-marker\/"]}]},{"@type":"BreadcrumbList","@id":"https:\/\/retrofitguru.com\/en\/sets-by-marker\/#breadcrumb","itemListElement":[{"@type":"ListItem","position":1,"name":"Dom\u016f","item":"https:\/\/retrofitguru.com\/en\/"},{"@type":"ListItem","position":2,"name":"P\u0159estavbov\u00e9 sady podle zna\u010dek"}]},{"@type":"WebSite","@id":"https:\/\/retrofitguru.com\/en\/#website","url":"https:\/\/retrofitguru.com\/en\/","name":"Retrofit Guru","description":"Prod\u00e1v\u00e1me sady pro p\u0159estavbu xenonov\u00fdch sv\u011btel na modern\u011bj\u0161\u00ed Bi-xenonov\u00e9.","publisher":{"@id":"https:\/\/retrofitguru.com\/en\/#organization"},"alternateName":"Retrofiguru","potentialAction":[{"@type":"SearchAction","target":{"@type":"EntryPoint","urlTemplate":"https:\/\/retrofitguru.com\/en\/?s={search_term_string}"},"query-input":{"@type":"PropertyValueSpecification","valueRequired":true,"valueName":"search_term_string"}}],"inLanguage":"cs"},{"@type":"Organization","@id":"https:\/\/retrofitguru.com\/en\/#organization","name":"RetrofitGuru","url":"https:\/\/retrofitguru.com\/en\/","logo":{"@type":"ImageObject","inLanguage":"cs","@id":"https:\/\/retrofitguru.com\/en\/#\/schema\/logo\/image\/","url":"https:\/\/www.retrofitguru.com\/wp-content\/uploads\/2022\/06\/Untitled-2-4.svg","contentUrl":"https:\/\/www.retrofitguru.com\/wp-content\/uploads\/2022\/06\/Untitled-2-4.svg","width":1000,"height":1000,"caption":"RetrofitGuru"},"image":{"@id":"https:\/\/retrofitguru.com\/en\/#\/schema\/logo\/image\/"},"sameAs":["https:\/\/www.facebook.com\/RetrofitGuru","https:\/\/www.instagram.com\/retrofitguru\/"]}]}},"_links":{"self":[{"href":"https:\/\/retrofitguru.com\/cs\/wp-json\/wp\/v2\/pages\/267","targetHints":{"allow":["GET"]}}],"collection":[{"href":"https:\/\/retrofitguru.com\/cs\/wp-json\/wp\/v2\/pages"}],"about":[{"href":"https:\/\/retrofitguru.com\/cs\/wp-json\/wp\/v2\/types\/page"}],"author":[{"embeddable":true,"href":"https:\/\/retrofitguru.com\/cs\/wp-json\/wp\/v2\/users\/1"}],"replies":[{"embeddable":true,"href":"https:\/\/retrofitguru.com\/cs\/wp-json\/wp\/v2\/comments?post=267"}],"version-history":[{"count":0,"href":"https:\/\/retrofitguru.com\/cs\/wp-json\/wp\/v2\/pages\/267\/revisions"}],"wp:attachment":[{"href":"https:\/\/retrofitguru.com\/cs\/wp-json\/wp\/v2\/media?parent=267"}],"curies":[{"name":"wp","href":"https:\/\/api.w.org\/{rel}","templated":true}]}}