{"id":449,"date":"2022-08-28T12:32:40","date_gmt":"2022-08-28T12:32:40","guid":{"rendered":"http:\/\/3.123.173.30\/?page_id=449"},"modified":"2024-07-24T21:34:57","modified_gmt":"2024-07-24T20:34:57","slug":"ochrana-osobnich-udaju","status":"publish","type":"page","link":"https:\/\/retrofitguru.com\/cs\/ochrana-osobnich-udaju\/","title":{"rendered":"Ochrana osobn\u00edch \u00fadaj\u016f"},"content":{"rendered":"\t\t<div data-elementor-type=\"wp-page\" data-elementor-id=\"449\" class=\"elementor elementor-449\" data-elementor-post-type=\"page\">\n\t\t\t\t\t\t<section class=\"elementor-section elementor-top-section elementor-element elementor-element-c4c2943 elementor-section-boxed elementor-section-height-default elementor-section-height-default\" data-id=\"c4c2943\" data-element_type=\"section\" data-e-type=\"section\" data-settings=\"{&quot;background_background&quot;:&quot;classic&quot;}\">\n\t\t\t\t\t\t<div class=\"elementor-container elementor-column-gap-default\">\n\t\t\t\t\t<div class=\"elementor-column elementor-col-100 elementor-top-column elementor-element elementor-element-678171c\" data-id=\"678171c\" data-element_type=\"column\" data-e-type=\"column\">\n\t\t\t<div class=\"elementor-widget-wrap elementor-element-populated\">\n\t\t\t\t\t\t<div class=\"elementor-element elementor-element-4a528fa elementor-widget elementor-widget-text-editor\" data-id=\"4a528fa\" data-element_type=\"widget\" data-e-type=\"widget\" data-widget_type=\"text-editor.default\">\n\t\t\t\t<div class=\"elementor-widget-container\">\n\t\t\t\t\t\t\t\t\t<h1><b>Z\u00e1sady pr\u00e1ce s&nbsp;va\u0161imi \u00fadaji<\/b><\/h1>\n<p><span style=\"font-weight: 400;\">Jsme spole\u010dnost <\/span><b>Retrofitguru s.r.o.<\/b><\/p>\n<p><span style=\"font-weight: 400;\">Provozujeme e-shop na webov\u00fdch str\u00e1nk\u00e1ch retrofitguru.cz<\/span><\/p>\n<p><span style=\"font-weight: 400;\">Pro <\/span><span style=\"font-weight: 400;\">prodej zbo\u017e\u00ed<\/span><span style=\"font-weight: 400;\"> a provoz na\u0161ich webov\u00fdch str\u00e1nek zpracov\u00e1v\u00e1me n\u011bkter\u00e9 osobn\u00ed \u00fadaje.<\/span><\/p>\n<p><span style=\"font-weight: 400;\">Zpracov\u00e1n\u00ed osobn\u00edch \u00fadaj\u016f upravuje zejm\u00e9na na\u0159\u00edzen\u00ed Evropsk\u00e9ho parlamentu a Rady (EU) 2016\/679 ze dne 27. dubna 2016 o ochran\u011b fyzick\u00fdch sobo v&nbsp;souvislosti se zpracov\u00e1n\u00edm osobn\u00edch \u00fadaj\u016f a o voln\u00e9m pohybu t\u011bchto \u00fadaj\u016f a o zru\u0161en\u00ed sm\u011brnice 95\/46\/ES (obecn\u00e9 na\u0159\u00edzen\u00ed o ochran\u011b osobn\u00edch \u00fadaj\u016f) (\u201eGDPR\u201c)<\/span><\/p>\n<h2><span style=\"font-weight: 400;\">Zpracov\u00e1n\u00ed osobn\u00edch \u00fadaj\u016f<\/span><\/h2>\n<ul>\n<li aria-level=\"1\"><b>Zpracov\u00e1n\u00ed osobn\u00edch \u00fadaj\u016f v&nbsp;p\u0159\u00edpad\u011b pou\u017eit\u00ed kontaktn\u00edho formul\u00e1\u0159e<\/b><\/li>\n<\/ul>\n<p><span style=\"font-weight: 400;\">Pokud popt\u00e1v\u00e1te na\u0161e produkty a slu\u017eby, budeme pracovat s va\u0161imi kontaktn\u00edmi \u00fadaji, kter\u00e9 n\u00e1m sd\u011bl\u00edte, hlavn\u011b prost\u0159ednictv\u00edm popt\u00e1vkov\u00e9ho formul\u00e1\u0159e. Jsou to: jm\u00e9no, p\u0159\u00edjmen\u00ed, e-mailov\u00e1 adresa, telefonn\u00ed \u010d\u00edslo, adresa&nbsp;<\/span><\/p>\n<p><span style=\"font-weight: 400;\">Z&nbsp;jak\u00e9ho d\u016fvodu?<\/span><\/p>\n<p><span style=\"font-weight: 400;\">Kontaktujeme v\u00e1s p\u0159es n\u011b pro dal\u0161\u00ed domluvu ohledn\u011b <\/span><span style=\"font-weight: 400;\">zbo\u017e\u00ed.<\/span><\/p>\n<p><span style=\"font-weight: 400;\">Na z\u00e1klad\u011b jak\u00e9ho pr\u00e1vn\u00edho d\u016fvodu?<\/span><\/p>\n<p><span style=\"font-weight: 400;\">Jedn\u00e1 se o zpracov\u00e1n\u00ed na z\u00e1klad\u011b \u010dl. 6 odst. 1 p\u00edsm. b) GDPR \u2013 jedn\u00e1n\u00ed o smlouv\u011b, resp. proveden\u00ed opat\u0159en\u00ed p\u0159ed uzav\u0159en\u00edm smlouvy na va\u0161i \u017e\u00e1dost.<\/span><\/p>\n<p><span style=\"font-weight: 400;\">Jak dlouho budeme osobn\u00ed \u00fadaje zpracov\u00e1vat?<\/span><\/p>\n<p><span style=\"font-weight: 400;\">Pokud nenav\u00e1\u017eeme dal\u0161\u00ed spolupr\u00e1ci, va\u0161e data budeme zpracov\u00e1vat nejd\u00e9le 60 dn\u00ed od na\u0161\u00ed posledn\u00ed komunikace.&nbsp;<\/span><\/p>\n<ul>\n<li aria-level=\"1\"><b>Zpracov\u00e1n\u00ed osobn\u00edch \u00fadaj\u016f v&nbsp;p\u0159\u00edpad\u011b n\u00e1kupu<\/b><\/li>\n<\/ul>\n<p><span style=\"font-weight: 400;\">Pokud u n\u00e1s nakoup\u00edte, budeme pracovat s&nbsp;\u00fadaji, kter\u00e9 n\u00e1m vypln\u00edte. Jsou to hlavn\u011b faktura\u010dn\u00ed \u00fadaje: jm\u00e9no, p\u0159\u00edjmen\u00ed, adresa, telefonn\u00ed \u010d\u00edslo, e-mailov\u00e1 adresa<\/span><\/p>\n<p><span style=\"font-weight: 400;\">Z&nbsp;jak\u00e9ho d\u016fvodu?<\/span><\/p>\n<p><span style=\"font-weight: 400;\">Osobn\u00ed \u00fadaje pot\u0159ebujeme zpracovat, abychom splnili na\u0161i smlouvu \u2013 dodali v\u00e1m na\u0161e <\/span><span style=\"font-weight: 400;\">zbo\u017e\u00ed<\/span><span style=\"font-weight: 400;\">. P\u0159es kontaktn\u00ed \u00fadaje s&nbsp;v\u00e1mi budeme tak\u00e9 komunikovat ohledn\u011b stavu va\u0161\u00ed objedn\u00e1vky, p\u0159\u00edpadn\u011b ohledn\u011b reklamac\u00ed nebo va\u0161ich dotaz\u016f.&nbsp;<\/span><\/p>\n<p><span style=\"font-weight: 400;\">Osobn\u00ed \u00fadaje budeme d\u00e1le zpracov\u00e1vat pro spln\u011bn\u00ed na\u0161ich povinnost\u00ed, kter\u00e9 n\u00e1m plynou ze z\u00e1kona (hlavn\u011b pro \u00fa\u010detn\u00ed a da\u0148ov\u00e9 \u00fa\u010dely, p\u0159\u00edpadn\u011b pro vy\u0159\u00edzen\u00ed reklamac\u00ed a jin\u00e9).<\/span><\/p>\n<p><span style=\"font-weight: 400;\">Na z\u00e1klad\u011b jak\u00e9ho pr\u00e1vn\u00edho d\u016fvodu osobn\u00ed \u00fadaje zpracov\u00e1v\u00e1me?<\/span><\/p>\n<p><span style=\"font-weight: 400;\">Jedn\u00e1 se o zpracov\u00e1n\u00ed na z\u00e1klad\u011b \u010dl. 6 odst. 1 p\u00edsm. b) GDPR \u2013 pln\u011bn\u00ed smlouvy a \u010dl. 6 odst. 1 p\u00edsm. c) GDPR \u2013 pln\u011bn\u00ed na\u0161\u00ed pr\u00e1vn\u00ed povinnosti.<\/span><\/p>\n<p><span style=\"font-weight: 400;\">Jak dlouho budeme osobn\u00ed \u00fadaje zpracov\u00e1vat?<\/span><\/p>\n<p><span style=\"font-weight: 400;\">Po dobu pln\u011bn\u00ed na\u0161\u00ed slu\u017eby a pot\u00e9 10 let od posledn\u00edho poskytnut\u00ed takov\u00e9 slu\u017eby nebo dod\u00e1n\u00ed zbo\u017e\u00ed.<\/span><\/p>\n<h2><span style=\"font-weight: 400;\">Kdo se k dat\u016fm dostane?<\/span><\/h2>\n<p><span style=\"font-weight: 400;\">Va\u0161e data z\u016fstanou u n\u00e1s. P\u0159esto pro n\u00e1s pracuj\u00ed n\u011bkter\u00e9 spole\u010dnosti nebo jin\u00e9 osoby, kter\u00e9 se&nbsp;k&nbsp;dat\u016fm dostanou proto, \u017ee n\u00e1m pom\u00e1haj\u00ed s&nbsp;chodem na\u0161eho e-shopu. Jsou to:<\/span><\/p><ul>\n<li style=\"font-weight: 400;\" aria-level=\"1\"><span style=\"font-weight: 400;\">spole\u010dnosti pod\u00edlej\u00edc\u00ed se na expedici zbo\u017e\u00ed (spole\u010dnost Z\u00e1silkovna s.r.o., se s\u00eddlem \u010ceskomoravsk\u00e1 2408\/1a, Libe\u0148, 190 00 Praha 9, I\u010c: 28408306, zapsan\u00e1 u M\u011bstsk\u00e9ho soudu v Praze, odd\u00edl C, vlo\u017eka 139387)<\/span><\/li>\n<li style=\"font-weight: 400;\" aria-level=\"1\"><span style=\"font-weight: 400;\">spole\u010dnosti pod\u00edlej\u00edc\u00ed se na expedici plateb (spole\u010dnost Z\u00e1silkovna s.r.o., se s\u00eddlem \u010ceskomoravsk\u00e1 2408\/1a, Libe\u0148, 190 00 Praha 9, I\u010c: 28408306, zapsan\u00e1 u M\u011bstsk\u00e9ho soudu v Praze, odd\u00edl C, vlo\u017eka 139387)<\/span><\/li>\n<\/ul>\n<p><span style=\"font-weight: 400;\">Osobn\u00ed \u00fadaje zpracov\u00e1v\u00e1me pouze na \u00fazem\u00ed Evropsk\u00e9 unie.<\/span><\/p>\n<h2><span style=\"font-weight: 400;\">Co byste d\u00e1l m\u011bli v\u011bd\u011bt<\/span><\/h2>\n<p><span style=\"font-weight: 400;\">V&nbsp;na\u0161\u00ed spole\u010dnosti <\/span><span style=\"font-weight: 400;\">nem\u00e1me <\/span><span style=\"font-weight: 400;\">jmenovan\u00e9ho pov\u011b\u0159ence pro ochranu osobn\u00edch \u00fadaj\u016f.<\/span><\/p>\n<p><span style=\"font-weight: 400;\">V&nbsp;na\u0161\u00ed spole\u010dnosti <\/span><span style=\"font-weight: 400;\">nedoch\u00e1z\u00ed<\/span><span style=\"font-weight: 400;\"> k&nbsp;rozhodov\u00e1n\u00ed na z\u00e1klad\u011b automatick\u00e9ho zpracov\u00e1n\u00ed \u010di profilov\u00e1n\u00ed.<\/span><\/p>\n<p><span style=\"font-weight: 400;\">Pokud byste m\u011bli k&nbsp;osobn\u00edm \u00fadaj\u016fm ot\u00e1zky, kontaktujte n\u00e1s na e-mailov\u00e9 adrese info@retrofitguru.cz&nbsp; nebo zavolejte na tel. \u010d. 736 443 413.<\/span><\/p>\n<h2><span style=\"font-weight: 400;\">Pou\u017e\u00edv\u00e1n\u00ed soubor\u016f cookies<\/span><\/h2>\n<p><span style=\"font-weight: 400;\">Cookies jsou textov\u00e9 soubory obsahuj\u00edc\u00ed mal\u00e9 mno\u017estv\u00ed informac\u00ed, kter\u00e9 se p\u0159i n\u00e1v\u0161t\u011bv\u011b na\u0161ich webov\u00fdch str\u00e1nek stahuj\u00ed do Va\u0161eho za\u0159\u00edzen\u00ed. Soubory cookies se n\u00e1sledn\u011b p\u0159i ka\u017ed\u00e9 dal\u0161\u00ed n\u00e1v\u0161t\u011bv\u011b odes\u00edlaj\u00ed zp\u011bt na webovou str\u00e1nku nebo jinou webovou str\u00e1nku, kter\u00e1 je rozpozn\u00e1.&nbsp;<\/span><\/p>\n<p><span style=\"font-weight: 400;\">Soubory cookies pln\u00ed r\u016fzn\u00e9 \u00falohy, nap\u0159\u00edklad umo\u017e\u0148uj\u00ed efektivn\u00ed navigaci mezi webov\u00fdmi str\u00e1nkami, zapamatov\u00e1n\u00ed si Va\u0161ich preferenc\u00ed a celkov\u011b zlep\u0161uj\u00ed zku\u0161enost u\u017eivatele. Dok\u00e1\u017eou tak\u00e9 zajistit, aby reklamy zobrazovan\u00e9 on-line byly l\u00e9pe p\u0159izp\u016fsoben\u00e9 Va\u0161\u00ed osob\u011b a Va\u0161\u00edm z\u00e1jm\u016fm.<\/span><\/p>\n<p><span style=\"font-weight: 400;\">Na webov\u00fdch str\u00e1nk\u00e1ch pou\u017e\u00edv\u00e1me n\u00e1sleduj\u00edc\u00ed cookies:<\/span><\/p>\n<ul>\n<li style=\"font-weight: 400;\" aria-level=\"1\"><b>Nezbytn\u00e9 cookies<\/b><span style=\"font-weight: 400;\">: jsou zapot\u0159eb\u00ed k provozu webov\u00fdch str\u00e1nek, umo\u017e\u0148uj\u00ed nap\u0159\u00edklad p\u0159ihl\u00e1sit se do zabezpe\u010den\u00fdch \u010d\u00e1st\u00ed str\u00e1nek a dal\u0161\u00ed z\u00e1kladn\u00ed funk\u010dnosti str\u00e1nek. Tato kategorie cookies se ned\u00e1 zak\u00e1zat.<\/span><\/li>\n<li style=\"font-weight: 400;\" aria-level=\"1\"><b>Analytick\u00e9\/statistick\u00e9 cookies<\/b><span style=\"font-weight: 400;\">: umo\u017e\u0148uj\u00ed n\u00e1m nap\u0159\u00edklad rozpoznat a zjistit po\u010det n\u00e1v\u0161t\u011bvn\u00edk\u016f a sledovat, jak na\u0161i n\u00e1v\u0161t\u011bvn\u00edci pou\u017e\u00edvaj\u00ed webov\u00e9 str\u00e1nky. Pom\u00e1haj\u00ed n\u00e1m zlep\u0161ovat zp\u016fsob, jak\u00fdm str\u00e1nky funguj\u00ed, nap\u0159\u00edklad tak, \u017ee umo\u017e\u0148uj\u00ed u\u017eivatel\u016fm snadno naj\u00edt to, co hledaj\u00ed. Tyto soubory spou\u0161t\u00edme pouze s&nbsp;Va\u0161\u00edm p\u0159edchoz\u00edm souhlasem.<\/span><\/li>\n<li style=\"font-weight: 400;\" aria-level=\"1\"><b>Reklamn\u00ed cookies:<\/b><span style=\"font-weight: 400;\"> pou\u017e\u00edvaj\u00ed se ke sledov\u00e1n\u00ed preferenc\u00ed a umo\u017e\u0148uj\u00ed zobrazit reklamu a dal\u0161\u00ed obsah, kter\u00e9 nejl\u00e9pe odpov\u00eddaj\u00ed va\u0161emu z\u00e1jmu a online chov\u00e1n\u00ed. Tyto soubory spou\u0161t\u00edme pouze s&nbsp;Va\u0161\u00edm p\u0159edchoz\u00edm souhlasem.<\/span><\/li>\n<\/ul>\n<p><span style=\"font-weight: 400;\">Upozor\u0148ujeme, \u017ee t\u0159et\u00ed strany (v\u010detn\u011b nap\u0159. poskytovatel\u016f extern\u00edch slu\u017eeb) mohou rovn\u011b\u017e pou\u017e\u00edvat cookies a\/nebo p\u0159istupovat k \u00fadaj\u016fm shroma\u017e\u010fovan\u00fdm cookies na webov\u00fdch str\u00e1nk\u00e1ch.<\/span><\/p>\n<p><span style=\"font-weight: 400;\">Dal\u0161\u00ed informace o cookies a jejich aktu\u00e1ln\u00ed seznam naleznete prost\u0159ednictv\u00edm jednotliv\u00fdch internetov\u00fdch prohl\u00ed\u017ee\u010d\u016f, nej\u010dast\u011bji v polo\u017ece&nbsp;N\u00e1stroje pro v\u00fdvoj\u00e1\u0159e.<\/span><\/p>\n<p><span style=\"font-weight: 400;\">Souhlas m\u016f\u017ee b\u00fdt vyj\u00e1d\u0159en prost\u0159ednictv\u00edm za\u0161krt\u00e1vac\u00edho pol\u00ed\u010dka obsa\u017een\u00e9ho v tzv. cookie li\u0161t\u011b. Soubory cookies m\u016f\u017eete i n\u00e1sledn\u011b v nastaven\u00ed sv\u00e9ho internetov\u00e9ho prohl\u00ed\u017ee\u010de odm\u00edtnout, nebo si nastavit u\u017e\u00edv\u00e1n\u00ed jen n\u011bkter\u00fdch.<\/span><\/p>\n<p><span style=\"font-weight: 400;\">Dal\u0161\u00ed informace o spr\u00e1v\u011b cookies v jednotliv\u00fdch prohl\u00ed\u017ee\u010d\u00edch naleznete na n\u00e1sleduj\u00edc\u00edch odkazech:<\/span><\/p>\n<ul>\n<li style=\"font-weight: 400;\" aria-level=\"1\"><span style=\"font-weight: 400;\">Internet Explorer &#8211;&nbsp;<\/span><a href=\"https:\/\/support.microsoft.com\/cs-cz\/help\/17442\/windows-internet-explorer-delete-manage-cookies\"><span style=\"font-weight: 400;\">https:\/\/support.microsoft.com\/cs-cz\/help\/17442\/windows-internet-explorer-delete-manage-cookies<\/span><\/a><span style=\"font-weight: 400;\">&nbsp;<\/span><\/li>\n<li style=\"font-weight: 400;\" aria-level=\"1\"><span style=\"font-weight: 400;\">Google Chrome &#8211;&nbsp;<\/span><a href=\"https:\/\/support.google.com\/chrome\/answer\/95647?co=GENIE.Platform%3DDesktop&amp;hl=cs\"><span style=\"font-weight: 400;\">https:\/\/support.google.com\/chrome\/answer\/95647?co=GENIE.Platform%3DDesktop&amp;hl=cs<\/span><\/a><span style=\"font-weight: 400;\">&nbsp;<\/span><\/li>\n<li style=\"font-weight: 400;\" aria-level=\"1\"><span style=\"font-weight: 400;\">Firefox &#8211;&nbsp;<\/span><a href=\"https:\/\/support.mozilla.org\/cs\/kb\/povoleni-zakazani-cookies\"><span style=\"font-weight: 400;\">https:\/\/support.mozilla.org\/cs\/kb\/povoleni-zakazani-cookies<\/span><\/a><span style=\"font-weight: 400;\">&nbsp;<\/span><\/li>\n<li style=\"font-weight: 400;\" aria-level=\"1\"><span style=\"font-weight: 400;\">Safari &#8211;&nbsp;<\/span><a href=\"https:\/\/support.apple.com\/cs-cz\/guide\/safari\/sfri11471\/mac\"><span style=\"font-weight: 400;\">https:\/\/support.apple.com\/cs-cz\/guide\/safari\/sfri11471\/mac<\/span><\/a><span style=\"font-weight: 400;\">&nbsp;<\/span><\/li>\n<li style=\"font-weight: 400;\" aria-level=\"1\"><span style=\"font-weight: 400;\">Opera &#8211;&nbsp;<\/span><a href=\"https:\/\/help.opera.com\/cs\/latest\/security-and-privacy\/\"><span style=\"font-weight: 400;\">https:\/\/help.opera.com\/cs\/latest\/security-and-privacy\/<\/span><\/a><span style=\"font-weight: 400;\">&nbsp;<\/span><\/li>\n<li style=\"font-weight: 400;\" aria-level=\"1\"><span style=\"font-weight: 400;\">Microsoft Edge &#8211;&nbsp;<\/span><a href=\"https:\/\/docs.microsoft.com\/cs-cz\/sccm\/compliance\/deploy-use\/browser-profiles\"><span style=\"font-weight: 400;\">https:\/\/docs.microsoft.com\/cs-cz\/sccm\/compliance\/deploy-use\/browser-profiles<\/span><\/a><span style=\"font-weight: 400;\">&nbsp;<\/span><\/li>\n<\/ul>\n<h2><span style=\"font-weight: 400;\">Va\u0161e pr\u00e1va v&nbsp;souvislosti se zpracov\u00e1n\u00edm osobn\u00edch \u00fadaj\u016f<\/span><\/h2>\n<p><span style=\"font-weight: 400;\">Na\u0159\u00edzen\u00ed GDPR v\u00e1m d\u00e1v\u00e1 mimo jin\u00e9 pr\u00e1vo obr\u00e1tit se na n\u00e1s a cht\u00edt informace, jak\u00e9 va\u0161e osobn\u00ed \u00fadaje zpracov\u00e1v\u00e1me, vy\u017e\u00e1dat si u n\u00e1s p\u0159\u00edstup k&nbsp;t\u011bmto \u00fadaj\u016fm a nechat je aktualizovat nebo opravit, pop\u0159\u00edpad\u011b po\u017eadovat omezen\u00ed zpracov\u00e1n\u00ed, m\u016f\u017eete po\u017eadovat kopii zpracov\u00e1van\u00fdch osobn\u00edch \u00fadaj\u016f, po\u017eadovat po n\u00e1s v&nbsp;ur\u010dit\u00fdch situac\u00edch v\u00fdmaz osobn\u00edch \u00fadaj\u016f a v&nbsp;ur\u010dit\u00fdch p\u0159\u00edpadech m\u00e1te pr\u00e1vo na jejich p\u0159enositelnost. Proti zpracov\u00e1n\u00ed na z\u00e1klad\u011b opr\u00e1vn\u011bn\u00e9ho z\u00e1jmu lze vzn\u00e9st n\u00e1mitku.&nbsp;<\/span><\/p>\n<p><span style=\"font-weight: 400;\">Pokud si mysl\u00edte, \u017ee s&nbsp;daty nenakl\u00e1d\u00e1me spr\u00e1vn\u011b, m\u00e1te pr\u00e1vo podat st\u00ed\u017enost u <\/span><a href=\"http:\/\/www.uoou.cz\/\"><span style=\"font-weight: 400;\">\u00da\u0159adu pro ochranu osobn\u00edch \u00fadaj\u016f<\/span><\/a><span style=\"font-weight: 400;\">, p\u0159\u00edpadn\u011b se se sv\u00fdmi n\u00e1roky obr\u00e1tit na soud.<\/span><\/p>\n<p><span style=\"font-weight: 400;\">Tyto podm\u00ednky jsou \u00fa\u010dinn\u00e9 od 13.12.2022.<\/span><\/p>\t\t\t\t\t\t\t\t<\/div>\n\t\t\t\t<\/div>\n\t\t\t\t\t<\/div>\n\t\t<\/div>\n\t\t\t\t\t<\/div>\n\t\t<\/section>\n\t\t\t\t<\/div>\n\t\t","protected":false},"excerpt":{"rendered":"<p>Z\u00e1sady pr\u00e1ce s&nbsp;va\u0161imi \u00fadaji Jsme spole\u010dnost Retrofitguru s.r.o. Provozujeme e-shop na webov\u00fdch str\u00e1nk\u00e1ch retrofitguru.cz Pro prodej zbo\u017e\u00ed a provoz na\u0161ich webov\u00fdch str\u00e1nek zpracov\u00e1v\u00e1me n\u011bkter\u00e9 osobn\u00ed \u00fadaje. Zpracov\u00e1n\u00ed osobn\u00edch \u00fadaj\u016f upravuje zejm\u00e9na na\u0159\u00edzen\u00ed Evropsk\u00e9ho parlamentu a Rady (EU) 2016\/679 ze dne 27. dubna 2016 o ochran\u011b fyzick\u00fdch sobo v&nbsp;souvislosti se zpracov\u00e1n\u00edm osobn\u00edch \u00fadaj\u016f a o voln\u00e9m [&hellip;]<\/p>\n","protected":false},"author":1,"featured_media":0,"parent":0,"menu_order":0,"comment_status":"closed","ping_status":"closed","template":"elementor_header_footer","meta":{"footnotes":""},"class_list":["post-449","page","type-page","status-publish","hentry"],"yoast_head":"<!-- This site is optimized with the Yoast SEO plugin v27.3 - https:\/\/yoast.com\/product\/yoast-seo-wordpress\/ -->\n<title>Ochrana osobn\u00edch \u00fadaj\u016f - Retrofit Guru<\/title>\n<meta name=\"robots\" content=\"index, follow, max-snippet:-1, max-image-preview:large, max-video-preview:-1\" \/>\n<link rel=\"canonical\" href=\"https:\/\/retrofitguru.com\/cs\/ochrana-osobnich-udaju\/\" \/>\n<meta property=\"og:locale\" content=\"cs_CZ\" \/>\n<meta property=\"og:type\" content=\"article\" \/>\n<meta property=\"og:title\" content=\"Ochrana osobn\u00edch \u00fadaj\u016f - Retrofit Guru\" \/>\n<meta property=\"og:description\" content=\"Z\u00e1sady pr\u00e1ce s&nbsp;va\u0161imi \u00fadaji Jsme spole\u010dnost Retrofitguru s.r.o. Provozujeme e-shop na webov\u00fdch str\u00e1nk\u00e1ch retrofitguru.cz Pro prodej zbo\u017e\u00ed a provoz na\u0161ich webov\u00fdch str\u00e1nek zpracov\u00e1v\u00e1me n\u011bkter\u00e9 osobn\u00ed \u00fadaje. Zpracov\u00e1n\u00ed osobn\u00edch \u00fadaj\u016f upravuje zejm\u00e9na na\u0159\u00edzen\u00ed Evropsk\u00e9ho parlamentu a Rady (EU) 2016\/679 ze dne 27. dubna 2016 o ochran\u011b fyzick\u00fdch sobo v&nbsp;souvislosti se zpracov\u00e1n\u00edm osobn\u00edch \u00fadaj\u016f a o voln\u00e9m [&hellip;]\" \/>\n<meta property=\"og:url\" content=\"https:\/\/retrofitguru.com\/cs\/ochrana-osobnich-udaju\/\" \/>\n<meta property=\"og:site_name\" content=\"Retrofit Guru\" \/>\n<meta property=\"article:publisher\" content=\"https:\/\/www.facebook.com\/RetrofitGuru\" \/>\n<meta property=\"article:modified_time\" content=\"2024-07-24T20:34:57+00:00\" \/>\n<meta name=\"twitter:card\" content=\"summary_large_image\" \/>\n<meta name=\"twitter:label1\" content=\"Odhadovan\u00e1 doba \u010dten\u00ed\" \/>\n\t<meta name=\"twitter:data1\" content=\"5 minut\" \/>\n<script type=\"application\/ld+json\" class=\"yoast-schema-graph\">{\"@context\":\"https:\\\/\\\/schema.org\",\"@graph\":[{\"@type\":\"WebPage\",\"@id\":\"https:\\\/\\\/retrofitguru.com\\\/en\\\/gdpr\\\/\",\"url\":\"https:\\\/\\\/retrofitguru.com\\\/en\\\/gdpr\\\/\",\"name\":\"Ochrana osobn\u00edch \u00fadaj\u016f - Retrofit Guru\",\"isPartOf\":{\"@id\":\"https:\\\/\\\/retrofitguru.com\\\/en\\\/#website\"},\"datePublished\":\"2022-08-28T12:32:40+00:00\",\"dateModified\":\"2024-07-24T20:34:57+00:00\",\"breadcrumb\":{\"@id\":\"https:\\\/\\\/retrofitguru.com\\\/en\\\/gdpr\\\/#breadcrumb\"},\"inLanguage\":\"cs\",\"potentialAction\":[{\"@type\":\"ReadAction\",\"target\":[\"https:\\\/\\\/retrofitguru.com\\\/en\\\/gdpr\\\/\"]}]},{\"@type\":\"BreadcrumbList\",\"@id\":\"https:\\\/\\\/retrofitguru.com\\\/en\\\/gdpr\\\/#breadcrumb\",\"itemListElement\":[{\"@type\":\"ListItem\",\"position\":1,\"name\":\"Dom\u016f\",\"item\":\"https:\\\/\\\/retrofitguru.com\\\/en\\\/\"},{\"@type\":\"ListItem\",\"position\":2,\"name\":\"Ochrana osobn\u00edch \u00fadaj\u016f\"}]},{\"@type\":\"WebSite\",\"@id\":\"https:\\\/\\\/retrofitguru.com\\\/en\\\/#website\",\"url\":\"https:\\\/\\\/retrofitguru.com\\\/en\\\/\",\"name\":\"Retrofit Guru\",\"description\":\"Prod\u00e1v\u00e1me sady pro p\u0159estavbu xenonov\u00fdch sv\u011btel na modern\u011bj\u0161\u00ed Bi-xenonov\u00e9.\",\"publisher\":{\"@id\":\"https:\\\/\\\/retrofitguru.com\\\/en\\\/#organization\"},\"alternateName\":\"Retrofiguru\",\"potentialAction\":[{\"@type\":\"SearchAction\",\"target\":{\"@type\":\"EntryPoint\",\"urlTemplate\":\"https:\\\/\\\/retrofitguru.com\\\/en\\\/?s={search_term_string}\"},\"query-input\":{\"@type\":\"PropertyValueSpecification\",\"valueRequired\":true,\"valueName\":\"search_term_string\"}}],\"inLanguage\":\"cs\"},{\"@type\":\"Organization\",\"@id\":\"https:\\\/\\\/retrofitguru.com\\\/en\\\/#organization\",\"name\":\"RetrofitGuru\",\"url\":\"https:\\\/\\\/retrofitguru.com\\\/en\\\/\",\"logo\":{\"@type\":\"ImageObject\",\"inLanguage\":\"cs\",\"@id\":\"https:\\\/\\\/retrofitguru.com\\\/en\\\/#\\\/schema\\\/logo\\\/image\\\/\",\"url\":\"https:\\\/\\\/www.retrofitguru.com\\\/wp-content\\\/uploads\\\/2022\\\/06\\\/Untitled-2-4.svg\",\"contentUrl\":\"https:\\\/\\\/www.retrofitguru.com\\\/wp-content\\\/uploads\\\/2022\\\/06\\\/Untitled-2-4.svg\",\"width\":1000,\"height\":1000,\"caption\":\"RetrofitGuru\"},\"image\":{\"@id\":\"https:\\\/\\\/retrofitguru.com\\\/en\\\/#\\\/schema\\\/logo\\\/image\\\/\"},\"sameAs\":[\"https:\\\/\\\/www.facebook.com\\\/RetrofitGuru\",\"https:\\\/\\\/www.instagram.com\\\/retrofitguru\\\/\"]}]}<\/script>\n<!-- \/ Yoast SEO plugin. -->","yoast_head_json":{"title":"Ochrana osobn\u00edch \u00fadaj\u016f - Retrofit Guru","robots":{"index":"index","follow":"follow","max-snippet":"max-snippet:-1","max-image-preview":"max-image-preview:large","max-video-preview":"max-video-preview:-1"},"canonical":"https:\/\/retrofitguru.com\/cs\/ochrana-osobnich-udaju\/","og_locale":"cs_CZ","og_type":"article","og_title":"Ochrana osobn\u00edch \u00fadaj\u016f - Retrofit Guru","og_description":"Z\u00e1sady pr\u00e1ce s&nbsp;va\u0161imi \u00fadaji Jsme spole\u010dnost Retrofitguru s.r.o. Provozujeme e-shop na webov\u00fdch str\u00e1nk\u00e1ch retrofitguru.cz Pro prodej zbo\u017e\u00ed a provoz na\u0161ich webov\u00fdch str\u00e1nek zpracov\u00e1v\u00e1me n\u011bkter\u00e9 osobn\u00ed \u00fadaje. Zpracov\u00e1n\u00ed osobn\u00edch \u00fadaj\u016f upravuje zejm\u00e9na na\u0159\u00edzen\u00ed Evropsk\u00e9ho parlamentu a Rady (EU) 2016\/679 ze dne 27. dubna 2016 o ochran\u011b fyzick\u00fdch sobo v&nbsp;souvislosti se zpracov\u00e1n\u00edm osobn\u00edch \u00fadaj\u016f a o voln\u00e9m [&hellip;]","og_url":"https:\/\/retrofitguru.com\/cs\/ochrana-osobnich-udaju\/","og_site_name":"Retrofit Guru","article_publisher":"https:\/\/www.facebook.com\/RetrofitGuru","article_modified_time":"2024-07-24T20:34:57+00:00","twitter_card":"summary_large_image","twitter_misc":{"Odhadovan\u00e1 doba \u010dten\u00ed":"5 minut"},"schema":{"@context":"https:\/\/schema.org","@graph":[{"@type":"WebPage","@id":"https:\/\/retrofitguru.com\/en\/gdpr\/","url":"https:\/\/retrofitguru.com\/en\/gdpr\/","name":"Ochrana osobn\u00edch \u00fadaj\u016f - Retrofit Guru","isPartOf":{"@id":"https:\/\/retrofitguru.com\/en\/#website"},"datePublished":"2022-08-28T12:32:40+00:00","dateModified":"2024-07-24T20:34:57+00:00","breadcrumb":{"@id":"https:\/\/retrofitguru.com\/en\/gdpr\/#breadcrumb"},"inLanguage":"cs","potentialAction":[{"@type":"ReadAction","target":["https:\/\/retrofitguru.com\/en\/gdpr\/"]}]},{"@type":"BreadcrumbList","@id":"https:\/\/retrofitguru.com\/en\/gdpr\/#breadcrumb","itemListElement":[{"@type":"ListItem","position":1,"name":"Dom\u016f","item":"https:\/\/retrofitguru.com\/en\/"},{"@type":"ListItem","position":2,"name":"Ochrana osobn\u00edch \u00fadaj\u016f"}]},{"@type":"WebSite","@id":"https:\/\/retrofitguru.com\/en\/#website","url":"https:\/\/retrofitguru.com\/en\/","name":"Retrofit Guru","description":"Prod\u00e1v\u00e1me sady pro p\u0159estavbu xenonov\u00fdch sv\u011btel na modern\u011bj\u0161\u00ed Bi-xenonov\u00e9.","publisher":{"@id":"https:\/\/retrofitguru.com\/en\/#organization"},"alternateName":"Retrofiguru","potentialAction":[{"@type":"SearchAction","target":{"@type":"EntryPoint","urlTemplate":"https:\/\/retrofitguru.com\/en\/?s={search_term_string}"},"query-input":{"@type":"PropertyValueSpecification","valueRequired":true,"valueName":"search_term_string"}}],"inLanguage":"cs"},{"@type":"Organization","@id":"https:\/\/retrofitguru.com\/en\/#organization","name":"RetrofitGuru","url":"https:\/\/retrofitguru.com\/en\/","logo":{"@type":"ImageObject","inLanguage":"cs","@id":"https:\/\/retrofitguru.com\/en\/#\/schema\/logo\/image\/","url":"https:\/\/www.retrofitguru.com\/wp-content\/uploads\/2022\/06\/Untitled-2-4.svg","contentUrl":"https:\/\/www.retrofitguru.com\/wp-content\/uploads\/2022\/06\/Untitled-2-4.svg","width":1000,"height":1000,"caption":"RetrofitGuru"},"image":{"@id":"https:\/\/retrofitguru.com\/en\/#\/schema\/logo\/image\/"},"sameAs":["https:\/\/www.facebook.com\/RetrofitGuru","https:\/\/www.instagram.com\/retrofitguru\/"]}]}},"_links":{"self":[{"href":"https:\/\/retrofitguru.com\/cs\/wp-json\/wp\/v2\/pages\/449","targetHints":{"allow":["GET"]}}],"collection":[{"href":"https:\/\/retrofitguru.com\/cs\/wp-json\/wp\/v2\/pages"}],"about":[{"href":"https:\/\/retrofitguru.com\/cs\/wp-json\/wp\/v2\/types\/page"}],"author":[{"embeddable":true,"href":"https:\/\/retrofitguru.com\/cs\/wp-json\/wp\/v2\/users\/1"}],"replies":[{"embeddable":true,"href":"https:\/\/retrofitguru.com\/cs\/wp-json\/wp\/v2\/comments?post=449"}],"version-history":[{"count":0,"href":"https:\/\/retrofitguru.com\/cs\/wp-json\/wp\/v2\/pages\/449\/revisions"}],"wp:attachment":[{"href":"https:\/\/retrofitguru.com\/cs\/wp-json\/wp\/v2\/media?parent=449"}],"curies":[{"name":"wp","href":"https:\/\/api.w.org\/{rel}","templated":true}]}}