{"id":66,"date":"2022-06-23T21:25:05","date_gmt":"2022-06-23T21:25:05","guid":{"rendered":"http:\/\/3.123.173.30\/cart-2\/"},"modified":"2023-02-06T20:55:10","modified_gmt":"2023-02-06T19:55:10","slug":"kosik","status":"publish","type":"page","link":"https:\/\/retrofitguru.com\/cs\/kosik\/","title":{"rendered":"Ko\u0161\u00edk"},"content":{"rendered":"\t\t<div data-elementor-type=\"wp-page\" data-elementor-id=\"66\" class=\"elementor elementor-66\" data-elementor-post-type=\"page\">\n\t\t\t\t\t\t<section class=\"elementor-section elementor-top-section elementor-element elementor-element-5b934728 elementor-section-full_width elementor-section-height-default elementor-section-height-default\" data-id=\"5b934728\" data-element_type=\"section\" data-e-type=\"section\" data-settings=\"{&quot;background_background&quot;:&quot;classic&quot;}\">\n\t\t\t\t\t\t<div class=\"elementor-container elementor-column-gap-default\">\n\t\t\t\t\t<div class=\"elementor-column elementor-col-100 elementor-top-column elementor-element elementor-element-64cace66\" data-id=\"64cace66\" data-element_type=\"column\" data-e-type=\"column\" data-settings=\"{&quot;background_background&quot;:&quot;classic&quot;}\">\n\t\t\t<div class=\"elementor-widget-wrap elementor-element-populated\">\n\t\t\t\t\t\t<div class=\"elementor-element elementor-element-026aeeb elementor-widget elementor-widget-heading\" data-id=\"026aeeb\" data-element_type=\"widget\" data-e-type=\"widget\" data-widget_type=\"heading.default\">\n\t\t\t\t<div class=\"elementor-widget-container\">\n\t\t\t\t\t<h1 class=\"elementor-heading-title elementor-size-default\">Ko\u0161\u00edk<\/h1>\t\t\t\t<\/div>\n\t\t\t\t<\/div>\n\t\t\t\t\t<\/div>\n\t\t<\/div>\n\t\t\t\t\t<\/div>\n\t\t<\/section>\n\t\t\t\t<\/div>\n\t\t","protected":false},"excerpt":{"rendered":"<p>Ko\u0161\u00edk Odstranit polo\u017eku Thumbnail image Produkt Cena Mno\u017estv\u00ed Mezisou\u010det &times; Octavia 1 | Bi-xenon sada 3 500&nbsp;&#75;&#269; Octavia 1 | Bi-xenon sada mno\u017estv\u00ed 10 500&nbsp;&#75;&#269; Ko\u0161\u00edk celkem Mezisou\u010det 10 500&nbsp;&#75;&#269; Doprava CZ Z\u00e1silkovna v\u00fddejn\u00ed m\u00edsta: 79&nbsp;&#75;&#269; CZ Z\u00e1silkovna dom\u016f HD: 110&nbsp;&#75;&#269; P\u0159eprava do test, 53304 test. Zm\u011bnit adresu Country \/ region: Vyberte zemi \/ region&hellip;Afgh\u00e1nist\u00e1n\u00c5landsk\u00e9 [&hellip;]<\/p>\n","protected":false},"author":1,"featured_media":0,"parent":0,"menu_order":0,"comment_status":"closed","ping_status":"closed","template":"elementor_header_footer","meta":{"footnotes":""},"class_list":["post-66","page","type-page","status-publish","hentry"],"yoast_head":"<!-- This site is optimized with the Yoast SEO plugin v27.3 - https:\/\/yoast.com\/product\/yoast-seo-wordpress\/ -->\n<title>Ko\u0161\u00edk - Retrofit Guru<\/title>\n<meta name=\"robots\" content=\"index, follow, max-snippet:-1, max-image-preview:large, max-video-preview:-1\" \/>\n<link rel=\"canonical\" href=\"https:\/\/retrofitguru.com\/cs\/kosik\/\" \/>\n<meta property=\"og:locale\" content=\"cs_CZ\" \/>\n<meta property=\"og:type\" content=\"article\" \/>\n<meta property=\"og:title\" content=\"Ko\u0161\u00edk - Retrofit Guru\" \/>\n<meta property=\"og:description\" content=\"Ko\u0161\u00edk Odstranit polo\u017eku Thumbnail image Produkt Cena Mno\u017estv\u00ed Mezisou\u010det &times; Octavia 1 | Bi-xenon sada 3 500&nbsp;&#075;&#269; Octavia 1 | Bi-xenon sada mno\u017estv\u00ed 10 500&nbsp;&#075;&#269; Ko\u0161\u00edk celkem Mezisou\u010det 10 500&nbsp;&#075;&#269; Doprava CZ Z\u00e1silkovna v\u00fddejn\u00ed m\u00edsta: 79&nbsp;&#075;&#269; CZ Z\u00e1silkovna dom\u016f HD: 110&nbsp;&#075;&#269; P\u0159eprava do test, 53304 test. Zm\u011bnit adresu Country \/ region: Vyberte zemi \/ region&hellip;Afgh\u00e1nist\u00e1n\u00c5landsk\u00e9 [&hellip;]\" \/>\n<meta property=\"og:url\" content=\"https:\/\/retrofitguru.com\/cs\/kosik\/\" \/>\n<meta property=\"og:site_name\" content=\"Retrofit Guru\" \/>\n<meta property=\"article:publisher\" content=\"https:\/\/www.facebook.com\/RetrofitGuru\" \/>\n<meta property=\"article:modified_time\" content=\"2023-02-06T19:55:10+00:00\" \/>\n<meta property=\"og:image\" content=\"http:\/\/retrofitguru.com\/wp-content\/uploads\/2022\/07\/Octavia-1-1-300x300.webp\" \/>\n<meta name=\"twitter:card\" content=\"summary_large_image\" \/>\n<meta name=\"twitter:label1\" content=\"Odhadovan\u00e1 doba \u010dten\u00ed\" \/>\n\t<meta name=\"twitter:data1\" content=\"3 minuty\" \/>\n<script type=\"application\/ld+json\" class=\"yoast-schema-graph\">{\"@context\":\"https:\\\/\\\/schema.org\",\"@graph\":[{\"@type\":\"WebPage\",\"@id\":\"https:\\\/\\\/retrofitguru.com\\\/cs\\\/kosik\\\/\",\"url\":\"https:\\\/\\\/retrofitguru.com\\\/cs\\\/kosik\\\/\",\"name\":\"Ko\u0161\u00edk - Retrofit Guru\",\"isPartOf\":{\"@id\":\"https:\\\/\\\/retrofitguru.com\\\/en\\\/#website\"},\"primaryImageOfPage\":{\"@id\":\"https:\\\/\\\/retrofitguru.com\\\/cs\\\/kosik\\\/#primaryimage\"},\"image\":{\"@id\":\"https:\\\/\\\/retrofitguru.com\\\/cs\\\/kosik\\\/#primaryimage\"},\"thumbnailUrl\":\"http:\\\/\\\/retrofitguru.com\\\/wp-content\\\/uploads\\\/2022\\\/07\\\/Octavia-1-1-300x300.webp\",\"datePublished\":\"2022-06-23T21:25:05+00:00\",\"dateModified\":\"2023-02-06T19:55:10+00:00\",\"breadcrumb\":{\"@id\":\"https:\\\/\\\/retrofitguru.com\\\/cs\\\/kosik\\\/#breadcrumb\"},\"inLanguage\":\"cs\",\"potentialAction\":[{\"@type\":\"ReadAction\",\"target\":[\"https:\\\/\\\/retrofitguru.com\\\/cs\\\/kosik\\\/\"]}]},{\"@type\":\"ImageObject\",\"inLanguage\":\"cs\",\"@id\":\"https:\\\/\\\/retrofitguru.com\\\/cs\\\/kosik\\\/#primaryimage\",\"url\":\"http:\\\/\\\/retrofitguru.com\\\/wp-content\\\/uploads\\\/2022\\\/07\\\/Octavia-1-1-300x300.webp\",\"contentUrl\":\"http:\\\/\\\/retrofitguru.com\\\/wp-content\\\/uploads\\\/2022\\\/07\\\/Octavia-1-1-300x300.webp\"},{\"@type\":\"BreadcrumbList\",\"@id\":\"https:\\\/\\\/retrofitguru.com\\\/cs\\\/kosik\\\/#breadcrumb\",\"itemListElement\":[{\"@type\":\"ListItem\",\"position\":1,\"name\":\"Dom\u016f\",\"item\":\"https:\\\/\\\/retrofitguru.com\\\/en\\\/\"},{\"@type\":\"ListItem\",\"position\":2,\"name\":\"Ko\u0161\u00edk\"}]},{\"@type\":\"WebSite\",\"@id\":\"https:\\\/\\\/retrofitguru.com\\\/en\\\/#website\",\"url\":\"https:\\\/\\\/retrofitguru.com\\\/en\\\/\",\"name\":\"Retrofit Guru\",\"description\":\"Prod\u00e1v\u00e1me sady pro p\u0159estavbu xenonov\u00fdch sv\u011btel na modern\u011bj\u0161\u00ed Bi-xenonov\u00e9.\",\"publisher\":{\"@id\":\"https:\\\/\\\/retrofitguru.com\\\/en\\\/#organization\"},\"alternateName\":\"Retrofiguru\",\"potentialAction\":[{\"@type\":\"SearchAction\",\"target\":{\"@type\":\"EntryPoint\",\"urlTemplate\":\"https:\\\/\\\/retrofitguru.com\\\/en\\\/?s={search_term_string}\"},\"query-input\":{\"@type\":\"PropertyValueSpecification\",\"valueRequired\":true,\"valueName\":\"search_term_string\"}}],\"inLanguage\":\"cs\"},{\"@type\":\"Organization\",\"@id\":\"https:\\\/\\\/retrofitguru.com\\\/en\\\/#organization\",\"name\":\"RetrofitGuru\",\"url\":\"https:\\\/\\\/retrofitguru.com\\\/en\\\/\",\"logo\":{\"@type\":\"ImageObject\",\"inLanguage\":\"cs\",\"@id\":\"https:\\\/\\\/retrofitguru.com\\\/en\\\/#\\\/schema\\\/logo\\\/image\\\/\",\"url\":\"https:\\\/\\\/www.retrofitguru.com\\\/wp-content\\\/uploads\\\/2022\\\/06\\\/Untitled-2-4.svg\",\"contentUrl\":\"https:\\\/\\\/www.retrofitguru.com\\\/wp-content\\\/uploads\\\/2022\\\/06\\\/Untitled-2-4.svg\",\"width\":1000,\"height\":1000,\"caption\":\"RetrofitGuru\"},\"image\":{\"@id\":\"https:\\\/\\\/retrofitguru.com\\\/en\\\/#\\\/schema\\\/logo\\\/image\\\/\"},\"sameAs\":[\"https:\\\/\\\/www.facebook.com\\\/RetrofitGuru\",\"https:\\\/\\\/www.instagram.com\\\/retrofitguru\\\/\"]}]}<\/script>\n<!-- \/ Yoast SEO plugin. -->","yoast_head_json":{"title":"Ko\u0161\u00edk - Retrofit Guru","robots":{"index":"index","follow":"follow","max-snippet":"max-snippet:-1","max-image-preview":"max-image-preview:large","max-video-preview":"max-video-preview:-1"},"canonical":"https:\/\/retrofitguru.com\/cs\/kosik\/","og_locale":"cs_CZ","og_type":"article","og_title":"Ko\u0161\u00edk - Retrofit Guru","og_description":"Ko\u0161\u00edk Odstranit polo\u017eku Thumbnail image Produkt Cena Mno\u017estv\u00ed Mezisou\u010det &times; Octavia 1 | Bi-xenon sada 3 500&nbsp;&#75;&#269; Octavia 1 | Bi-xenon sada mno\u017estv\u00ed 10 500&nbsp;&#75;&#269; Ko\u0161\u00edk celkem Mezisou\u010det 10 500&nbsp;&#75;&#269; Doprava CZ Z\u00e1silkovna v\u00fddejn\u00ed m\u00edsta: 79&nbsp;&#75;&#269; CZ Z\u00e1silkovna dom\u016f HD: 110&nbsp;&#75;&#269; P\u0159eprava do test, 53304 test. Zm\u011bnit adresu Country \/ region: Vyberte zemi \/ region&hellip;Afgh\u00e1nist\u00e1n\u00c5landsk\u00e9 [&hellip;]","og_url":"https:\/\/retrofitguru.com\/cs\/kosik\/","og_site_name":"Retrofit Guru","article_publisher":"https:\/\/www.facebook.com\/RetrofitGuru","article_modified_time":"2023-02-06T19:55:10+00:00","og_image":[{"url":"http:\/\/retrofitguru.com\/wp-content\/uploads\/2022\/07\/Octavia-1-1-300x300.webp","type":"","width":"","height":""}],"twitter_card":"summary_large_image","twitter_misc":{"Odhadovan\u00e1 doba \u010dten\u00ed":"3 minuty"},"schema":{"@context":"https:\/\/schema.org","@graph":[{"@type":"WebPage","@id":"https:\/\/retrofitguru.com\/cs\/kosik\/","url":"https:\/\/retrofitguru.com\/cs\/kosik\/","name":"Ko\u0161\u00edk - Retrofit Guru","isPartOf":{"@id":"https:\/\/retrofitguru.com\/en\/#website"},"primaryImageOfPage":{"@id":"https:\/\/retrofitguru.com\/cs\/kosik\/#primaryimage"},"image":{"@id":"https:\/\/retrofitguru.com\/cs\/kosik\/#primaryimage"},"thumbnailUrl":"http:\/\/retrofitguru.com\/wp-content\/uploads\/2022\/07\/Octavia-1-1-300x300.webp","datePublished":"2022-06-23T21:25:05+00:00","dateModified":"2023-02-06T19:55:10+00:00","breadcrumb":{"@id":"https:\/\/retrofitguru.com\/cs\/kosik\/#breadcrumb"},"inLanguage":"cs","potentialAction":[{"@type":"ReadAction","target":["https:\/\/retrofitguru.com\/cs\/kosik\/"]}]},{"@type":"ImageObject","inLanguage":"cs","@id":"https:\/\/retrofitguru.com\/cs\/kosik\/#primaryimage","url":"http:\/\/retrofitguru.com\/wp-content\/uploads\/2022\/07\/Octavia-1-1-300x300.webp","contentUrl":"http:\/\/retrofitguru.com\/wp-content\/uploads\/2022\/07\/Octavia-1-1-300x300.webp"},{"@type":"BreadcrumbList","@id":"https:\/\/retrofitguru.com\/cs\/kosik\/#breadcrumb","itemListElement":[{"@type":"ListItem","position":1,"name":"Dom\u016f","item":"https:\/\/retrofitguru.com\/en\/"},{"@type":"ListItem","position":2,"name":"Ko\u0161\u00edk"}]},{"@type":"WebSite","@id":"https:\/\/retrofitguru.com\/en\/#website","url":"https:\/\/retrofitguru.com\/en\/","name":"Retrofit Guru","description":"Prod\u00e1v\u00e1me sady pro p\u0159estavbu xenonov\u00fdch sv\u011btel na modern\u011bj\u0161\u00ed Bi-xenonov\u00e9.","publisher":{"@id":"https:\/\/retrofitguru.com\/en\/#organization"},"alternateName":"Retrofiguru","potentialAction":[{"@type":"SearchAction","target":{"@type":"EntryPoint","urlTemplate":"https:\/\/retrofitguru.com\/en\/?s={search_term_string}"},"query-input":{"@type":"PropertyValueSpecification","valueRequired":true,"valueName":"search_term_string"}}],"inLanguage":"cs"},{"@type":"Organization","@id":"https:\/\/retrofitguru.com\/en\/#organization","name":"RetrofitGuru","url":"https:\/\/retrofitguru.com\/en\/","logo":{"@type":"ImageObject","inLanguage":"cs","@id":"https:\/\/retrofitguru.com\/en\/#\/schema\/logo\/image\/","url":"https:\/\/www.retrofitguru.com\/wp-content\/uploads\/2022\/06\/Untitled-2-4.svg","contentUrl":"https:\/\/www.retrofitguru.com\/wp-content\/uploads\/2022\/06\/Untitled-2-4.svg","width":1000,"height":1000,"caption":"RetrofitGuru"},"image":{"@id":"https:\/\/retrofitguru.com\/en\/#\/schema\/logo\/image\/"},"sameAs":["https:\/\/www.facebook.com\/RetrofitGuru","https:\/\/www.instagram.com\/retrofitguru\/"]}]}},"_links":{"self":[{"href":"https:\/\/retrofitguru.com\/cs\/wp-json\/wp\/v2\/pages\/66","targetHints":{"allow":["GET"]}}],"collection":[{"href":"https:\/\/retrofitguru.com\/cs\/wp-json\/wp\/v2\/pages"}],"about":[{"href":"https:\/\/retrofitguru.com\/cs\/wp-json\/wp\/v2\/types\/page"}],"author":[{"embeddable":true,"href":"https:\/\/retrofitguru.com\/cs\/wp-json\/wp\/v2\/users\/1"}],"replies":[{"embeddable":true,"href":"https:\/\/retrofitguru.com\/cs\/wp-json\/wp\/v2\/comments?post=66"}],"version-history":[{"count":0,"href":"https:\/\/retrofitguru.com\/cs\/wp-json\/wp\/v2\/pages\/66\/revisions"}],"wp:attachment":[{"href":"https:\/\/retrofitguru.com\/cs\/wp-json\/wp\/v2\/media?parent=66"}],"curies":[{"name":"wp","href":"https:\/\/api.w.org\/{rel}","templated":true}]}}