{"id":1230,"date":"2023-04-14T15:27:35","date_gmt":"2023-04-14T14:27:35","guid":{"rendered":"https:\/\/www.retrofitguru.com\/?post_type=product&#038;p=1230"},"modified":"2024-12-16T17:28:01","modified_gmt":"2024-12-16T16:28:01","slug":"tesneni-svetel-butylova-snura","status":"publish","type":"product","link":"https:\/\/retrofitguru.com\/cs\/produkt\/tesneni-svetel-butylova-snura\/","title":{"rendered":"T\u011bsn\u011bn\u00ed sv\u011btel butylov\u00e1 \u0161\u0148\u016fra"},"content":{"rendered":"<h1>Butylov\u00e1 \u0161\u0148\u016fra 9.5 mm x 4.57 m<\/h1>\n<p>Butylov\u00e1 \u0161\u0148\u016fra slou\u017e\u00edc\u00ed k ut\u011bsn\u011bn\u00ed krytu sv\u011btel. Je vyrobena z butylov\u00e9ho kau\u010duku a ur\u010dena k zaji\u0161t\u011bn\u00ed spolehliv\u00e9ho a vodot\u011bsn\u00e9ho spoje mezi krytem a obalem sv\u011btla. \u0160\u0148\u016fra je flexibiln\u00ed, p\u0159ilnav\u00e1 a snadno tvarovateln\u00e1, co\u017e umo\u017e\u0148uje jednoduchou instalaci a p\u0159izp\u016fsoben\u00ed r\u016fzn\u00fdm povrch\u016fm a tvar\u016fm.<\/p>\n<p><strong>Vlastnosti:<\/strong><\/p>\n<ul>\n<li>Materi\u00e1l: butylov\u00fd kau\u010duk<\/li>\n<li>Vysok\u00e1 p\u0159ilnavost a pru\u017enost<\/li>\n<li>Odolnost v\u016f\u010di vod\u011b, prachu a vlhkosti<\/li>\n<li>Vhodn\u00e9 pro \u0161irokou \u0161k\u00e1lu aplikac\u00ed v automobilov\u00e9m pr\u016fmyslu<\/li>\n<li>Dlouh\u00e1 \u017eivotnost a stabilita materi\u00e1lu<\/li>\n<\/ul>\n","protected":false},"excerpt":{"rendered":"<p>Butylov\u00e1 \u0161\u0148\u016fra ur\u010dena k zaji\u0161t\u011bn\u00ed spolehliv\u00e9ho a vodot\u011bsn\u00e9ho spoje mezi krytem a obalem sv\u011btla.<\/p>\n","protected":false},"featured_media":2952,"template":"","meta":[],"product_brand":[],"product_cat":[15],"product_tag":[],"class_list":{"0":"post-1230","1":"product","2":"type-product","3":"status-publish","4":"has-post-thumbnail","6":"product_cat-ostatni","8":"first","9":"instock","10":"shipping-taxable","11":"purchasable","12":"product-type-simple"},"yoast_head":"<!-- This site is optimized with the Yoast SEO plugin v27.3 - https:\/\/yoast.com\/product\/yoast-seo-wordpress\/ -->\n<title>T\u011bsn\u011bn\u00ed sv\u011btel butylov\u00e1 \u0161\u0148\u016fra - Retrofit Guru<\/title>\n<meta name=\"robots\" content=\"index, follow, max-snippet:-1, max-image-preview:large, max-video-preview:-1\" \/>\n<link rel=\"canonical\" href=\"https:\/\/retrofitguru.com\/cs\/produkt\/tesneni-svetel-butylova-snura\/\" \/>\n<meta property=\"og:locale\" content=\"cs_CZ\" \/>\n<meta property=\"og:type\" content=\"article\" \/>\n<meta property=\"og:title\" content=\"T\u011bsn\u011bn\u00ed sv\u011btel butylov\u00e1 \u0161\u0148\u016fra - Retrofit Guru\" \/>\n<meta property=\"og:description\" content=\"Butylov\u00e1 \u0161\u0148\u016fra ur\u010dena k zaji\u0161t\u011bn\u00ed spolehliv\u00e9ho a vodot\u011bsn\u00e9ho spoje mezi krytem a obalem sv\u011btla.\" \/>\n<meta property=\"og:url\" content=\"https:\/\/retrofitguru.com\/cs\/produkt\/tesneni-svetel-butylova-snura\/\" \/>\n<meta property=\"og:site_name\" content=\"Retrofit Guru\" \/>\n<meta property=\"article:publisher\" content=\"https:\/\/www.facebook.com\/RetrofitGuru\" \/>\n<meta property=\"article:modified_time\" content=\"2024-12-16T16:28:01+00:00\" \/>\n<meta property=\"og:image\" content=\"https:\/\/retrofitguru.com\/wp-content\/uploads\/2023\/04\/IMG_7504.webp\" \/>\n\t<meta property=\"og:image:width\" content=\"1920\" \/>\n\t<meta property=\"og:image:height\" content=\"1267\" \/>\n\t<meta property=\"og:image:type\" content=\"image\/webp\" \/>\n<meta name=\"twitter:card\" content=\"summary_large_image\" \/>\n<meta name=\"twitter:label1\" content=\"Odhadovan\u00e1 doba \u010dten\u00ed\" \/>\n\t<meta name=\"twitter:data1\" content=\"1 minuta\" \/>\n<script type=\"application\/ld+json\" class=\"yoast-schema-graph\">{\"@context\":\"https:\\\/\\\/schema.org\",\"@graph\":[{\"@type\":\"WebPage\",\"@id\":\"https:\\\/\\\/retrofitguru.com\\\/cs\\\/produkt\\\/tesneni-svetel-butylova-snura\\\/\",\"url\":\"https:\\\/\\\/retrofitguru.com\\\/cs\\\/produkt\\\/tesneni-svetel-butylova-snura\\\/\",\"name\":\"T\u011bsn\u011bn\u00ed sv\u011btel butylov\u00e1 \u0161\u0148\u016fra - Retrofit Guru\",\"isPartOf\":{\"@id\":\"https:\\\/\\\/retrofitguru.com\\\/en\\\/#website\"},\"primaryImageOfPage\":{\"@id\":\"https:\\\/\\\/retrofitguru.com\\\/cs\\\/produkt\\\/tesneni-svetel-butylova-snura\\\/#primaryimage\"},\"image\":{\"@id\":\"https:\\\/\\\/retrofitguru.com\\\/cs\\\/produkt\\\/tesneni-svetel-butylova-snura\\\/#primaryimage\"},\"thumbnailUrl\":\"https:\\\/\\\/retrofitguru.com\\\/wp-content\\\/uploads\\\/2023\\\/04\\\/IMG_7504.webp\",\"datePublished\":\"2023-04-14T14:27:35+00:00\",\"dateModified\":\"2024-12-16T16:28:01+00:00\",\"breadcrumb\":{\"@id\":\"https:\\\/\\\/retrofitguru.com\\\/cs\\\/produkt\\\/tesneni-svetel-butylova-snura\\\/#breadcrumb\"},\"inLanguage\":\"cs\",\"potentialAction\":[{\"@type\":\"ReadAction\",\"target\":[\"https:\\\/\\\/retrofitguru.com\\\/cs\\\/produkt\\\/tesneni-svetel-butylova-snura\\\/\"]}]},{\"@type\":\"ImageObject\",\"inLanguage\":\"cs\",\"@id\":\"https:\\\/\\\/retrofitguru.com\\\/cs\\\/produkt\\\/tesneni-svetel-butylova-snura\\\/#primaryimage\",\"url\":\"https:\\\/\\\/retrofitguru.com\\\/wp-content\\\/uploads\\\/2023\\\/04\\\/IMG_7504.webp\",\"contentUrl\":\"https:\\\/\\\/retrofitguru.com\\\/wp-content\\\/uploads\\\/2023\\\/04\\\/IMG_7504.webp\",\"width\":1920,\"height\":1267,\"caption\":\"Butylova snura\"},{\"@type\":\"BreadcrumbList\",\"@id\":\"https:\\\/\\\/retrofitguru.com\\\/cs\\\/produkt\\\/tesneni-svetel-butylova-snura\\\/#breadcrumb\",\"itemListElement\":[{\"@type\":\"ListItem\",\"position\":1,\"name\":\"Dom\u016f\",\"item\":\"https:\\\/\\\/retrofitguru.com\\\/en\\\/\"},{\"@type\":\"ListItem\",\"position\":2,\"name\":\"Products\",\"item\":\"https:\\\/\\\/retrofitguru.com\\\/en\\\/shop\\\/\"},{\"@type\":\"ListItem\",\"position\":3,\"name\":\"T\u011bsn\u011bn\u00ed sv\u011btel butylov\u00e1 \u0161\u0148\u016fra\"}]},{\"@type\":\"WebSite\",\"@id\":\"https:\\\/\\\/retrofitguru.com\\\/en\\\/#website\",\"url\":\"https:\\\/\\\/retrofitguru.com\\\/en\\\/\",\"name\":\"Retrofit Guru\",\"description\":\"Prod\u00e1v\u00e1me sady pro p\u0159estavbu xenonov\u00fdch sv\u011btel na modern\u011bj\u0161\u00ed Bi-xenonov\u00e9.\",\"publisher\":{\"@id\":\"https:\\\/\\\/retrofitguru.com\\\/en\\\/#organization\"},\"alternateName\":\"Retrofiguru\",\"potentialAction\":[{\"@type\":\"SearchAction\",\"target\":{\"@type\":\"EntryPoint\",\"urlTemplate\":\"https:\\\/\\\/retrofitguru.com\\\/en\\\/?s={search_term_string}\"},\"query-input\":{\"@type\":\"PropertyValueSpecification\",\"valueRequired\":true,\"valueName\":\"search_term_string\"}}],\"inLanguage\":\"cs\"},{\"@type\":\"Organization\",\"@id\":\"https:\\\/\\\/retrofitguru.com\\\/en\\\/#organization\",\"name\":\"RetrofitGuru\",\"url\":\"https:\\\/\\\/retrofitguru.com\\\/en\\\/\",\"logo\":{\"@type\":\"ImageObject\",\"inLanguage\":\"cs\",\"@id\":\"https:\\\/\\\/retrofitguru.com\\\/en\\\/#\\\/schema\\\/logo\\\/image\\\/\",\"url\":\"https:\\\/\\\/www.retrofitguru.com\\\/wp-content\\\/uploads\\\/2022\\\/06\\\/Untitled-2-4.svg\",\"contentUrl\":\"https:\\\/\\\/www.retrofitguru.com\\\/wp-content\\\/uploads\\\/2022\\\/06\\\/Untitled-2-4.svg\",\"width\":1000,\"height\":1000,\"caption\":\"RetrofitGuru\"},\"image\":{\"@id\":\"https:\\\/\\\/retrofitguru.com\\\/en\\\/#\\\/schema\\\/logo\\\/image\\\/\"},\"sameAs\":[\"https:\\\/\\\/www.facebook.com\\\/RetrofitGuru\",\"https:\\\/\\\/www.instagram.com\\\/retrofitguru\\\/\"]}]}<\/script>\n<!-- \/ Yoast SEO plugin. -->","yoast_head_json":{"title":"T\u011bsn\u011bn\u00ed sv\u011btel butylov\u00e1 \u0161\u0148\u016fra - Retrofit Guru","robots":{"index":"index","follow":"follow","max-snippet":"max-snippet:-1","max-image-preview":"max-image-preview:large","max-video-preview":"max-video-preview:-1"},"canonical":"https:\/\/retrofitguru.com\/cs\/produkt\/tesneni-svetel-butylova-snura\/","og_locale":"cs_CZ","og_type":"article","og_title":"T\u011bsn\u011bn\u00ed sv\u011btel butylov\u00e1 \u0161\u0148\u016fra - Retrofit Guru","og_description":"Butylov\u00e1 \u0161\u0148\u016fra ur\u010dena k zaji\u0161t\u011bn\u00ed spolehliv\u00e9ho a vodot\u011bsn\u00e9ho spoje mezi krytem a obalem sv\u011btla.","og_url":"https:\/\/retrofitguru.com\/cs\/produkt\/tesneni-svetel-butylova-snura\/","og_site_name":"Retrofit Guru","article_publisher":"https:\/\/www.facebook.com\/RetrofitGuru","article_modified_time":"2024-12-16T16:28:01+00:00","og_image":[{"width":1920,"height":1267,"url":"https:\/\/retrofitguru.com\/wp-content\/uploads\/2023\/04\/IMG_7504.webp","type":"image\/webp"}],"twitter_card":"summary_large_image","twitter_misc":{"Odhadovan\u00e1 doba \u010dten\u00ed":"1 minuta"},"schema":{"@context":"https:\/\/schema.org","@graph":[{"@type":"WebPage","@id":"https:\/\/retrofitguru.com\/cs\/produkt\/tesneni-svetel-butylova-snura\/","url":"https:\/\/retrofitguru.com\/cs\/produkt\/tesneni-svetel-butylova-snura\/","name":"T\u011bsn\u011bn\u00ed sv\u011btel butylov\u00e1 \u0161\u0148\u016fra - Retrofit Guru","isPartOf":{"@id":"https:\/\/retrofitguru.com\/en\/#website"},"primaryImageOfPage":{"@id":"https:\/\/retrofitguru.com\/cs\/produkt\/tesneni-svetel-butylova-snura\/#primaryimage"},"image":{"@id":"https:\/\/retrofitguru.com\/cs\/produkt\/tesneni-svetel-butylova-snura\/#primaryimage"},"thumbnailUrl":"https:\/\/retrofitguru.com\/wp-content\/uploads\/2023\/04\/IMG_7504.webp","datePublished":"2023-04-14T14:27:35+00:00","dateModified":"2024-12-16T16:28:01+00:00","breadcrumb":{"@id":"https:\/\/retrofitguru.com\/cs\/produkt\/tesneni-svetel-butylova-snura\/#breadcrumb"},"inLanguage":"cs","potentialAction":[{"@type":"ReadAction","target":["https:\/\/retrofitguru.com\/cs\/produkt\/tesneni-svetel-butylova-snura\/"]}]},{"@type":"ImageObject","inLanguage":"cs","@id":"https:\/\/retrofitguru.com\/cs\/produkt\/tesneni-svetel-butylova-snura\/#primaryimage","url":"https:\/\/retrofitguru.com\/wp-content\/uploads\/2023\/04\/IMG_7504.webp","contentUrl":"https:\/\/retrofitguru.com\/wp-content\/uploads\/2023\/04\/IMG_7504.webp","width":1920,"height":1267,"caption":"Butylova snura"},{"@type":"BreadcrumbList","@id":"https:\/\/retrofitguru.com\/cs\/produkt\/tesneni-svetel-butylova-snura\/#breadcrumb","itemListElement":[{"@type":"ListItem","position":1,"name":"Dom\u016f","item":"https:\/\/retrofitguru.com\/en\/"},{"@type":"ListItem","position":2,"name":"Products","item":"https:\/\/retrofitguru.com\/en\/shop\/"},{"@type":"ListItem","position":3,"name":"T\u011bsn\u011bn\u00ed sv\u011btel butylov\u00e1 \u0161\u0148\u016fra"}]},{"@type":"WebSite","@id":"https:\/\/retrofitguru.com\/en\/#website","url":"https:\/\/retrofitguru.com\/en\/","name":"Retrofit Guru","description":"Prod\u00e1v\u00e1me sady pro p\u0159estavbu xenonov\u00fdch sv\u011btel na modern\u011bj\u0161\u00ed Bi-xenonov\u00e9.","publisher":{"@id":"https:\/\/retrofitguru.com\/en\/#organization"},"alternateName":"Retrofiguru","potentialAction":[{"@type":"SearchAction","target":{"@type":"EntryPoint","urlTemplate":"https:\/\/retrofitguru.com\/en\/?s={search_term_string}"},"query-input":{"@type":"PropertyValueSpecification","valueRequired":true,"valueName":"search_term_string"}}],"inLanguage":"cs"},{"@type":"Organization","@id":"https:\/\/retrofitguru.com\/en\/#organization","name":"RetrofitGuru","url":"https:\/\/retrofitguru.com\/en\/","logo":{"@type":"ImageObject","inLanguage":"cs","@id":"https:\/\/retrofitguru.com\/en\/#\/schema\/logo\/image\/","url":"https:\/\/www.retrofitguru.com\/wp-content\/uploads\/2022\/06\/Untitled-2-4.svg","contentUrl":"https:\/\/www.retrofitguru.com\/wp-content\/uploads\/2022\/06\/Untitled-2-4.svg","width":1000,"height":1000,"caption":"RetrofitGuru"},"image":{"@id":"https:\/\/retrofitguru.com\/en\/#\/schema\/logo\/image\/"},"sameAs":["https:\/\/www.facebook.com\/RetrofitGuru","https:\/\/www.instagram.com\/retrofitguru\/"]}]}},"_links":{"self":[{"href":"https:\/\/retrofitguru.com\/cs\/wp-json\/wp\/v2\/product\/1230","targetHints":{"allow":["GET"]}}],"collection":[{"href":"https:\/\/retrofitguru.com\/cs\/wp-json\/wp\/v2\/product"}],"about":[{"href":"https:\/\/retrofitguru.com\/cs\/wp-json\/wp\/v2\/types\/product"}],"version-history":[{"count":0,"href":"https:\/\/retrofitguru.com\/cs\/wp-json\/wp\/v2\/product\/1230\/revisions"}],"wp:featuredmedia":[{"embeddable":true,"href":"https:\/\/retrofitguru.com\/cs\/wp-json\/wp\/v2\/media\/2952"}],"wp:attachment":[{"href":"https:\/\/retrofitguru.com\/cs\/wp-json\/wp\/v2\/media?parent=1230"}],"wp:term":[{"taxonomy":"product_brand","embeddable":true,"href":"https:\/\/retrofitguru.com\/cs\/wp-json\/wp\/v2\/product_brand?post=1230"},{"taxonomy":"product_cat","embeddable":true,"href":"https:\/\/retrofitguru.com\/cs\/wp-json\/wp\/v2\/product_cat?post=1230"},{"taxonomy":"product_tag","embeddable":true,"href":"https:\/\/retrofitguru.com\/cs\/wp-json\/wp\/v2\/product_tag?post=1230"}],"curies":[{"name":"wp","href":"https:\/\/api.w.org\/{rel}","templated":true}]}}