{"id":1288,"date":"2023-06-29T14:20:40","date_gmt":"2023-06-29T13:20:40","guid":{"rendered":"https:\/\/www.retrofitguru.com\/?post_type=product&#038;p=1288"},"modified":"2025-06-03T09:38:39","modified_gmt":"2025-06-03T08:38:39","slug":"octavia-2-04-13-plexi-skla","status":"publish","type":"product","link":"https:\/\/retrofitguru.com\/cs\/produkt\/octavia-2-04-13-plexi-skla\/","title":{"rendered":"Kryty sv\u011btel \u0160koda Octavia 2 p\u0159edfacelift"},"content":{"rendered":"<h2>Kryty sv\u011btel pro \u0160koda Octavia 2 p\u0159edfacelift<\/h2>\n<p>P\u016fvodn\u00ed kryty sv\u011btel \u010dasto trp\u00ed za\u017eloutnut\u00edm, prasklinami, po\u0161kozen\u00edm od kam\u00ednk\u016f nebo pov\u011btrnostn\u00edmi vlivy. Na\u0161e kryty nejen dokonale zapadnou, ale jsou tak\u00e9 opat\u0159eny vrstvou <strong>odoln\u00e9ho UV polyuretanu<\/strong>, kter\u00e1 chr\u00e1n\u00ed p\u0159ed budouc\u00edm po\u0161kozen\u00edm a \u017eloutnut\u00edm.<\/p>\n<p>Pro dokonal\u00e9 ut\u011bsn\u011bn\u00ed doporu\u010dujeme <a href=\"https:\/\/www.retrofitguru.com\/produkt\/tesneni-svetel-butylova-snura\/\">butylov\u00e9 t\u011bsn\u011bn\u00ed o rozm\u011brech 9.5mm x 4.5m<\/a>. Dob\u0159e se s n\u00edm pracuje a v p\u0159\u00edpad\u011b pot\u0159eby pak m\u016f\u017eete sv\u011btlo i jednodu\u0161e rozlepit za pomoc\u00ed horkovzdu\u0161n\u00e9 pistole nebo trouby.<\/p>\n<p>N\u00e1ro\u010dnost v\u00fdm\u011bny z\u00e1le\u017e\u00ed na druhu pou\u017eit\u00e9ho lepidla pro slepen\u00ed krytu se zbydkem sv\u011btla. V praxi se pou\u017e\u00edvaj\u00ed hlavn\u011b butylov\u00e9 lepidla a permanentn\u00ed. U Va\u0161eho sv\u011btla je <strong>pou\u017eit\u00e9 lepidlo butylov\u00e9<\/strong>, tak\u017ee sv\u011btlo jde rozlepit snadno.<\/p>\n<p>V p\u0159\u00edpad\u011b z\u00e1jmu je mo\u017en\u00e9 se domluvit na instalaci plexiskel. Pro cenovou kalkulaci n\u00e1m napi\u0161te do mailu nebo n\u00e1s oslovte na soci\u00e1ln\u00edch s\u00edt\u00edch.<\/p>\n<p>&nbsp;<\/p>\n<hr \/>\n<p>OEM k\u00f3dy sv\u011btla na kter\u00e9 plexisklo pasuje. To \u017ee k\u00f3d Va\u0161eho sv\u011btla zde nen\u00ed uveden\u00fd nutn\u011b neznamen\u00e1, \u017ee na n\u011bj na\u0161e kryty nebudou pasovat.<\/p>\n<p><em>1Z1 941 018 R, 1Z1 941 016 B, 1Z1 941 018 E, 1Z1 941 018 N, 1Z1 941 017 R, 1Z1 941 015 B, 1Z1 941 017 E, 1Z1 941 017 N a dal\u0161\u00ed<\/em><\/p>\n","protected":false},"excerpt":{"rendered":"<p>Plexiskla pro \u0160koda Octavia 2 p\u0159edfacelift. Na\u0161e plexiskla jsou 1:1 s origin\u00e1ln\u00edmi a jsou tak\u00e9 opat\u0159eny vrstvou odoln\u00e9ho UV polyuretanu.<\/p>\n","protected":false},"featured_media":1593,"template":"","meta":[],"product_brand":[],"product_cat":[1442,1449],"product_tag":[],"class_list":{"0":"post-1288","1":"product","2":"type-product","3":"status-publish","4":"has-post-thumbnail","6":"product_cat-kryty-svetel","7":"product_cat-skoda-kryty-svetel","9":"first","10":"instock","11":"shipping-taxable","12":"purchasable","13":"product-type-variable"},"yoast_head":"<!-- This site is optimized with the Yoast SEO plugin v27.3 - https:\/\/yoast.com\/product\/yoast-seo-wordpress\/ -->\n<title>Kryty sv\u011btel \u0160koda Octavia 2 p\u0159edfacelift - Retrofit Guru<\/title>\n<meta name=\"description\" content=\"Nab\u00edz\u00edme plexiskla pro \u0160koda Octavia 2 p\u0159edfacelift. Na\u0161e kryty sv\u011btel jsou 1:1 s origin\u00e1ln\u00edmi kryty a jsou tak\u00e9 opat\u0159eny vrstvou odoln\u00e9ho UV polyuretanu.\" \/>\n<meta name=\"robots\" content=\"index, follow, max-snippet:-1, max-image-preview:large, max-video-preview:-1\" \/>\n<link rel=\"canonical\" href=\"https:\/\/retrofitguru.com\/cs\/produkt\/octavia-2-04-13-plexi-skla\/\" \/>\n<meta property=\"og:locale\" content=\"cs_CZ\" \/>\n<meta property=\"og:type\" content=\"article\" \/>\n<meta property=\"og:title\" content=\"Kryty sv\u011btel \u0160koda Octavia 2 p\u0159edfacelift - Retrofit Guru\" \/>\n<meta property=\"og:description\" content=\"Nab\u00edz\u00edme plexiskla pro \u0160koda Octavia 2 p\u0159edfacelift. Na\u0161e kryty sv\u011btel jsou 1:1 s origin\u00e1ln\u00edmi kryty a jsou tak\u00e9 opat\u0159eny vrstvou odoln\u00e9ho UV polyuretanu.\" \/>\n<meta property=\"og:url\" content=\"https:\/\/retrofitguru.com\/cs\/produkt\/octavia-2-04-13-plexi-skla\/\" \/>\n<meta property=\"og:site_name\" content=\"Retrofit Guru\" \/>\n<meta property=\"article:publisher\" content=\"https:\/\/www.facebook.com\/RetrofitGuru\" \/>\n<meta property=\"article:modified_time\" content=\"2025-06-03T08:38:39+00:00\" \/>\n<meta property=\"og:image\" content=\"https:\/\/retrofitguru.com\/wp-content\/uploads\/2023\/06\/Octavia-2-prefl-IMG_7301.jpg\" \/>\n\t<meta property=\"og:image:width\" content=\"1000\" \/>\n\t<meta property=\"og:image:height\" content=\"667\" \/>\n\t<meta property=\"og:image:type\" content=\"image\/jpeg\" \/>\n<meta name=\"twitter:card\" content=\"summary_large_image\" \/>\n<meta name=\"twitter:label1\" content=\"Odhadovan\u00e1 doba \u010dten\u00ed\" \/>\n\t<meta name=\"twitter:data1\" content=\"2 minuty\" \/>\n<script type=\"application\/ld+json\" class=\"yoast-schema-graph\">{\"@context\":\"https:\\\/\\\/schema.org\",\"@graph\":[{\"@type\":\"WebPage\",\"@id\":\"https:\\\/\\\/retrofitguru.com\\\/en\\\/product\\\/octavia-2-04-13-headlight-cover\\\/\",\"url\":\"https:\\\/\\\/retrofitguru.com\\\/en\\\/product\\\/octavia-2-04-13-headlight-cover\\\/\",\"name\":\"Kryty sv\u011btel \u0160koda Octavia 2 p\u0159edfacelift - Retrofit Guru\",\"isPartOf\":{\"@id\":\"https:\\\/\\\/retrofitguru.com\\\/en\\\/#website\"},\"primaryImageOfPage\":{\"@id\":\"https:\\\/\\\/retrofitguru.com\\\/en\\\/product\\\/octavia-2-04-13-headlight-cover\\\/#primaryimage\"},\"image\":{\"@id\":\"https:\\\/\\\/retrofitguru.com\\\/en\\\/product\\\/octavia-2-04-13-headlight-cover\\\/#primaryimage\"},\"thumbnailUrl\":\"https:\\\/\\\/retrofitguru.com\\\/wp-content\\\/uploads\\\/2023\\\/06\\\/Octavia-2-prefl-IMG_7301.jpg\",\"datePublished\":\"2023-06-29T13:20:40+00:00\",\"dateModified\":\"2025-06-03T08:38:39+00:00\",\"description\":\"Nab\u00edz\u00edme plexiskla pro \u0160koda Octavia 2 p\u0159edfacelift. Na\u0161e kryty sv\u011btel jsou 1:1 s origin\u00e1ln\u00edmi kryty a jsou tak\u00e9 opat\u0159eny vrstvou odoln\u00e9ho UV polyuretanu.\",\"breadcrumb\":{\"@id\":\"https:\\\/\\\/retrofitguru.com\\\/en\\\/product\\\/octavia-2-04-13-headlight-cover\\\/#breadcrumb\"},\"inLanguage\":\"cs\",\"potentialAction\":[{\"@type\":\"ReadAction\",\"target\":[\"https:\\\/\\\/retrofitguru.com\\\/en\\\/product\\\/octavia-2-04-13-headlight-cover\\\/\"]}]},{\"@type\":\"ImageObject\",\"inLanguage\":\"cs\",\"@id\":\"https:\\\/\\\/retrofitguru.com\\\/en\\\/product\\\/octavia-2-04-13-headlight-cover\\\/#primaryimage\",\"url\":\"https:\\\/\\\/retrofitguru.com\\\/wp-content\\\/uploads\\\/2023\\\/06\\\/Octavia-2-prefl-IMG_7301.jpg\",\"contentUrl\":\"https:\\\/\\\/retrofitguru.com\\\/wp-content\\\/uploads\\\/2023\\\/06\\\/Octavia-2-prefl-IMG_7301.jpg\",\"width\":1000,\"height\":667,\"caption\":\"Octavia 2 kryt sv\u011btla\"},{\"@type\":\"BreadcrumbList\",\"@id\":\"https:\\\/\\\/retrofitguru.com\\\/en\\\/product\\\/octavia-2-04-13-headlight-cover\\\/#breadcrumb\",\"itemListElement\":[{\"@type\":\"ListItem\",\"position\":1,\"name\":\"Dom\u016f\",\"item\":\"https:\\\/\\\/retrofitguru.com\\\/en\\\/\"},{\"@type\":\"ListItem\",\"position\":2,\"name\":\"Products\",\"item\":\"https:\\\/\\\/retrofitguru.com\\\/en\\\/shop\\\/\"},{\"@type\":\"ListItem\",\"position\":3,\"name\":\"Kryty sv\u011btel \u0160koda Octavia 2 p\u0159edfacelift\"}]},{\"@type\":\"WebSite\",\"@id\":\"https:\\\/\\\/retrofitguru.com\\\/en\\\/#website\",\"url\":\"https:\\\/\\\/retrofitguru.com\\\/en\\\/\",\"name\":\"Retrofit Guru\",\"description\":\"Prod\u00e1v\u00e1me sady pro p\u0159estavbu xenonov\u00fdch sv\u011btel na modern\u011bj\u0161\u00ed Bi-xenonov\u00e9.\",\"publisher\":{\"@id\":\"https:\\\/\\\/retrofitguru.com\\\/en\\\/#organization\"},\"alternateName\":\"Retrofiguru\",\"potentialAction\":[{\"@type\":\"SearchAction\",\"target\":{\"@type\":\"EntryPoint\",\"urlTemplate\":\"https:\\\/\\\/retrofitguru.com\\\/en\\\/?s={search_term_string}\"},\"query-input\":{\"@type\":\"PropertyValueSpecification\",\"valueRequired\":true,\"valueName\":\"search_term_string\"}}],\"inLanguage\":\"cs\"},{\"@type\":\"Organization\",\"@id\":\"https:\\\/\\\/retrofitguru.com\\\/en\\\/#organization\",\"name\":\"RetrofitGuru\",\"url\":\"https:\\\/\\\/retrofitguru.com\\\/en\\\/\",\"logo\":{\"@type\":\"ImageObject\",\"inLanguage\":\"cs\",\"@id\":\"https:\\\/\\\/retrofitguru.com\\\/en\\\/#\\\/schema\\\/logo\\\/image\\\/\",\"url\":\"https:\\\/\\\/www.retrofitguru.com\\\/wp-content\\\/uploads\\\/2022\\\/06\\\/Untitled-2-4.svg\",\"contentUrl\":\"https:\\\/\\\/www.retrofitguru.com\\\/wp-content\\\/uploads\\\/2022\\\/06\\\/Untitled-2-4.svg\",\"width\":1000,\"height\":1000,\"caption\":\"RetrofitGuru\"},\"image\":{\"@id\":\"https:\\\/\\\/retrofitguru.com\\\/en\\\/#\\\/schema\\\/logo\\\/image\\\/\"},\"sameAs\":[\"https:\\\/\\\/www.facebook.com\\\/RetrofitGuru\",\"https:\\\/\\\/www.instagram.com\\\/retrofitguru\\\/\"]}]}<\/script>\n<!-- \/ Yoast SEO plugin. -->","yoast_head_json":{"title":"Kryty sv\u011btel \u0160koda Octavia 2 p\u0159edfacelift - Retrofit Guru","description":"Nab\u00edz\u00edme plexiskla pro \u0160koda Octavia 2 p\u0159edfacelift. Na\u0161e kryty sv\u011btel jsou 1:1 s origin\u00e1ln\u00edmi kryty a jsou tak\u00e9 opat\u0159eny vrstvou odoln\u00e9ho UV polyuretanu.","robots":{"index":"index","follow":"follow","max-snippet":"max-snippet:-1","max-image-preview":"max-image-preview:large","max-video-preview":"max-video-preview:-1"},"canonical":"https:\/\/retrofitguru.com\/cs\/produkt\/octavia-2-04-13-plexi-skla\/","og_locale":"cs_CZ","og_type":"article","og_title":"Kryty sv\u011btel \u0160koda Octavia 2 p\u0159edfacelift - Retrofit Guru","og_description":"Nab\u00edz\u00edme plexiskla pro \u0160koda Octavia 2 p\u0159edfacelift. Na\u0161e kryty sv\u011btel jsou 1:1 s origin\u00e1ln\u00edmi kryty a jsou tak\u00e9 opat\u0159eny vrstvou odoln\u00e9ho UV polyuretanu.","og_url":"https:\/\/retrofitguru.com\/cs\/produkt\/octavia-2-04-13-plexi-skla\/","og_site_name":"Retrofit Guru","article_publisher":"https:\/\/www.facebook.com\/RetrofitGuru","article_modified_time":"2025-06-03T08:38:39+00:00","og_image":[{"width":1000,"height":667,"url":"https:\/\/retrofitguru.com\/wp-content\/uploads\/2023\/06\/Octavia-2-prefl-IMG_7301.jpg","type":"image\/jpeg"}],"twitter_card":"summary_large_image","twitter_misc":{"Odhadovan\u00e1 doba \u010dten\u00ed":"2 minuty"},"schema":{"@context":"https:\/\/schema.org","@graph":[{"@type":"WebPage","@id":"https:\/\/retrofitguru.com\/en\/product\/octavia-2-04-13-headlight-cover\/","url":"https:\/\/retrofitguru.com\/en\/product\/octavia-2-04-13-headlight-cover\/","name":"Kryty sv\u011btel \u0160koda Octavia 2 p\u0159edfacelift - Retrofit Guru","isPartOf":{"@id":"https:\/\/retrofitguru.com\/en\/#website"},"primaryImageOfPage":{"@id":"https:\/\/retrofitguru.com\/en\/product\/octavia-2-04-13-headlight-cover\/#primaryimage"},"image":{"@id":"https:\/\/retrofitguru.com\/en\/product\/octavia-2-04-13-headlight-cover\/#primaryimage"},"thumbnailUrl":"https:\/\/retrofitguru.com\/wp-content\/uploads\/2023\/06\/Octavia-2-prefl-IMG_7301.jpg","datePublished":"2023-06-29T13:20:40+00:00","dateModified":"2025-06-03T08:38:39+00:00","description":"Nab\u00edz\u00edme plexiskla pro \u0160koda Octavia 2 p\u0159edfacelift. Na\u0161e kryty sv\u011btel jsou 1:1 s origin\u00e1ln\u00edmi kryty a jsou tak\u00e9 opat\u0159eny vrstvou odoln\u00e9ho UV polyuretanu.","breadcrumb":{"@id":"https:\/\/retrofitguru.com\/en\/product\/octavia-2-04-13-headlight-cover\/#breadcrumb"},"inLanguage":"cs","potentialAction":[{"@type":"ReadAction","target":["https:\/\/retrofitguru.com\/en\/product\/octavia-2-04-13-headlight-cover\/"]}]},{"@type":"ImageObject","inLanguage":"cs","@id":"https:\/\/retrofitguru.com\/en\/product\/octavia-2-04-13-headlight-cover\/#primaryimage","url":"https:\/\/retrofitguru.com\/wp-content\/uploads\/2023\/06\/Octavia-2-prefl-IMG_7301.jpg","contentUrl":"https:\/\/retrofitguru.com\/wp-content\/uploads\/2023\/06\/Octavia-2-prefl-IMG_7301.jpg","width":1000,"height":667,"caption":"Octavia 2 kryt sv\u011btla"},{"@type":"BreadcrumbList","@id":"https:\/\/retrofitguru.com\/en\/product\/octavia-2-04-13-headlight-cover\/#breadcrumb","itemListElement":[{"@type":"ListItem","position":1,"name":"Dom\u016f","item":"https:\/\/retrofitguru.com\/en\/"},{"@type":"ListItem","position":2,"name":"Products","item":"https:\/\/retrofitguru.com\/en\/shop\/"},{"@type":"ListItem","position":3,"name":"Kryty sv\u011btel \u0160koda Octavia 2 p\u0159edfacelift"}]},{"@type":"WebSite","@id":"https:\/\/retrofitguru.com\/en\/#website","url":"https:\/\/retrofitguru.com\/en\/","name":"Retrofit Guru","description":"Prod\u00e1v\u00e1me sady pro p\u0159estavbu xenonov\u00fdch sv\u011btel na modern\u011bj\u0161\u00ed Bi-xenonov\u00e9.","publisher":{"@id":"https:\/\/retrofitguru.com\/en\/#organization"},"alternateName":"Retrofiguru","potentialAction":[{"@type":"SearchAction","target":{"@type":"EntryPoint","urlTemplate":"https:\/\/retrofitguru.com\/en\/?s={search_term_string}"},"query-input":{"@type":"PropertyValueSpecification","valueRequired":true,"valueName":"search_term_string"}}],"inLanguage":"cs"},{"@type":"Organization","@id":"https:\/\/retrofitguru.com\/en\/#organization","name":"RetrofitGuru","url":"https:\/\/retrofitguru.com\/en\/","logo":{"@type":"ImageObject","inLanguage":"cs","@id":"https:\/\/retrofitguru.com\/en\/#\/schema\/logo\/image\/","url":"https:\/\/www.retrofitguru.com\/wp-content\/uploads\/2022\/06\/Untitled-2-4.svg","contentUrl":"https:\/\/www.retrofitguru.com\/wp-content\/uploads\/2022\/06\/Untitled-2-4.svg","width":1000,"height":1000,"caption":"RetrofitGuru"},"image":{"@id":"https:\/\/retrofitguru.com\/en\/#\/schema\/logo\/image\/"},"sameAs":["https:\/\/www.facebook.com\/RetrofitGuru","https:\/\/www.instagram.com\/retrofitguru\/"]}]}},"_links":{"self":[{"href":"https:\/\/retrofitguru.com\/cs\/wp-json\/wp\/v2\/product\/1288","targetHints":{"allow":["GET"]}}],"collection":[{"href":"https:\/\/retrofitguru.com\/cs\/wp-json\/wp\/v2\/product"}],"about":[{"href":"https:\/\/retrofitguru.com\/cs\/wp-json\/wp\/v2\/types\/product"}],"version-history":[{"count":0,"href":"https:\/\/retrofitguru.com\/cs\/wp-json\/wp\/v2\/product\/1288\/revisions"}],"wp:featuredmedia":[{"embeddable":true,"href":"https:\/\/retrofitguru.com\/cs\/wp-json\/wp\/v2\/media\/1593"}],"wp:attachment":[{"href":"https:\/\/retrofitguru.com\/cs\/wp-json\/wp\/v2\/media?parent=1288"}],"wp:term":[{"taxonomy":"product_brand","embeddable":true,"href":"https:\/\/retrofitguru.com\/cs\/wp-json\/wp\/v2\/product_brand?post=1288"},{"taxonomy":"product_cat","embeddable":true,"href":"https:\/\/retrofitguru.com\/cs\/wp-json\/wp\/v2\/product_cat?post=1288"},{"taxonomy":"product_tag","embeddable":true,"href":"https:\/\/retrofitguru.com\/cs\/wp-json\/wp\/v2\/product_tag?post=1288"}],"curies":[{"name":"wp","href":"https:\/\/api.w.org\/{rel}","templated":true}]}}