{"id":3677,"date":"2025-10-06T02:04:42","date_gmt":"2025-10-06T01:04:42","guid":{"rendered":"https:\/\/www.retrofitguru.com\/?post_type=product&#038;p=3677"},"modified":"2025-12-02T23:02:52","modified_gmt":"2025-12-02T22:02:52","slug":"ford-s-max-mk1-bi-xenon-sada","status":"publish","type":"product","link":"https:\/\/retrofitguru.com\/cs\/produkt\/ford-s-max-mk1-bi-xenon-sada\/","title":{"rendered":"Ford S-Max mk1 | Bi-xenon sada"},"content":{"rendered":"<p><span style=\"font-weight: 400;\">Na\u0161e sada pro <strong>Ford S-Max mk1<\/strong><\/span><span style=\"font-weight: 400;\"> (2006 &#8211; 2015) obsahuje v\u0161e, co pot\u0159ebujete k v\u00fdm\u011bn\u011b origin\u00e1ln\u00edch bi-xenonov\u00fdch projektor\u016f za nov\u00e9 se zachov\u00e1n\u00edm p\u016fvodn\u00edho se\u0159izov\u00e1n\u00ed a automatick\u00e9 nivelace sv\u011btel.<\/span><\/p>\n<p>Jedn\u00e1 se o jednoduchou p\u0159estavbu, kterou zvl\u00e1dnou i \u00fapln\u00ed za\u010d\u00e1te\u010dn\u00edci. U sv\u011btel je pot\u0159eba rozlepit p\u0159edn\u00ed plexiskla, co\u017e d\u00edky tomu, \u017ee jsou z tov\u00e1rny zalepena butylov\u00fdm tmelem, zvl\u00e1dnete snadno i za pomoci horkovzdu\u0161n\u00e9 pistole.<\/p>\n<p><span style=\"font-weight: 400;\">Sada je slo\u017eena tak, aby byla kompletn\u011b <strong>Plug &amp; Play<\/strong>, co\u017e znamen\u00e1 \u017ee u instalace nen\u00ed pot\u0159eba nic jakkoliv upravovat. Ke ka\u017ed\u00e9mu vozu tak\u00e9 vytv\u00e1\u0159\u00edme <a href=\"https:\/\/www.retrofitguru.com\/blog\/vymena-xenonovych-projektoru-ford-s-max-mk1\/\"><strong>n\u00e1vod<\/strong><\/a>, kter\u00fd V\u00e1s kompletn\u011b provede instalac\u00ed, p\u0159\u00edpadn\u011b V\u00e1m pom\u016f\u017eeme s instalac\u00ed mi p\u0159es telefon, email nebo soci\u00e1ln\u00ed s\u00edt\u011b.\u00a0<\/span><\/p>\n<p><span style=\"font-weight: 400;\">Sou\u010d\u00e1st\u00ed sady jsou dva bi-xenonov\u00e9 projektory, butylov\u00e1 \u0161\u0148\u016fra (t\u011bsn\u011bn\u00ed), dr\u017e\u00e1ky v\u00fdbojky a v\u0161echen pot\u0159ebn\u00fd spojovac\u00ed materi\u00e1l k instalaci.<\/span><\/p>\n<p>Do projektoru pasuj\u00ed p\u016fvodn\u00ed D1S xenonov\u00e9 v\u00fdbojky, tak\u017ee nen\u00ed nutn\u00e9 pro p\u0159estavbu po\u0159izovat nov\u00e9. Lze pou\u017e\u00edt i LED s D1S patic\u00ed.<\/p>\n<p><span style=\"font-weight: 400;\">Sada nen\u00ed ur\u010dena pro provoz na pozemn\u00edch komunikac\u00edch.\u00a0<\/span><\/p>\n<p data-pm-slice=\"0 0 []\">Sada je ur\u010dena pro <strong>origin\u00e1ln\u00ed xenonov\u00e9<\/strong> sv\u011btlomety. Pro pou\u017eit\u00ed na sv\u011btla z druhov\u00fdroby doporu\u010dujeme n\u00e1s nejprve kontaktovat ohledn\u011b kompatibility.<\/p>\n","protected":false},"excerpt":{"rendered":"<p>Bi-xenonov\u00e1 opravn\u00e1 sada pro <span style=\"font-weight: 400;\">Ford S-Max mk1<\/span> umo\u017e\u0148uje v\u00fdm\u011bnu p\u016fvodn\u00edch vysv\u00edcen\u00fdch bi-xenonov\u00fdch projektor\u016f za modernizovan\u00e9 bi-xenonov\u00e9 projektory. Sada zachov\u00e1v\u00e1 p\u016fvodn\u00ed funkci se\u0159izov\u00e1n\u00ed sv\u011btel i automatickou nivelaci.<\/p>\n","protected":false},"featured_media":3694,"template":"","meta":[],"product_brand":[],"product_cat":[1441,1443],"product_tag":[1623],"class_list":{"0":"post-3677","1":"product","2":"type-product","3":"status-publish","4":"has-post-thumbnail","6":"product_cat-bixenon-sady","7":"product_cat-ford","8":"product_tag-ford-smax","10":"first","11":"instock","12":"shipping-taxable","13":"purchasable","14":"product-type-simple"},"yoast_head":"<!-- This site is optimized with the Yoast SEO plugin v27.3 - https:\/\/yoast.com\/product\/yoast-seo-wordpress\/ -->\n<title>Ford S-Max mk1 | Bi-xenon sada - Retrofit Guru<\/title>\n<meta name=\"description\" content=\"Kompletn\u00ed Plug &amp; Play sada pro Ford S-Max mk1 (2006\u20132015) pro snadnou v\u00fdm\u011bnu bi-xenonov\u00fdch projektor\u016f v\u010detn\u011b n\u00e1vodu a ve\u0161ker\u00e9ho p\u0159\u00edslu\u0161enstv\u00ed.\" \/>\n<meta name=\"robots\" content=\"index, follow, max-snippet:-1, max-image-preview:large, max-video-preview:-1\" \/>\n<link rel=\"canonical\" href=\"https:\/\/retrofitguru.com\/cs\/produkt\/ford-s-max-mk1-bi-xenon-sada\/\" \/>\n<meta property=\"og:locale\" content=\"cs_CZ\" \/>\n<meta property=\"og:type\" content=\"article\" \/>\n<meta property=\"og:title\" content=\"Ford S-Max mk1 | Bi-xenon sada - Retrofit Guru\" \/>\n<meta property=\"og:description\" content=\"Kompletn\u00ed Plug &amp; Play sada pro Ford S-Max mk1 (2006\u20132015) pro snadnou v\u00fdm\u011bnu bi-xenonov\u00fdch projektor\u016f v\u010detn\u011b n\u00e1vodu a ve\u0161ker\u00e9ho p\u0159\u00edslu\u0161enstv\u00ed.\" \/>\n<meta property=\"og:url\" content=\"https:\/\/retrofitguru.com\/cs\/produkt\/ford-s-max-mk1-bi-xenon-sada\/\" \/>\n<meta property=\"og:site_name\" content=\"Retrofit Guru\" \/>\n<meta property=\"article:publisher\" content=\"https:\/\/www.facebook.com\/RetrofitGuru\" \/>\n<meta property=\"article:modified_time\" content=\"2025-12-02T22:02:52+00:00\" \/>\n<meta property=\"og:image\" content=\"https:\/\/retrofitguru.com\/wp-content\/uploads\/2025\/10\/Ford-S-Max.jpg\" \/>\n\t<meta property=\"og:image:width\" content=\"1000\" \/>\n\t<meta property=\"og:image:height\" content=\"1000\" \/>\n\t<meta property=\"og:image:type\" content=\"image\/jpeg\" \/>\n<meta name=\"twitter:card\" content=\"summary_large_image\" \/>\n<meta name=\"twitter:label1\" content=\"Odhadovan\u00e1 doba \u010dten\u00ed\" \/>\n\t<meta name=\"twitter:data1\" content=\"2 minuty\" \/>\n<script type=\"application\/ld+json\" class=\"yoast-schema-graph\">{\"@context\":\"https:\\\/\\\/schema.org\",\"@graph\":[{\"@type\":\"WebPage\",\"@id\":\"https:\\\/\\\/retrofitguru.com\\\/cs\\\/produkt\\\/ford-s-max-mk1-bi-xenon-sada\\\/\",\"url\":\"https:\\\/\\\/retrofitguru.com\\\/cs\\\/produkt\\\/ford-s-max-mk1-bi-xenon-sada\\\/\",\"name\":\"Ford S-Max mk1 | Bi-xenon sada - Retrofit Guru\",\"isPartOf\":{\"@id\":\"https:\\\/\\\/retrofitguru.com\\\/en\\\/#website\"},\"primaryImageOfPage\":{\"@id\":\"https:\\\/\\\/retrofitguru.com\\\/cs\\\/produkt\\\/ford-s-max-mk1-bi-xenon-sada\\\/#primaryimage\"},\"image\":{\"@id\":\"https:\\\/\\\/retrofitguru.com\\\/cs\\\/produkt\\\/ford-s-max-mk1-bi-xenon-sada\\\/#primaryimage\"},\"thumbnailUrl\":\"https:\\\/\\\/retrofitguru.com\\\/wp-content\\\/uploads\\\/2025\\\/10\\\/Ford-S-Max.jpg\",\"datePublished\":\"2025-10-06T01:04:42+00:00\",\"dateModified\":\"2025-12-02T22:02:52+00:00\",\"description\":\"Kompletn\u00ed Plug & Play sada pro Ford S-Max mk1 (2006\u20132015) pro snadnou v\u00fdm\u011bnu bi-xenonov\u00fdch projektor\u016f v\u010detn\u011b n\u00e1vodu a ve\u0161ker\u00e9ho p\u0159\u00edslu\u0161enstv\u00ed.\",\"breadcrumb\":{\"@id\":\"https:\\\/\\\/retrofitguru.com\\\/cs\\\/produkt\\\/ford-s-max-mk1-bi-xenon-sada\\\/#breadcrumb\"},\"inLanguage\":\"cs\",\"potentialAction\":[{\"@type\":\"ReadAction\",\"target\":[\"https:\\\/\\\/retrofitguru.com\\\/cs\\\/produkt\\\/ford-s-max-mk1-bi-xenon-sada\\\/\"]}]},{\"@type\":\"ImageObject\",\"inLanguage\":\"cs\",\"@id\":\"https:\\\/\\\/retrofitguru.com\\\/cs\\\/produkt\\\/ford-s-max-mk1-bi-xenon-sada\\\/#primaryimage\",\"url\":\"https:\\\/\\\/retrofitguru.com\\\/wp-content\\\/uploads\\\/2025\\\/10\\\/Ford-S-Max.jpg\",\"contentUrl\":\"https:\\\/\\\/retrofitguru.com\\\/wp-content\\\/uploads\\\/2025\\\/10\\\/Ford-S-Max.jpg\",\"width\":1000,\"height\":1000},{\"@type\":\"BreadcrumbList\",\"@id\":\"https:\\\/\\\/retrofitguru.com\\\/cs\\\/produkt\\\/ford-s-max-mk1-bi-xenon-sada\\\/#breadcrumb\",\"itemListElement\":[{\"@type\":\"ListItem\",\"position\":1,\"name\":\"Dom\u016f\",\"item\":\"https:\\\/\\\/retrofitguru.com\\\/en\\\/\"},{\"@type\":\"ListItem\",\"position\":2,\"name\":\"Products\",\"item\":\"https:\\\/\\\/retrofitguru.com\\\/en\\\/shop\\\/\"},{\"@type\":\"ListItem\",\"position\":3,\"name\":\"Ford S-Max mk1 | Bi-xenon sada\"}]},{\"@type\":\"WebSite\",\"@id\":\"https:\\\/\\\/retrofitguru.com\\\/en\\\/#website\",\"url\":\"https:\\\/\\\/retrofitguru.com\\\/en\\\/\",\"name\":\"Retrofit Guru\",\"description\":\"Prod\u00e1v\u00e1me sady pro p\u0159estavbu xenonov\u00fdch sv\u011btel na modern\u011bj\u0161\u00ed Bi-xenonov\u00e9.\",\"publisher\":{\"@id\":\"https:\\\/\\\/retrofitguru.com\\\/en\\\/#organization\"},\"alternateName\":\"Retrofiguru\",\"potentialAction\":[{\"@type\":\"SearchAction\",\"target\":{\"@type\":\"EntryPoint\",\"urlTemplate\":\"https:\\\/\\\/retrofitguru.com\\\/en\\\/?s={search_term_string}\"},\"query-input\":{\"@type\":\"PropertyValueSpecification\",\"valueRequired\":true,\"valueName\":\"search_term_string\"}}],\"inLanguage\":\"cs\"},{\"@type\":\"Organization\",\"@id\":\"https:\\\/\\\/retrofitguru.com\\\/en\\\/#organization\",\"name\":\"RetrofitGuru\",\"url\":\"https:\\\/\\\/retrofitguru.com\\\/en\\\/\",\"logo\":{\"@type\":\"ImageObject\",\"inLanguage\":\"cs\",\"@id\":\"https:\\\/\\\/retrofitguru.com\\\/en\\\/#\\\/schema\\\/logo\\\/image\\\/\",\"url\":\"https:\\\/\\\/www.retrofitguru.com\\\/wp-content\\\/uploads\\\/2022\\\/06\\\/Untitled-2-4.svg\",\"contentUrl\":\"https:\\\/\\\/www.retrofitguru.com\\\/wp-content\\\/uploads\\\/2022\\\/06\\\/Untitled-2-4.svg\",\"width\":1000,\"height\":1000,\"caption\":\"RetrofitGuru\"},\"image\":{\"@id\":\"https:\\\/\\\/retrofitguru.com\\\/en\\\/#\\\/schema\\\/logo\\\/image\\\/\"},\"sameAs\":[\"https:\\\/\\\/www.facebook.com\\\/RetrofitGuru\",\"https:\\\/\\\/www.instagram.com\\\/retrofitguru\\\/\"]}]}<\/script>\n<!-- \/ Yoast SEO plugin. -->","yoast_head_json":{"title":"Ford S-Max mk1 | Bi-xenon sada - Retrofit Guru","description":"Kompletn\u00ed Plug & Play sada pro Ford S-Max mk1 (2006\u20132015) pro snadnou v\u00fdm\u011bnu bi-xenonov\u00fdch projektor\u016f v\u010detn\u011b n\u00e1vodu a ve\u0161ker\u00e9ho p\u0159\u00edslu\u0161enstv\u00ed.","robots":{"index":"index","follow":"follow","max-snippet":"max-snippet:-1","max-image-preview":"max-image-preview:large","max-video-preview":"max-video-preview:-1"},"canonical":"https:\/\/retrofitguru.com\/cs\/produkt\/ford-s-max-mk1-bi-xenon-sada\/","og_locale":"cs_CZ","og_type":"article","og_title":"Ford S-Max mk1 | Bi-xenon sada - Retrofit Guru","og_description":"Kompletn\u00ed Plug & Play sada pro Ford S-Max mk1 (2006\u20132015) pro snadnou v\u00fdm\u011bnu bi-xenonov\u00fdch projektor\u016f v\u010detn\u011b n\u00e1vodu a ve\u0161ker\u00e9ho p\u0159\u00edslu\u0161enstv\u00ed.","og_url":"https:\/\/retrofitguru.com\/cs\/produkt\/ford-s-max-mk1-bi-xenon-sada\/","og_site_name":"Retrofit Guru","article_publisher":"https:\/\/www.facebook.com\/RetrofitGuru","article_modified_time":"2025-12-02T22:02:52+00:00","og_image":[{"width":1000,"height":1000,"url":"https:\/\/retrofitguru.com\/wp-content\/uploads\/2025\/10\/Ford-S-Max.jpg","type":"image\/jpeg"}],"twitter_card":"summary_large_image","twitter_misc":{"Odhadovan\u00e1 doba \u010dten\u00ed":"2 minuty"},"schema":{"@context":"https:\/\/schema.org","@graph":[{"@type":"WebPage","@id":"https:\/\/retrofitguru.com\/cs\/produkt\/ford-s-max-mk1-bi-xenon-sada\/","url":"https:\/\/retrofitguru.com\/cs\/produkt\/ford-s-max-mk1-bi-xenon-sada\/","name":"Ford S-Max mk1 | Bi-xenon sada - Retrofit Guru","isPartOf":{"@id":"https:\/\/retrofitguru.com\/en\/#website"},"primaryImageOfPage":{"@id":"https:\/\/retrofitguru.com\/cs\/produkt\/ford-s-max-mk1-bi-xenon-sada\/#primaryimage"},"image":{"@id":"https:\/\/retrofitguru.com\/cs\/produkt\/ford-s-max-mk1-bi-xenon-sada\/#primaryimage"},"thumbnailUrl":"https:\/\/retrofitguru.com\/wp-content\/uploads\/2025\/10\/Ford-S-Max.jpg","datePublished":"2025-10-06T01:04:42+00:00","dateModified":"2025-12-02T22:02:52+00:00","description":"Kompletn\u00ed Plug & Play sada pro Ford S-Max mk1 (2006\u20132015) pro snadnou v\u00fdm\u011bnu bi-xenonov\u00fdch projektor\u016f v\u010detn\u011b n\u00e1vodu a ve\u0161ker\u00e9ho p\u0159\u00edslu\u0161enstv\u00ed.","breadcrumb":{"@id":"https:\/\/retrofitguru.com\/cs\/produkt\/ford-s-max-mk1-bi-xenon-sada\/#breadcrumb"},"inLanguage":"cs","potentialAction":[{"@type":"ReadAction","target":["https:\/\/retrofitguru.com\/cs\/produkt\/ford-s-max-mk1-bi-xenon-sada\/"]}]},{"@type":"ImageObject","inLanguage":"cs","@id":"https:\/\/retrofitguru.com\/cs\/produkt\/ford-s-max-mk1-bi-xenon-sada\/#primaryimage","url":"https:\/\/retrofitguru.com\/wp-content\/uploads\/2025\/10\/Ford-S-Max.jpg","contentUrl":"https:\/\/retrofitguru.com\/wp-content\/uploads\/2025\/10\/Ford-S-Max.jpg","width":1000,"height":1000},{"@type":"BreadcrumbList","@id":"https:\/\/retrofitguru.com\/cs\/produkt\/ford-s-max-mk1-bi-xenon-sada\/#breadcrumb","itemListElement":[{"@type":"ListItem","position":1,"name":"Dom\u016f","item":"https:\/\/retrofitguru.com\/en\/"},{"@type":"ListItem","position":2,"name":"Products","item":"https:\/\/retrofitguru.com\/en\/shop\/"},{"@type":"ListItem","position":3,"name":"Ford S-Max mk1 | Bi-xenon sada"}]},{"@type":"WebSite","@id":"https:\/\/retrofitguru.com\/en\/#website","url":"https:\/\/retrofitguru.com\/en\/","name":"Retrofit Guru","description":"Prod\u00e1v\u00e1me sady pro p\u0159estavbu xenonov\u00fdch sv\u011btel na modern\u011bj\u0161\u00ed Bi-xenonov\u00e9.","publisher":{"@id":"https:\/\/retrofitguru.com\/en\/#organization"},"alternateName":"Retrofiguru","potentialAction":[{"@type":"SearchAction","target":{"@type":"EntryPoint","urlTemplate":"https:\/\/retrofitguru.com\/en\/?s={search_term_string}"},"query-input":{"@type":"PropertyValueSpecification","valueRequired":true,"valueName":"search_term_string"}}],"inLanguage":"cs"},{"@type":"Organization","@id":"https:\/\/retrofitguru.com\/en\/#organization","name":"RetrofitGuru","url":"https:\/\/retrofitguru.com\/en\/","logo":{"@type":"ImageObject","inLanguage":"cs","@id":"https:\/\/retrofitguru.com\/en\/#\/schema\/logo\/image\/","url":"https:\/\/www.retrofitguru.com\/wp-content\/uploads\/2022\/06\/Untitled-2-4.svg","contentUrl":"https:\/\/www.retrofitguru.com\/wp-content\/uploads\/2022\/06\/Untitled-2-4.svg","width":1000,"height":1000,"caption":"RetrofitGuru"},"image":{"@id":"https:\/\/retrofitguru.com\/en\/#\/schema\/logo\/image\/"},"sameAs":["https:\/\/www.facebook.com\/RetrofitGuru","https:\/\/www.instagram.com\/retrofitguru\/"]}]}},"_links":{"self":[{"href":"https:\/\/retrofitguru.com\/cs\/wp-json\/wp\/v2\/product\/3677","targetHints":{"allow":["GET"]}}],"collection":[{"href":"https:\/\/retrofitguru.com\/cs\/wp-json\/wp\/v2\/product"}],"about":[{"href":"https:\/\/retrofitguru.com\/cs\/wp-json\/wp\/v2\/types\/product"}],"version-history":[{"count":0,"href":"https:\/\/retrofitguru.com\/cs\/wp-json\/wp\/v2\/product\/3677\/revisions"}],"wp:featuredmedia":[{"embeddable":true,"href":"https:\/\/retrofitguru.com\/cs\/wp-json\/wp\/v2\/media\/3694"}],"wp:attachment":[{"href":"https:\/\/retrofitguru.com\/cs\/wp-json\/wp\/v2\/media?parent=3677"}],"wp:term":[{"taxonomy":"product_brand","embeddable":true,"href":"https:\/\/retrofitguru.com\/cs\/wp-json\/wp\/v2\/product_brand?post=3677"},{"taxonomy":"product_cat","embeddable":true,"href":"https:\/\/retrofitguru.com\/cs\/wp-json\/wp\/v2\/product_cat?post=3677"},{"taxonomy":"product_tag","embeddable":true,"href":"https:\/\/retrofitguru.com\/cs\/wp-json\/wp\/v2\/product_tag?post=3677"}],"curies":[{"name":"wp","href":"https:\/\/api.w.org\/{rel}","templated":true}]}}