{"id":3682,"date":"2025-10-06T02:15:59","date_gmt":"2025-10-06T01:15:59","guid":{"rendered":"https:\/\/www.retrofitguru.com\/?post_type=product&#038;p=3682"},"modified":"2025-10-16T07:16:20","modified_gmt":"2025-10-16T06:16:20","slug":"ford-mondeo-mk4-bi-xenon-sada","status":"publish","type":"product","link":"https:\/\/retrofitguru.com\/cs\/produkt\/ford-mondeo-mk4-bi-xenon-sada\/","title":{"rendered":"Ford Mondeo mk4 | Bi-xenon sada"},"content":{"rendered":"<p><span style=\"font-weight: 400;\">Na\u0161e sada pro <strong>Ford Mondeo mk4<\/strong> (2007 &#8211; 2014) obsahuje v\u0161e, co pot\u0159ebujete k v\u00fdm\u011bn\u011b origin\u00e1ln\u00edch bi-xenonov\u00fdch projektor\u016f na mnohem v\u00fdkonn\u011bj\u0161\u00ed se zachov\u00e1n\u00edm p\u016fvodn\u00edho se\u0159izov\u00e1n\u00ed a automatick\u00e9 nivelace sv\u011btel.<\/span><\/p>\n<h2><span style=\"font-weight: 400;\">Hlavn\u00ed v\u00fdhody na\u0161ich bi-xenonov\u00fdch projektor\u016f<\/span><\/h2>\n<ul>\n<li style=\"font-weight: 400;\" aria-level=\"1\"><span style=\"font-weight: 400;\">N\u00e1sobn\u011b siln\u011bj\u0161\u00ed sv\u011bteln\u00fd v\u00fdstup\u00a0<\/span><\/li>\n<li style=\"font-weight: 400;\" aria-level=\"1\"><span style=\"font-weight: 400;\">P\u0159ibyde zdroj na d\u00e1lkov\u00e9 sv\u011btla, p\u016fvodn\u00ed d\u00e1lkov\u00e9 sv\u011btla m\u016f\u017eou i nemus\u00ed z\u016fstat zachov\u00e1na.<\/span><\/li>\n<li style=\"font-weight: 400;\" aria-level=\"1\"><span style=\"font-weight: 400;\">Paraboly jsou narozd\u00edl od origin\u00e1ln\u00edch <strong>vyroben\u00e9 z<\/strong> <strong>hlin\u00edku<\/strong>, d\u00edky \u010demu\u017e se ani po letech nezkrout\u00ed nebo neprop\u00e1l\u00ed. Z\u00e1rove\u0148 napom\u00e1haj\u00ed i k lep\u0161\u00edmu odv\u00e1d\u011bn\u00ed tepla d\u00edky \u010demu\u017e m\u00e1 pochromen\u00ed projektoru del\u0161\u00ed \u017eivotnost ne\u017e u origin\u00e1ln\u00edch sv\u011btel.<\/span><\/li>\n<li style=\"font-weight: 400;\" aria-level=\"1\"><span style=\"font-weight: 400;\">Clona projektoru je vy\u0159ez\u00e1na laserem za c\u00edlem dos\u00e1hnout co nejp\u0159esn\u011bj\u0161\u00ed lomu sv\u011btla. Z\u00e1rove\u0148 ani nepropou\u0161t\u00ed \u017e\u00e1dn\u00e9 sv\u011btlo nad lom, d\u00edky \u010demu\u017e neosl\u0148uje protijedouc\u00ed vozidla.<\/span><\/li>\n<li style=\"font-weight: 400;\" aria-level=\"1\"><span style=\"font-weight: 400;\">Projektory maj\u00ed <strong>k\u0159i\u0161\u0165\u00e1lov\u011b \u010dirou \u010do\u010dku<\/strong>, kter\u00e1 se pou\u017e\u00edv\u00e1 pro maxim\u00e1ln\u011b mo\u017enou sv\u00edtivost a zanech\u00e1v\u00e1 mod\u0159e zbarven\u00fd lom.<\/span><\/li>\n<\/ul>\n<p>&nbsp;<\/p>\n<p><span style=\"font-weight: 400;\">Jedn\u00e1 se o jednoduchou p\u0159estavbu, kterou zvl\u00e1dnou i \u00fapln\u00ed za\u010d\u00e1te\u010dn\u00edci. U sv\u011btel nen\u00ed pot\u0159eba rozlepovat p\u0159edn\u00ed plexiskla. V\u0161e se nech\u00e1 ud\u011blat otvorem pro v\u00fdm\u011bnu v\u00fdbojky a pokud pomineme demont\u00e1\u017e a mont\u00e1\u017e sv\u011btlomet\u016f, m\u016f\u017eete o\u010dek\u00e1vat, \u017ee pr\u00e1ce zabere jednu a\u017e dv\u011b hodiny.\u00a0<\/span><\/p>\n<p><span style=\"font-weight: 400;\">Sada je slo\u017eena tak, aby byla kompletn\u011b <strong>Plug &amp; Play<\/strong>, co\u017e znamen\u00e1 \u017ee u instalace nen\u00ed pot\u0159eba nic jakkoliv upravovat. Ke ka\u017ed\u00e9mu vozu tak\u00e9 vytv\u00e1\u0159\u00edme <a href=\"https:\/\/www.retrofitguru.com\/blog\/vymena-xenonovych-projektoru-ford-mondeo-mk4\/\"><strong>n\u00e1vod<\/strong><\/a>, kter\u00fd V\u00e1s kompletn\u011b provede instalac\u00ed, p\u0159\u00edpadn\u011b V\u00e1m pom\u016f\u017eeme s instalac\u00ed mi p\u0159es telefon, email nebo soci\u00e1ln\u00ed s\u00edt\u011b.\u00a0<\/span><\/p>\n<p><span style=\"font-weight: 400;\">Sou\u010d\u00e1st\u00ed setu jsou dva bi-xenonov\u00e9 projektory, dr\u017e\u00e1ky v\u00fdbojky, adapt\u00e9ry, v\u0161echen pot\u0159ebn\u00fd spojovac\u00ed materi\u00e1l k instalaci.\u00a0<\/span><\/p>\n<p>Do projektoru pasuj\u00ed p\u016fvodn\u00ed D1S xenonov\u00e9 v\u00fdbojky, tak\u017ee nen\u00ed nutn\u00e9 pro p\u0159estavbu po\u0159izovat nov\u00e9. Lze pou\u017e\u00edt i LED s D1S patic\u00ed.<\/p>\n<p>Pro zaji\u0161t\u011bn\u00ed perfektn\u00ed sv\u00edtivosti je nutn\u00e9, aby plexiskla byla v dobr\u00e9m stavu. Popraskan\u00e1 nebo za\u017eloutl\u00e1 plexiskla rozost\u0159uj\u00ed lom sv\u011btla, co\u017e m\u016f\u017ee zp\u016fsobovat osl\u0148ov\u00e1n\u00ed protijedouc\u00edch vozidel a z\u00e1rove\u0148 v\u00fdrazn\u011b sni\u017euje sv\u00edtivost. V na\u0161\u00ed nab\u00eddce m\u00e1me <strong>plexiskla pro model Ford Mondeo mk4<\/strong>, kter\u00e1 naleznete <a href=\"https:\/\/www.retrofitguru.com\/produkt\/kryty-svetel-ford-mondeo-mk4\/\"><strong>zde<\/strong><\/a>.<\/p>\n<p><span style=\"font-weight: 400;\">Sada nen\u00ed ur\u010dena pro provoz na pozemn\u00edch komunikac\u00edch.\u00a0<\/span><\/p>\n<p><span style=\"font-weight: 400;\">Sada je ur\u010dena pro <strong>origin\u00e1ln\u00ed xenonov\u00e9<\/strong> sv\u011btlomety.<\/span><\/p>\n","protected":false},"excerpt":{"rendered":"<p>Bi-xenon p\u0159estavbov\u00e1 sada pro Ford Mondeo mk4 (2007\u20132014) z p\u016fvodn\u00edch vysv\u00edcen\u00fdch bi-xenonov\u00fdch projektoru na mnohem v\u00fdkonn\u011bj\u0161\u00ed se zachov\u00e1n\u00edm p\u016fvodn\u00edho se\u0159izov\u00e1n\u00ed sv\u011btel a automatick\u00e9 nivelace.<\/p>\n","protected":false},"featured_media":3696,"template":"","meta":[],"product_brand":[],"product_cat":[1441,1443],"product_tag":[1622],"class_list":{"0":"post-3682","1":"product","2":"type-product","3":"status-publish","4":"has-post-thumbnail","6":"product_cat-bixenon-sady","7":"product_cat-ford","8":"product_tag-mondeomk4","10":"first","11":"instock","12":"shipping-taxable","13":"purchasable","14":"product-type-simple"},"yoast_head":"<!-- This site is optimized with the Yoast SEO plugin v27.3 - https:\/\/yoast.com\/product\/yoast-seo-wordpress\/ -->\n<title>Ford Mondeo mk4 | Bi-xenon sada - Retrofit Guru<\/title>\n<meta name=\"description\" content=\"Plug &amp; Play Bi-xenonov\u00e1 opravn\u00e1 sada pro Ford Mondeo mk4 (2007\u20132014) umo\u017e\u0148uje snadnou v\u00fdm\u011bnu p\u016fvodn\u00edch vysv\u00edcen\u00fdch bi-xenonov\u00fdch projektor\u016f za nov\u00e9.\" \/>\n<meta name=\"robots\" content=\"index, follow, max-snippet:-1, max-image-preview:large, max-video-preview:-1\" \/>\n<link rel=\"canonical\" href=\"https:\/\/retrofitguru.com\/cs\/produkt\/ford-mondeo-mk4-bi-xenon-sada\/\" \/>\n<meta property=\"og:locale\" content=\"cs_CZ\" \/>\n<meta property=\"og:type\" content=\"article\" \/>\n<meta property=\"og:title\" content=\"Ford Mondeo mk4 | Bi-xenon sada - Retrofit Guru\" \/>\n<meta property=\"og:description\" content=\"Plug &amp; Play Bi-xenonov\u00e1 opravn\u00e1 sada pro Ford Mondeo mk4 (2007\u20132014) umo\u017e\u0148uje snadnou v\u00fdm\u011bnu p\u016fvodn\u00edch vysv\u00edcen\u00fdch bi-xenonov\u00fdch projektor\u016f za nov\u00e9.\" \/>\n<meta property=\"og:url\" content=\"https:\/\/retrofitguru.com\/cs\/produkt\/ford-mondeo-mk4-bi-xenon-sada\/\" \/>\n<meta property=\"og:site_name\" content=\"Retrofit Guru\" \/>\n<meta property=\"article:publisher\" content=\"https:\/\/www.facebook.com\/RetrofitGuru\" \/>\n<meta property=\"article:modified_time\" content=\"2025-10-16T06:16:20+00:00\" \/>\n<meta property=\"og:image\" content=\"https:\/\/retrofitguru.com\/wp-content\/uploads\/2025\/10\/Mondeo-mk4.jpg\" \/>\n\t<meta property=\"og:image:width\" content=\"1000\" \/>\n\t<meta property=\"og:image:height\" content=\"1000\" \/>\n\t<meta property=\"og:image:type\" content=\"image\/jpeg\" \/>\n<meta name=\"twitter:card\" content=\"summary_large_image\" \/>\n<meta name=\"twitter:label1\" content=\"Odhadovan\u00e1 doba \u010dten\u00ed\" \/>\n\t<meta name=\"twitter:data1\" content=\"2 minuty\" \/>\n<script type=\"application\/ld+json\" class=\"yoast-schema-graph\">{\"@context\":\"https:\\\/\\\/schema.org\",\"@graph\":[{\"@type\":\"WebPage\",\"@id\":\"https:\\\/\\\/retrofitguru.com\\\/cs\\\/produkt\\\/ford-mondeo-mk4-bi-xenon-sada\\\/\",\"url\":\"https:\\\/\\\/retrofitguru.com\\\/cs\\\/produkt\\\/ford-mondeo-mk4-bi-xenon-sada\\\/\",\"name\":\"Ford Mondeo mk4 | Bi-xenon sada - Retrofit Guru\",\"isPartOf\":{\"@id\":\"https:\\\/\\\/retrofitguru.com\\\/en\\\/#website\"},\"primaryImageOfPage\":{\"@id\":\"https:\\\/\\\/retrofitguru.com\\\/cs\\\/produkt\\\/ford-mondeo-mk4-bi-xenon-sada\\\/#primaryimage\"},\"image\":{\"@id\":\"https:\\\/\\\/retrofitguru.com\\\/cs\\\/produkt\\\/ford-mondeo-mk4-bi-xenon-sada\\\/#primaryimage\"},\"thumbnailUrl\":\"https:\\\/\\\/retrofitguru.com\\\/wp-content\\\/uploads\\\/2025\\\/10\\\/Mondeo-mk4.jpg\",\"datePublished\":\"2025-10-06T01:15:59+00:00\",\"dateModified\":\"2025-10-16T06:16:20+00:00\",\"description\":\"Plug & Play Bi-xenonov\u00e1 opravn\u00e1 sada pro Ford Mondeo mk4 (2007\u20132014) umo\u017e\u0148uje snadnou v\u00fdm\u011bnu p\u016fvodn\u00edch vysv\u00edcen\u00fdch bi-xenonov\u00fdch projektor\u016f za nov\u00e9.\",\"breadcrumb\":{\"@id\":\"https:\\\/\\\/retrofitguru.com\\\/cs\\\/produkt\\\/ford-mondeo-mk4-bi-xenon-sada\\\/#breadcrumb\"},\"inLanguage\":\"cs\",\"potentialAction\":[{\"@type\":\"ReadAction\",\"target\":[\"https:\\\/\\\/retrofitguru.com\\\/cs\\\/produkt\\\/ford-mondeo-mk4-bi-xenon-sada\\\/\"]}]},{\"@type\":\"ImageObject\",\"inLanguage\":\"cs\",\"@id\":\"https:\\\/\\\/retrofitguru.com\\\/cs\\\/produkt\\\/ford-mondeo-mk4-bi-xenon-sada\\\/#primaryimage\",\"url\":\"https:\\\/\\\/retrofitguru.com\\\/wp-content\\\/uploads\\\/2025\\\/10\\\/Mondeo-mk4.jpg\",\"contentUrl\":\"https:\\\/\\\/retrofitguru.com\\\/wp-content\\\/uploads\\\/2025\\\/10\\\/Mondeo-mk4.jpg\",\"width\":1000,\"height\":1000},{\"@type\":\"BreadcrumbList\",\"@id\":\"https:\\\/\\\/retrofitguru.com\\\/cs\\\/produkt\\\/ford-mondeo-mk4-bi-xenon-sada\\\/#breadcrumb\",\"itemListElement\":[{\"@type\":\"ListItem\",\"position\":1,\"name\":\"Dom\u016f\",\"item\":\"https:\\\/\\\/retrofitguru.com\\\/en\\\/\"},{\"@type\":\"ListItem\",\"position\":2,\"name\":\"Products\",\"item\":\"https:\\\/\\\/retrofitguru.com\\\/en\\\/shop\\\/\"},{\"@type\":\"ListItem\",\"position\":3,\"name\":\"Ford Mondeo mk4 | Bi-xenon sada\"}]},{\"@type\":\"WebSite\",\"@id\":\"https:\\\/\\\/retrofitguru.com\\\/en\\\/#website\",\"url\":\"https:\\\/\\\/retrofitguru.com\\\/en\\\/\",\"name\":\"Retrofit Guru\",\"description\":\"Prod\u00e1v\u00e1me sady pro p\u0159estavbu xenonov\u00fdch sv\u011btel na modern\u011bj\u0161\u00ed Bi-xenonov\u00e9.\",\"publisher\":{\"@id\":\"https:\\\/\\\/retrofitguru.com\\\/en\\\/#organization\"},\"alternateName\":\"Retrofiguru\",\"potentialAction\":[{\"@type\":\"SearchAction\",\"target\":{\"@type\":\"EntryPoint\",\"urlTemplate\":\"https:\\\/\\\/retrofitguru.com\\\/en\\\/?s={search_term_string}\"},\"query-input\":{\"@type\":\"PropertyValueSpecification\",\"valueRequired\":true,\"valueName\":\"search_term_string\"}}],\"inLanguage\":\"cs\"},{\"@type\":\"Organization\",\"@id\":\"https:\\\/\\\/retrofitguru.com\\\/en\\\/#organization\",\"name\":\"RetrofitGuru\",\"url\":\"https:\\\/\\\/retrofitguru.com\\\/en\\\/\",\"logo\":{\"@type\":\"ImageObject\",\"inLanguage\":\"cs\",\"@id\":\"https:\\\/\\\/retrofitguru.com\\\/en\\\/#\\\/schema\\\/logo\\\/image\\\/\",\"url\":\"https:\\\/\\\/www.retrofitguru.com\\\/wp-content\\\/uploads\\\/2022\\\/06\\\/Untitled-2-4.svg\",\"contentUrl\":\"https:\\\/\\\/www.retrofitguru.com\\\/wp-content\\\/uploads\\\/2022\\\/06\\\/Untitled-2-4.svg\",\"width\":1000,\"height\":1000,\"caption\":\"RetrofitGuru\"},\"image\":{\"@id\":\"https:\\\/\\\/retrofitguru.com\\\/en\\\/#\\\/schema\\\/logo\\\/image\\\/\"},\"sameAs\":[\"https:\\\/\\\/www.facebook.com\\\/RetrofitGuru\",\"https:\\\/\\\/www.instagram.com\\\/retrofitguru\\\/\"]}]}<\/script>\n<!-- \/ Yoast SEO plugin. -->","yoast_head_json":{"title":"Ford Mondeo mk4 | Bi-xenon sada - Retrofit Guru","description":"Plug & Play Bi-xenonov\u00e1 opravn\u00e1 sada pro Ford Mondeo mk4 (2007\u20132014) umo\u017e\u0148uje snadnou v\u00fdm\u011bnu p\u016fvodn\u00edch vysv\u00edcen\u00fdch bi-xenonov\u00fdch projektor\u016f za nov\u00e9.","robots":{"index":"index","follow":"follow","max-snippet":"max-snippet:-1","max-image-preview":"max-image-preview:large","max-video-preview":"max-video-preview:-1"},"canonical":"https:\/\/retrofitguru.com\/cs\/produkt\/ford-mondeo-mk4-bi-xenon-sada\/","og_locale":"cs_CZ","og_type":"article","og_title":"Ford Mondeo mk4 | Bi-xenon sada - Retrofit Guru","og_description":"Plug & Play Bi-xenonov\u00e1 opravn\u00e1 sada pro Ford Mondeo mk4 (2007\u20132014) umo\u017e\u0148uje snadnou v\u00fdm\u011bnu p\u016fvodn\u00edch vysv\u00edcen\u00fdch bi-xenonov\u00fdch projektor\u016f za nov\u00e9.","og_url":"https:\/\/retrofitguru.com\/cs\/produkt\/ford-mondeo-mk4-bi-xenon-sada\/","og_site_name":"Retrofit Guru","article_publisher":"https:\/\/www.facebook.com\/RetrofitGuru","article_modified_time":"2025-10-16T06:16:20+00:00","og_image":[{"width":1000,"height":1000,"url":"https:\/\/retrofitguru.com\/wp-content\/uploads\/2025\/10\/Mondeo-mk4.jpg","type":"image\/jpeg"}],"twitter_card":"summary_large_image","twitter_misc":{"Odhadovan\u00e1 doba \u010dten\u00ed":"2 minuty"},"schema":{"@context":"https:\/\/schema.org","@graph":[{"@type":"WebPage","@id":"https:\/\/retrofitguru.com\/cs\/produkt\/ford-mondeo-mk4-bi-xenon-sada\/","url":"https:\/\/retrofitguru.com\/cs\/produkt\/ford-mondeo-mk4-bi-xenon-sada\/","name":"Ford Mondeo mk4 | Bi-xenon sada - Retrofit Guru","isPartOf":{"@id":"https:\/\/retrofitguru.com\/en\/#website"},"primaryImageOfPage":{"@id":"https:\/\/retrofitguru.com\/cs\/produkt\/ford-mondeo-mk4-bi-xenon-sada\/#primaryimage"},"image":{"@id":"https:\/\/retrofitguru.com\/cs\/produkt\/ford-mondeo-mk4-bi-xenon-sada\/#primaryimage"},"thumbnailUrl":"https:\/\/retrofitguru.com\/wp-content\/uploads\/2025\/10\/Mondeo-mk4.jpg","datePublished":"2025-10-06T01:15:59+00:00","dateModified":"2025-10-16T06:16:20+00:00","description":"Plug & Play Bi-xenonov\u00e1 opravn\u00e1 sada pro Ford Mondeo mk4 (2007\u20132014) umo\u017e\u0148uje snadnou v\u00fdm\u011bnu p\u016fvodn\u00edch vysv\u00edcen\u00fdch bi-xenonov\u00fdch projektor\u016f za nov\u00e9.","breadcrumb":{"@id":"https:\/\/retrofitguru.com\/cs\/produkt\/ford-mondeo-mk4-bi-xenon-sada\/#breadcrumb"},"inLanguage":"cs","potentialAction":[{"@type":"ReadAction","target":["https:\/\/retrofitguru.com\/cs\/produkt\/ford-mondeo-mk4-bi-xenon-sada\/"]}]},{"@type":"ImageObject","inLanguage":"cs","@id":"https:\/\/retrofitguru.com\/cs\/produkt\/ford-mondeo-mk4-bi-xenon-sada\/#primaryimage","url":"https:\/\/retrofitguru.com\/wp-content\/uploads\/2025\/10\/Mondeo-mk4.jpg","contentUrl":"https:\/\/retrofitguru.com\/wp-content\/uploads\/2025\/10\/Mondeo-mk4.jpg","width":1000,"height":1000},{"@type":"BreadcrumbList","@id":"https:\/\/retrofitguru.com\/cs\/produkt\/ford-mondeo-mk4-bi-xenon-sada\/#breadcrumb","itemListElement":[{"@type":"ListItem","position":1,"name":"Dom\u016f","item":"https:\/\/retrofitguru.com\/en\/"},{"@type":"ListItem","position":2,"name":"Products","item":"https:\/\/retrofitguru.com\/en\/shop\/"},{"@type":"ListItem","position":3,"name":"Ford Mondeo mk4 | Bi-xenon sada"}]},{"@type":"WebSite","@id":"https:\/\/retrofitguru.com\/en\/#website","url":"https:\/\/retrofitguru.com\/en\/","name":"Retrofit Guru","description":"Prod\u00e1v\u00e1me sady pro p\u0159estavbu xenonov\u00fdch sv\u011btel na modern\u011bj\u0161\u00ed Bi-xenonov\u00e9.","publisher":{"@id":"https:\/\/retrofitguru.com\/en\/#organization"},"alternateName":"Retrofiguru","potentialAction":[{"@type":"SearchAction","target":{"@type":"EntryPoint","urlTemplate":"https:\/\/retrofitguru.com\/en\/?s={search_term_string}"},"query-input":{"@type":"PropertyValueSpecification","valueRequired":true,"valueName":"search_term_string"}}],"inLanguage":"cs"},{"@type":"Organization","@id":"https:\/\/retrofitguru.com\/en\/#organization","name":"RetrofitGuru","url":"https:\/\/retrofitguru.com\/en\/","logo":{"@type":"ImageObject","inLanguage":"cs","@id":"https:\/\/retrofitguru.com\/en\/#\/schema\/logo\/image\/","url":"https:\/\/www.retrofitguru.com\/wp-content\/uploads\/2022\/06\/Untitled-2-4.svg","contentUrl":"https:\/\/www.retrofitguru.com\/wp-content\/uploads\/2022\/06\/Untitled-2-4.svg","width":1000,"height":1000,"caption":"RetrofitGuru"},"image":{"@id":"https:\/\/retrofitguru.com\/en\/#\/schema\/logo\/image\/"},"sameAs":["https:\/\/www.facebook.com\/RetrofitGuru","https:\/\/www.instagram.com\/retrofitguru\/"]}]}},"_links":{"self":[{"href":"https:\/\/retrofitguru.com\/cs\/wp-json\/wp\/v2\/product\/3682","targetHints":{"allow":["GET"]}}],"collection":[{"href":"https:\/\/retrofitguru.com\/cs\/wp-json\/wp\/v2\/product"}],"about":[{"href":"https:\/\/retrofitguru.com\/cs\/wp-json\/wp\/v2\/types\/product"}],"version-history":[{"count":0,"href":"https:\/\/retrofitguru.com\/cs\/wp-json\/wp\/v2\/product\/3682\/revisions"}],"wp:featuredmedia":[{"embeddable":true,"href":"https:\/\/retrofitguru.com\/cs\/wp-json\/wp\/v2\/media\/3696"}],"wp:attachment":[{"href":"https:\/\/retrofitguru.com\/cs\/wp-json\/wp\/v2\/media?parent=3682"}],"wp:term":[{"taxonomy":"product_brand","embeddable":true,"href":"https:\/\/retrofitguru.com\/cs\/wp-json\/wp\/v2\/product_brand?post=3682"},{"taxonomy":"product_cat","embeddable":true,"href":"https:\/\/retrofitguru.com\/cs\/wp-json\/wp\/v2\/product_cat?post=3682"},{"taxonomy":"product_tag","embeddable":true,"href":"https:\/\/retrofitguru.com\/cs\/wp-json\/wp\/v2\/product_tag?post=3682"}],"curies":[{"name":"wp","href":"https:\/\/api.w.org\/{rel}","templated":true}]}}