{"id":449,"date":"2022-08-28T12:32:40","date_gmt":"2022-08-28T12:32:40","guid":{"rendered":"http:\/\/3.123.173.30\/?page_id=449"},"modified":"2024-07-24T21:34:57","modified_gmt":"2024-07-24T20:34:57","slug":"gdpr","status":"publish","type":"page","link":"https:\/\/retrofitguru.com\/en\/ochrana-osobnich-udaju\/","title":{"rendered":"Personal data protection"},"content":{"rendered":"<div data-elementor-type=\"wp-page\" data-elementor-id=\"449\" class=\"elementor elementor-449\" data-elementor-post-type=\"page\">\n\t\t\t\t\t\t<section class=\"elementor-section elementor-top-section elementor-element elementor-element-c4c2943 elementor-section-boxed elementor-section-height-default elementor-section-height-default\" data-id=\"c4c2943\" data-element_type=\"section\" data-e-type=\"section\" data-settings=\"{&quot;background_background&quot;:&quot;classic&quot;}\">\n\t\t\t\t\t\t<div class=\"elementor-container elementor-column-gap-default\">\n\t\t\t\t\t<div class=\"elementor-column elementor-col-100 elementor-top-column elementor-element elementor-element-678171c\" data-id=\"678171c\" data-element_type=\"column\" data-e-type=\"column\">\n\t\t\t<div class=\"elementor-widget-wrap elementor-element-populated\">\n\t\t\t\t\t\t<div class=\"elementor-element elementor-element-4a528fa elementor-widget elementor-widget-text-editor\" data-id=\"4a528fa\" data-element_type=\"widget\" data-e-type=\"widget\" data-widget_type=\"text-editor.default\">\n\t\t\t\t<div class=\"elementor-widget-container\">\n\t\t\t\t\t\t\t\t\t<h1><b>Principles for working with your data<\/b><\/h1>\n<p><span style=\"font-weight: 400;\">We are a company <\/span><b>Retrofitguru s.r.o.<\/b><\/p>\n<p><span style=\"font-weight: 400;\">We operate an e-shop on the website retrofitguru.cz<\/span><\/p>\n<p><span style=\"font-weight: 400;\">For <\/span><span style=\"font-weight: 400;\">sale of goods<\/span><span style=\"font-weight: 400;\"> and the operation of our website, we process some personal data.<\/span><\/p>\n<p><span style=\"font-weight: 400;\">The processing of personal data is governed in particular by Regulation (EU) 2016\/679 of the European Parliament and of the Council of 27 April 2016 on the protection of natural persons with regard to the processing of personal data and on the free movement of such data, and repealing Directive 95\/46\/EC (General Data Protection Regulation) (\"GDPR\")<\/span><\/p>\n<h2><span style=\"font-weight: 400;\">Processing of personal data<\/span><\/h2>\n<ul>\n<li aria-level=\"1\"><b>Processing of personal data when using the contact form<\/b><\/li>\n<\/ul>\n<p><span style=\"font-weight: 400;\">If you enquire about our products and services, we will work with the contact details you provide, mainly via the enquiry form. These are: name, surname, email address, telephone number, address&nbsp;<\/span><\/p>\n<p><span style=\"font-weight: 400;\">For what reason?<\/span><\/p>\n<p><span style=\"font-weight: 400;\">We will contact you through them for further arrangements regarding <\/span><span style=\"font-weight: 400;\">Goods.<\/span><\/p>\n<p><span style=\"font-weight: 400;\">On what legal basis?<\/span><\/p>\n<p><span style=\"font-weight: 400;\">This is processing on the basis of Article 6(1)(b) GDPR - contract negotiation or pre-contractual measures at your request.<\/span><\/p>\n<p><span style=\"font-weight: 400;\">How long will we process personal data?<\/span><\/p>\n<p><span style=\"font-weight: 400;\">If we do not establish further cooperation, we will process your data for a maximum of 60 days from our last communication.&nbsp;<\/span><\/p>\n<ul>\n<li aria-level=\"1\"><b>Processing of personal data in case of purchase<\/b><\/li>\n<\/ul>\n<p><span style=\"font-weight: 400;\">If you make a purchase with us, we will work with the data you fill in. These are mainly billing details: name, surname, address, telephone number, email address<\/span><\/p>\n<p><span style=\"font-weight: 400;\">For what reason?<\/span><\/p>\n<p><span style=\"font-weight: 400;\">We need to process personal data to fulfil our contract - to deliver our <\/span><span style=\"font-weight: 400;\">goods<\/span><span style=\"font-weight: 400;\">. We will also communicate with you via your contact details regarding the status of your order, or regarding any complaints or queries you may have.&nbsp;<\/span><\/p>\n<p><span style=\"font-weight: 400;\">We will also process personal data for the fulfilment of our obligations under the law (mainly for accounting and tax purposes, or for the settlement of complaints, etc.).<\/span><\/p>\n<p><span style=\"font-weight: 400;\">On what legal basis do we process personal data?<\/span><\/p>\n<p><span style=\"font-weight: 400;\">This is processing based on Article 6(1)(b) GDPR - performance of a contract and Article 6(1)(c) GDPR - performance of our legal obligation.<\/span><\/p>\n<p><span style=\"font-weight: 400;\">How long will we process personal data?<\/span><\/p>\n<p><span style=\"font-weight: 400;\">During the period of performance of our service and thereafter for 10 years from the last time such service or goods were provided.<\/span><\/p>\n<h2><span style=\"font-weight: 400;\">Who will get access to the data?<\/span><\/h2>\n<p><span style=\"font-weight: 400;\">Your data will stay with us. However, we do have some companies or other persons working for us who get access to the data because they help us run our e-shop. These are:<\/span><\/p><ul>\n<li style=\"font-weight: 400;\" aria-level=\"1\"><span style=\"font-weight: 400;\">companies involved in the dispatch of goods (the company Z\u00e1silkovna s.r.o., with registered office at \u010ceskomoravsk\u00e1 2408\/1a, Libe\u0148, 190 00 Prague 9, ID: 28408306, registered at the Municipal Court in Prague, Section C, Insert 139387)<\/span><\/li>\n<li style=\"font-weight: 400;\" aria-level=\"1\"><span style=\"font-weight: 400;\">companies involved in the dispatch of payments (company Z\u00e1silkovna s.r.o., with registered office at \u010ceskomoravsk\u00e1 2408\/1a, Libe\u0148, 190 00 Prague 9, ID: 28408306, registered at the Municipal Court in Prague, Section C, Insert 139387)<\/span><\/li>\n<\/ul>\n<p><span style=\"font-weight: 400;\">We process personal data only within the European Union.<\/span><\/p>\n<h2><span style=\"font-weight: 400;\">What else you should know<\/span><\/h2>\n<p><span style=\"font-weight: 400;\">In our company <\/span><span style=\"font-weight: 400;\">We are mute <\/span><span style=\"font-weight: 400;\">the appointed Data Protection Officer.<\/span><\/p>\n<p><span style=\"font-weight: 400;\">In our company <\/span><span style=\"font-weight: 400;\">not occurring<\/span><span style=\"font-weight: 400;\"> to make decisions based on automated processing or profiling.<\/span><\/p>\n<p><span style=\"font-weight: 400;\">If you have any questions about your personal data, please contact us at info@retrofitguru.cz or call us at 736 443 413.<\/span><\/p>\n<h2><span style=\"font-weight: 400;\">Use of cookies<\/span><\/h2>\n<p><span style=\"font-weight: 400;\">Cookies are text files containing small amounts of information that are downloaded to your device when you visit our website. Cookies are then sent back to the website or another website that recognises them on each subsequent visit.&nbsp;<\/span><\/p>\n<p><span style=\"font-weight: 400;\">Cookies perform a variety of tasks, such as allowing you to navigate between websites efficiently, remembering your preferences and generally improving the user experience. They can also ensure that the advertisements displayed online are better tailored to your personality and interests.<\/span><\/p>\n<p><span style=\"font-weight: 400;\">We use the following cookies on the website:<\/span><\/p>\n<ul>\n<li style=\"font-weight: 400;\" aria-level=\"1\"><b>Necessary cookies<\/b><span style=\"font-weight: 400;\">: are needed to run the website, for example to log into secure parts of the site and other basic functionality of the site. This category of cookies cannot be disabled.<\/span><\/li>\n<li style=\"font-weight: 400;\" aria-level=\"1\"><b>Analytical\/statistical cookies<\/b><span style=\"font-weight: 400;\">: allow us, for example, to recognise and track the number of visitors and to monitor how our visitors use the website. They help us to improve the way the site works, for example by making it easy for users to find what they are looking for. We only run these files with your prior consent.<\/span><\/li>\n<li style=\"font-weight: 400;\" aria-level=\"1\"><b>Advertising cookies:<\/b><span style=\"font-weight: 400;\"> are used to track preferences and allow you to see advertising and other content that best matches your interests and online behaviour. We only run these files with your prior consent.<\/span><\/li>\n<\/ul>\n<p><span style=\"font-weight: 400;\">Please note that third parties (including, for example, external service providers) may also use cookies and\/or access data collected by cookies on the website.<\/span><\/p>\n<p><span style=\"font-weight: 400;\">Further information about cookies and the current list of cookies can be found via the individual web browsers, most often under Developer Tools.<\/span><\/p>\n<p><span style=\"font-weight: 400;\">Consent can be expressed by means of a check box contained in the so-called cookie bar. You can subsequently refuse cookies in your browser settings or set to use only some of them.<\/span><\/p>\n<p><span style=\"font-weight: 400;\">For more information on managing cookies in individual browsers, please visit the following links:<\/span><\/p>\n<ul>\n<li style=\"font-weight: 400;\" aria-level=\"1\"><span style=\"font-weight: 400;\">Internet Explorer -&nbsp;<\/span><a href=\"https:\/\/support.microsoft.com\/cs-cz\/help\/17442\/windows-internet-explorer-delete-manage-cookies\"><span style=\"font-weight: 400;\">https:\/\/support.microsoft.com\/cs-cz\/help\/17442\/windows-internet-explorer-delete-manage-cookies<\/span><\/a><span style=\"font-weight: 400;\">&nbsp;<\/span><\/li>\n<li style=\"font-weight: 400;\" aria-level=\"1\"><span style=\"font-weight: 400;\">Google Chrome -&nbsp;<\/span><a href=\"https:\/\/support.google.com\/chrome\/answer\/95647?co=GENIE.Platform%3DDesktop&amp;hl=cs\"><span style=\"font-weight: 400;\">https:\/\/support.google.com\/chrome\/answer\/95647?co=GENIE.Platform%3DDesktop&amp;hl=cs<\/span><\/a><span style=\"font-weight: 400;\">&nbsp;<\/span><\/li>\n<li style=\"font-weight: 400;\" aria-level=\"1\"><span style=\"font-weight: 400;\">Firefox -&nbsp;<\/span><a href=\"https:\/\/support.mozilla.org\/cs\/kb\/povoleni-zakazani-cookies\"><span style=\"font-weight: 400;\">https:\/\/support.mozilla.org\/cs\/kb\/povoleni-zakazani-cookies<\/span><\/a><span style=\"font-weight: 400;\">&nbsp;<\/span><\/li>\n<li style=\"font-weight: 400;\" aria-level=\"1\"><span style=\"font-weight: 400;\">Safari -&nbsp;<\/span><a href=\"https:\/\/support.apple.com\/cs-cz\/guide\/safari\/sfri11471\/mac\"><span style=\"font-weight: 400;\">https:\/\/support.apple.com\/cs-cz\/guide\/safari\/sfri11471\/mac<\/span><\/a><span style=\"font-weight: 400;\">&nbsp;<\/span><\/li>\n<li style=\"font-weight: 400;\" aria-level=\"1\"><span style=\"font-weight: 400;\">Opera -&nbsp;<\/span><a href=\"https:\/\/help.opera.com\/cs\/latest\/security-and-privacy\/\"><span style=\"font-weight: 400;\">https:\/\/help.opera.com\/cs\/latest\/security-and-privacy\/<\/span><\/a><span style=\"font-weight: 400;\">&nbsp;<\/span><\/li>\n<li style=\"font-weight: 400;\" aria-level=\"1\"><span style=\"font-weight: 400;\">Microsoft Edge -&nbsp;<\/span><a href=\"https:\/\/docs.microsoft.com\/cs-cz\/sccm\/compliance\/deploy-use\/browser-profiles\"><span style=\"font-weight: 400;\">https:\/\/docs.microsoft.com\/cs-cz\/sccm\/compliance\/deploy-use\/browser-profiles<\/span><\/a><span style=\"font-weight: 400;\">&nbsp;<\/span><\/li>\n<\/ul>\n<h2><span style=\"font-weight: 400;\">Your rights in relation to the processing of personal data<\/span><\/h2>\n<p><span style=\"font-weight: 400;\">The GDPR gives you, among other things, the right to contact us and ask for information about what personal data we process, to request access to this data and have it updated or corrected, or to request a restriction on processing, you can request a copy of the personal data we process, request that we delete your personal data in certain situations, and in certain cases you have the right to data portability. You can object to processing on the basis of legitimate interest.&nbsp;<\/span><\/p>\n<p><span style=\"font-weight: 400;\">If you think we are not handling your data properly, you have the right to complain to <\/span><a href=\"http:\/\/www.uoou.cz\/\"><span style=\"font-weight: 400;\">Office for Personal Data Protection<\/span><\/a><span style=\"font-weight: 400;\">or take your claims to court.<\/span><\/p>\n<p><span style=\"font-weight: 400;\">These conditions are effective from 13.12.2022.<\/span><\/p>\t\t\t\t\t\t\t\t<\/div>\n\t\t\t\t<\/div>\n\t\t\t\t\t<\/div>\n\t\t<\/div>\n\t\t\t\t\t<\/div>\n\t\t<\/section>\n\t\t\t\t<\/div>","protected":false},"excerpt":{"rendered":"<p>Z\u00e1sady pr\u00e1ce s&nbsp;va\u0161imi \u00fadaji Jsme spole\u010dnost Retrofitguru s.r.o. Provozujeme e-shop na webov\u00fdch str\u00e1nk\u00e1ch retrofitguru.cz Pro prodej zbo\u017e\u00ed a provoz na\u0161ich webov\u00fdch str\u00e1nek zpracov\u00e1v\u00e1me n\u011bkter\u00e9 osobn\u00ed \u00fadaje. Zpracov\u00e1n\u00ed osobn\u00edch \u00fadaj\u016f upravuje zejm\u00e9na na\u0159\u00edzen\u00ed Evropsk\u00e9ho parlamentu a Rady (EU) 2016\/679 ze dne 27. dubna 2016 o ochran\u011b fyzick\u00fdch sobo v&nbsp;souvislosti se zpracov\u00e1n\u00edm osobn\u00edch \u00fadaj\u016f a o voln\u00e9m [&hellip;]<\/p>\n","protected":false},"author":1,"featured_media":0,"parent":0,"menu_order":0,"comment_status":"closed","ping_status":"closed","template":"elementor_header_footer","meta":{"footnotes":""},"class_list":["post-449","page","type-page","status-publish","hentry"],"yoast_head":"<!-- This site is optimized with the Yoast SEO plugin v27.3 - https:\/\/yoast.com\/product\/yoast-seo-wordpress\/ -->\n<title>Ochrana osobn\u00edch \u00fadaj\u016f - Retrofit Guru<\/title>\n<meta name=\"robots\" content=\"index, follow, max-snippet:-1, max-image-preview:large, max-video-preview:-1\" \/>\n<link rel=\"canonical\" href=\"https:\/\/retrofitguru.com\/en\/gdpr\/\" \/>\n<meta property=\"og:locale\" content=\"en_GB\" \/>\n<meta property=\"og:type\" content=\"article\" \/>\n<meta property=\"og:title\" content=\"Ochrana osobn\u00edch \u00fadaj\u016f - Retrofit Guru\" \/>\n<meta property=\"og:description\" content=\"Z\u00e1sady pr\u00e1ce s&nbsp;va\u0161imi \u00fadaji Jsme spole\u010dnost Retrofitguru s.r.o. Provozujeme e-shop na webov\u00fdch str\u00e1nk\u00e1ch retrofitguru.cz Pro prodej zbo\u017e\u00ed a provoz na\u0161ich webov\u00fdch str\u00e1nek zpracov\u00e1v\u00e1me n\u011bkter\u00e9 osobn\u00ed \u00fadaje. Zpracov\u00e1n\u00ed osobn\u00edch \u00fadaj\u016f upravuje zejm\u00e9na na\u0159\u00edzen\u00ed Evropsk\u00e9ho parlamentu a Rady (EU) 2016\/679 ze dne 27. dubna 2016 o ochran\u011b fyzick\u00fdch sobo v&nbsp;souvislosti se zpracov\u00e1n\u00edm osobn\u00edch \u00fadaj\u016f a o voln\u00e9m [&hellip;]\" \/>\n<meta property=\"og:url\" content=\"https:\/\/retrofitguru.com\/en\/gdpr\/\" \/>\n<meta property=\"og:site_name\" content=\"Retrofit Guru\" \/>\n<meta property=\"article:publisher\" content=\"https:\/\/www.facebook.com\/RetrofitGuru\" \/>\n<meta property=\"article:modified_time\" content=\"2024-07-24T20:34:57+00:00\" \/>\n<meta name=\"twitter:card\" content=\"summary_large_image\" \/>\n<meta name=\"twitter:label1\" content=\"Estimated reading time\" \/>\n\t<meta name=\"twitter:data1\" content=\"5 minutes\" \/>\n<script type=\"application\/ld+json\" class=\"yoast-schema-graph\">{\"@context\":\"https:\\\/\\\/schema.org\",\"@graph\":[{\"@type\":\"WebPage\",\"@id\":\"https:\\\/\\\/retrofitguru.com\\\/en\\\/gdpr\\\/\",\"url\":\"https:\\\/\\\/retrofitguru.com\\\/en\\\/gdpr\\\/\",\"name\":\"Ochrana osobn\u00edch \u00fadaj\u016f - Retrofit Guru\",\"isPartOf\":{\"@id\":\"https:\\\/\\\/retrofitguru.com\\\/en\\\/#website\"},\"datePublished\":\"2022-08-28T12:32:40+00:00\",\"dateModified\":\"2024-07-24T20:34:57+00:00\",\"breadcrumb\":{\"@id\":\"https:\\\/\\\/retrofitguru.com\\\/en\\\/gdpr\\\/#breadcrumb\"},\"inLanguage\":\"en-GB\",\"potentialAction\":[{\"@type\":\"ReadAction\",\"target\":[\"https:\\\/\\\/retrofitguru.com\\\/en\\\/gdpr\\\/\"]}]},{\"@type\":\"BreadcrumbList\",\"@id\":\"https:\\\/\\\/retrofitguru.com\\\/en\\\/gdpr\\\/#breadcrumb\",\"itemListElement\":[{\"@type\":\"ListItem\",\"position\":1,\"name\":\"Dom\u016f\",\"item\":\"https:\\\/\\\/retrofitguru.com\\\/en\\\/\"},{\"@type\":\"ListItem\",\"position\":2,\"name\":\"Ochrana osobn\u00edch \u00fadaj\u016f\"}]},{\"@type\":\"WebSite\",\"@id\":\"https:\\\/\\\/retrofitguru.com\\\/en\\\/#website\",\"url\":\"https:\\\/\\\/retrofitguru.com\\\/en\\\/\",\"name\":\"Retrofit Guru\",\"description\":\"Prod\u00e1v\u00e1me sady pro p\u0159estavbu xenonov\u00fdch sv\u011btel na modern\u011bj\u0161\u00ed Bi-xenonov\u00e9.\",\"publisher\":{\"@id\":\"https:\\\/\\\/retrofitguru.com\\\/en\\\/#organization\"},\"alternateName\":\"Retrofiguru\",\"potentialAction\":[{\"@type\":\"SearchAction\",\"target\":{\"@type\":\"EntryPoint\",\"urlTemplate\":\"https:\\\/\\\/retrofitguru.com\\\/en\\\/?s={search_term_string}\"},\"query-input\":{\"@type\":\"PropertyValueSpecification\",\"valueRequired\":true,\"valueName\":\"search_term_string\"}}],\"inLanguage\":\"en-GB\"},{\"@type\":\"Organization\",\"@id\":\"https:\\\/\\\/retrofitguru.com\\\/en\\\/#organization\",\"name\":\"RetrofitGuru\",\"url\":\"https:\\\/\\\/retrofitguru.com\\\/en\\\/\",\"logo\":{\"@type\":\"ImageObject\",\"inLanguage\":\"en-GB\",\"@id\":\"https:\\\/\\\/retrofitguru.com\\\/en\\\/#\\\/schema\\\/logo\\\/image\\\/\",\"url\":\"https:\\\/\\\/www.retrofitguru.com\\\/wp-content\\\/uploads\\\/2022\\\/06\\\/Untitled-2-4.svg\",\"contentUrl\":\"https:\\\/\\\/www.retrofitguru.com\\\/wp-content\\\/uploads\\\/2022\\\/06\\\/Untitled-2-4.svg\",\"width\":1000,\"height\":1000,\"caption\":\"RetrofitGuru\"},\"image\":{\"@id\":\"https:\\\/\\\/retrofitguru.com\\\/en\\\/#\\\/schema\\\/logo\\\/image\\\/\"},\"sameAs\":[\"https:\\\/\\\/www.facebook.com\\\/RetrofitGuru\",\"https:\\\/\\\/www.instagram.com\\\/retrofitguru\\\/\"]}]}<\/script>\n<!-- \/ Yoast SEO plugin. -->","yoast_head_json":{"title":"Privacy Policy - Retrofit Guru","robots":{"index":"index","follow":"follow","max-snippet":"max-snippet:-1","max-image-preview":"max-image-preview:large","max-video-preview":"max-video-preview:-1"},"canonical":"https:\/\/retrofitguru.com\/en\/gdpr\/","og_locale":"en_GB","og_type":"article","og_title":"Ochrana osobn\u00edch \u00fadaj\u016f - Retrofit Guru","og_description":"Z\u00e1sady pr\u00e1ce s&nbsp;va\u0161imi \u00fadaji Jsme spole\u010dnost Retrofitguru s.r.o. Provozujeme e-shop na webov\u00fdch str\u00e1nk\u00e1ch retrofitguru.cz Pro prodej zbo\u017e\u00ed a provoz na\u0161ich webov\u00fdch str\u00e1nek zpracov\u00e1v\u00e1me n\u011bkter\u00e9 osobn\u00ed \u00fadaje. Zpracov\u00e1n\u00ed osobn\u00edch \u00fadaj\u016f upravuje zejm\u00e9na na\u0159\u00edzen\u00ed Evropsk\u00e9ho parlamentu a Rady (EU) 2016\/679 ze dne 27. dubna 2016 o ochran\u011b fyzick\u00fdch sobo v&nbsp;souvislosti se zpracov\u00e1n\u00edm osobn\u00edch \u00fadaj\u016f a o voln\u00e9m [&hellip;]","og_url":"https:\/\/retrofitguru.com\/en\/gdpr\/","og_site_name":"Retrofit Guru","article_publisher":"https:\/\/www.facebook.com\/RetrofitGuru","article_modified_time":"2024-07-24T20:34:57+00:00","twitter_card":"summary_large_image","twitter_misc":{"Estimated reading time":"5 minutes"},"schema":{"@context":"https:\/\/schema.org","@graph":[{"@type":"WebPage","@id":"https:\/\/retrofitguru.com\/en\/gdpr\/","url":"https:\/\/retrofitguru.com\/en\/gdpr\/","name":"Privacy Policy - Retrofit Guru","isPartOf":{"@id":"https:\/\/retrofitguru.com\/en\/#website"},"datePublished":"2022-08-28T12:32:40+00:00","dateModified":"2024-07-24T20:34:57+00:00","breadcrumb":{"@id":"https:\/\/retrofitguru.com\/en\/gdpr\/#breadcrumb"},"inLanguage":"en-GB","potentialAction":[{"@type":"ReadAction","target":["https:\/\/retrofitguru.com\/en\/gdpr\/"]}]},{"@type":"BreadcrumbList","@id":"https:\/\/retrofitguru.com\/en\/gdpr\/#breadcrumb","itemListElement":[{"@type":"ListItem","position":1,"name":"Dom\u016f","item":"https:\/\/retrofitguru.com\/en\/"},{"@type":"ListItem","position":2,"name":"Ochrana osobn\u00edch \u00fadaj\u016f"}]},{"@type":"WebSite","@id":"https:\/\/retrofitguru.com\/en\/#website","url":"https:\/\/retrofitguru.com\/en\/","name":"Retrofit Guru","description":"We sell kits for converting xenon lights to more modern Bi-xenon lights.","publisher":{"@id":"https:\/\/retrofitguru.com\/en\/#organization"},"alternateName":"Retrofiguru","potentialAction":[{"@type":"SearchAction","target":{"@type":"EntryPoint","urlTemplate":"https:\/\/retrofitguru.com\/en\/?s={search_term_string}"},"query-input":{"@type":"PropertyValueSpecification","valueRequired":true,"valueName":"search_term_string"}}],"inLanguage":"en-GB"},{"@type":"Organization","@id":"https:\/\/retrofitguru.com\/en\/#organization","name":"RetrofitGuru","url":"https:\/\/retrofitguru.com\/en\/","logo":{"@type":"ImageObject","inLanguage":"en-GB","@id":"https:\/\/retrofitguru.com\/en\/#\/schema\/logo\/image\/","url":"https:\/\/www.retrofitguru.com\/wp-content\/uploads\/2022\/06\/Untitled-2-4.svg","contentUrl":"https:\/\/www.retrofitguru.com\/wp-content\/uploads\/2022\/06\/Untitled-2-4.svg","width":1000,"height":1000,"caption":"RetrofitGuru"},"image":{"@id":"https:\/\/retrofitguru.com\/en\/#\/schema\/logo\/image\/"},"sameAs":["https:\/\/www.facebook.com\/RetrofitGuru","https:\/\/www.instagram.com\/retrofitguru\/"]}]}},"_links":{"self":[{"href":"https:\/\/retrofitguru.com\/en\/wp-json\/wp\/v2\/pages\/449","targetHints":{"allow":["GET"]}}],"collection":[{"href":"https:\/\/retrofitguru.com\/en\/wp-json\/wp\/v2\/pages"}],"about":[{"href":"https:\/\/retrofitguru.com\/en\/wp-json\/wp\/v2\/types\/page"}],"author":[{"embeddable":true,"href":"https:\/\/retrofitguru.com\/en\/wp-json\/wp\/v2\/users\/1"}],"replies":[{"embeddable":true,"href":"https:\/\/retrofitguru.com\/en\/wp-json\/wp\/v2\/comments?post=449"}],"version-history":[{"count":0,"href":"https:\/\/retrofitguru.com\/en\/wp-json\/wp\/v2\/pages\/449\/revisions"}],"wp:attachment":[{"href":"https:\/\/retrofitguru.com\/en\/wp-json\/wp\/v2\/media?parent=449"}],"curies":[{"name":"wp","href":"https:\/\/api.w.org\/{rel}","templated":true}]}}