{"id":47,"date":"2022-06-23T21:25:03","date_gmt":"2022-06-23T21:25:03","guid":{"rendered":"http:\/\/3.123.173.30\/help-info\/"},"modified":"2025-05-21T21:11:53","modified_gmt":"2025-05-21T20:11:53","slug":"faq","status":"publish","type":"page","link":"https:\/\/retrofitguru.com\/en\/faq\/","title":{"rendered":"FAQ"},"content":{"rendered":"\t\t<div data-elementor-type=\"wp-page\" data-elementor-id=\"47\" class=\"elementor elementor-47\" data-elementor-post-type=\"page\">\n\t\t\t\t\t\t<section class=\"elementor-section elementor-top-section elementor-element elementor-element-1a065532 elementor-section-boxed elementor-section-height-default elementor-section-height-default\" data-id=\"1a065532\" data-element_type=\"section\" data-e-type=\"section\" data-settings=\"{&quot;background_background&quot;:&quot;classic&quot;}\">\n\t\t\t\t\t\t<div class=\"elementor-container elementor-column-gap-default\">\n\t\t\t\t\t<div class=\"elementor-column elementor-col-100 elementor-top-column elementor-element elementor-element-2682ce72\" data-id=\"2682ce72\" data-element_type=\"column\" data-e-type=\"column\">\n\t\t\t<div class=\"elementor-widget-wrap elementor-element-populated\">\n\t\t\t\t\t\t<div class=\"elementor-element elementor-element-3c891152 elementor-widget elementor-widget-heading\" data-id=\"3c891152\" data-element_type=\"widget\" data-e-type=\"widget\" data-widget_type=\"heading.default\">\n\t\t\t\t<div class=\"elementor-widget-container\">\n\t\t\t\t\t<h1 class=\"elementor-heading-title elementor-size-default\">FAQ<\/h1>\t\t\t\t<\/div>\n\t\t\t\t<\/div>\n\t\t\t\t<div class=\"elementor-element elementor-element-506fa5ee elementor-widget elementor-widget-text-editor\" data-id=\"506fa5ee\" data-element_type=\"widget\" data-e-type=\"widget\" data-widget_type=\"text-editor.default\">\n\t\t\t\t<div class=\"elementor-widget-container\">\n\t\t\t\t\t\t\t\t\t<p><span class=\"relative -mx-px my-[-0.2rem] rounded px-px py-[0.2rem] transition-colors duration-100 ease-in-out\">V\u00edtejte v na\u0161\u00ed sekci \u010dasto kladen\u00fdch ot\u00e1zek!<\/span> <span class=\"relative -mx-px my-[-0.2rem] rounded px-px py-[0.2rem] transition-colors duration-100 ease-in-out\">Zde najdete odpov\u011bdi na nejb\u011b\u017en\u011bj\u0161\u00ed dotazy t\u00fdkaj\u00edc\u00ed se na\u0161ich produkt\u016f a slu\u017eeb.<\/span> <span class=\"relative -mx-px my-[-0.2rem] rounded px-px py-[0.2rem] transition-colors duration-100 ease-in-out\">Na\u0161\u00edm c\u00edlem je poskytnout v\u00e1m jasn\u00e9 a u\u017eite\u010dn\u00e9 informace, kter\u00e9 v\u00e1m pomohou p\u0159i rozhodov\u00e1n\u00ed a pou\u017e\u00edv\u00e1n\u00ed na\u0161ich produkt\u016f.<\/span> <span class=\"relative -mx-px my-[-0.2rem] rounded px-px py-[0.2rem] transition-colors duration-100 ease-in-out\">Pokud zde nenajdete odpov\u011b\u010f na svou ot\u00e1zku, nev\u00e1hejte n\u00e1s kontaktovat \u2013 jsme tu pro v\u00e1s.<\/span><\/p>\t\t\t\t\t\t\t\t<\/div>\n\t\t\t\t<\/div>\n\t\t\t\t<div class=\"elementor-element elementor-element-1f90d8cf elementor-widget elementor-widget-toggle\" data-id=\"1f90d8cf\" data-element_type=\"widget\" data-e-type=\"widget\" data-widget_type=\"toggle.default\">\n\t\t\t\t<div class=\"elementor-widget-container\">\n\t\t\t\t\t\t\t<div class=\"elementor-toggle\">\n\t\t\t\t\t\t\t<div class=\"elementor-toggle-item\">\n\t\t\t\t\t<div id=\"elementor-tab-title-5291\" class=\"elementor-tab-title\" data-tab=\"1\" role=\"button\" aria-controls=\"elementor-tab-content-5291\" aria-expanded=\"false\">\n\t\t\t\t\t\t\t\t\t\t\t\t<span class=\"elementor-toggle-icon elementor-toggle-icon-right\" aria-hidden=\"true\">\n\t\t\t\t\t\t\t\t\t\t\t\t\t\t\t<span class=\"elementor-toggle-icon-closed\"><svg xmlns=\"http:\/\/www.w3.org\/2000\/svg\" id=\"b159ff04-3740-4ac3-96cc-b414ded50b3a\" data-name=\"Layer 1\" width=\"16\" height=\"16\" viewBox=\"0 0 16 16\"><polygon points=\"8.39 7.64 8.39 0 7.61 0 7.61 7.64 0 7.64 0 8.4 7.61 8.4 7.61 16 8.39 16 8.39 8.4 16 8.4 16 7.64 8.39 7.64\"><\/polygon><\/svg><\/span>\n\t\t\t\t\t\t\t\t<span class=\"elementor-toggle-icon-opened\"><svg xmlns=\"http:\/\/www.w3.org\/2000\/svg\" id=\"adf49d60-5815-4ece-8d49-00a021de5c06\" data-name=\"Layer 1\" width=\"16\" height=\"16\" viewBox=\"0 0 16 16\"><rect width=\"16\" height=\"16\" style=\"opacity:0\"><\/rect><rect y=\"7.64\" width=\"16\" height=\"0.76\"><\/rect><\/svg><\/span>\n\t\t\t\t\t\t\t\t\t\t\t\t\t<\/span>\n\t\t\t\t\t\t\t\t\t\t\t\t<a class=\"elementor-toggle-title\" tabindex=\"0\">Osl\u0148uj\u00ed na\u0161e sady ostatn\u00ed \u0159idi\u010de?<\/a>\n\t\t\t\t\t<\/div>\n\n\t\t\t\t\t<div id=\"elementor-tab-content-5291\" class=\"elementor-tab-content elementor-clearfix\" data-tab=\"1\" role=\"region\" aria-labelledby=\"elementor-tab-title-5291\"><p>Ne, na\u0161e sady jsou navr\u017eeny tak, aby neosl\u0148ovaly ostatn\u00ed \u0159idi\u010de. Pou\u017e\u00edv\u00e1me projektorov\u00e9 sv\u011btlomety s p\u0159esn\u011b definovanou horn\u00ed hranic\u00ed sv\u011bteln\u00e9ho ku\u017eelu, kterou zaji\u0161\u0165uje tzv. <strong>clona.<\/strong> Tato technologie sm\u011bruje sv\u011btlo dol\u016f na vozovku a zabra\u0148uje osln\u011bn\u00ed protijedouc\u00edch vozidel.<\/p><p><strong>Clona<\/strong> vytv\u00e1\u0159\u00ed ostrou horn\u00ed hranici sv\u011bteln\u00e9ho ku\u017eelu, \u010d\u00edm\u017e omezuje rozptyl intenzivn\u00edho sv\u011btla nad \u00farove\u0148 silnice. Tento princip je z\u00e1kladem v\u0161ech modern\u00edch projektorov\u00fdch sv\u011btlomet\u016f (HID i LED): sv\u011btlo nejprve proch\u00e1z\u00ed clonou, a\u017e pot\u00e9 se \u0161\u00ed\u0159\u00ed \u010do\u010dkou, co\u017e udr\u017euje paprsek soust\u0159ed\u011bn\u00fd pouze na vozovku a okol\u00ed neosl\u0148uje.<\/p><p>Spr\u00e1vn\u00fdm nastaven\u00edm sv\u011btlomet\u016f a jejich se\u0159\u00edzen\u00edm na regloskopu se zajist\u00ed, \u017ee sv\u011bteln\u00fd ku\u017eel odpov\u00edd\u00e1 legislativn\u00edm p\u0159edpis\u016fm a opravdu neosl\u0148uje protijedouc\u00ed \u0159idi\u010de.<\/p><p>Nav\u00edc u v\u0161ech na\u0161ich sad z\u016fst\u00e1v\u00e1 zachov\u00e1na automatick\u00e1 nivelace, kter\u00e1 vyu\u017e\u00edv\u00e1 senzory n\u00e1klonu vozu k automatick\u00e9mu upravov\u00e1n\u00ed polohy clon b\u011bhem j\u00edzdy. T\u00edm se zaji\u0161\u0165uje, \u017ee sv\u011bteln\u00fd ku\u017eel se nikdy nedostane mimo povolen\u00e9 \u00fahly a i p\u0159i nerovnostech nedoch\u00e1z\u00ed k do\u010dasn\u00e9mu osln\u011bn\u00ed.<\/p><p>Pro maxim\u00e1ln\u00ed jistotu doporu\u010dujeme po mont\u00e1\u017ei nechat sv\u011btlomety zkontrolovat a se\u0159\u00eddit na profesion\u00e1ln\u00ed m\u011b\u0159ic\u00ed stanici.<\/p><p><!-- notionvc: b84f60e6-4a72-482d-8518-4636c8045845 --><\/p><\/div>\n\t\t\t\t<\/div>\n\t\t\t\t\t\t\t<div class=\"elementor-toggle-item\">\n\t\t\t\t\t<div id=\"elementor-tab-title-5292\" class=\"elementor-tab-title\" data-tab=\"2\" role=\"button\" aria-controls=\"elementor-tab-content-5292\" aria-expanded=\"false\">\n\t\t\t\t\t\t\t\t\t\t\t\t<span class=\"elementor-toggle-icon elementor-toggle-icon-right\" aria-hidden=\"true\">\n\t\t\t\t\t\t\t\t\t\t\t\t\t\t\t<span class=\"elementor-toggle-icon-closed\"><svg xmlns=\"http:\/\/www.w3.org\/2000\/svg\" id=\"b159ff04-3740-4ac3-96cc-b414ded50b3a\" data-name=\"Layer 1\" width=\"16\" height=\"16\" viewBox=\"0 0 16 16\"><polygon points=\"8.39 7.64 8.39 0 7.61 0 7.61 7.64 0 7.64 0 8.4 7.61 8.4 7.61 16 8.39 16 8.39 8.4 16 8.4 16 7.64 8.39 7.64\"><\/polygon><\/svg><\/span>\n\t\t\t\t\t\t\t\t<span class=\"elementor-toggle-icon-opened\"><svg xmlns=\"http:\/\/www.w3.org\/2000\/svg\" id=\"adf49d60-5815-4ece-8d49-00a021de5c06\" data-name=\"Layer 1\" width=\"16\" height=\"16\" viewBox=\"0 0 16 16\"><rect width=\"16\" height=\"16\" style=\"opacity:0\"><\/rect><rect y=\"7.64\" width=\"16\" height=\"0.76\"><\/rect><\/svg><\/span>\n\t\t\t\t\t\t\t\t\t\t\t\t\t<\/span>\n\t\t\t\t\t\t\t\t\t\t\t\t<a class=\"elementor-toggle-title\" tabindex=\"0\">Jak\u00fd je rozd\u00edl mezi xenonem a bixenonem?<\/a>\n\t\t\t\t\t<\/div>\n\n\t\t\t\t\t<div id=\"elementor-tab-content-5292\" class=\"elementor-tab-content elementor-clearfix\" data-tab=\"2\" role=\"region\" aria-labelledby=\"elementor-tab-title-5292\"><p data-start=\"116\" data-end=\"203\"><span class=\"relative -mx-px my-[-0.2rem] rounded px-px py-[0.2rem] transition-colors duration-100 ease-in-out\">Hlavn\u00ed rozd\u00edl spo\u010d\u00edv\u00e1 ve vyu\u017eit\u00ed sv\u011bteln\u00e9ho zdroje pro potk\u00e1vac\u00ed a d\u00e1lkov\u00e1 sv\u011btla:<\/span><\/p><ul data-start=\"205\" data-end=\"419\"><li data-start=\"205\" data-end=\"310\"><p data-start=\"207\" data-end=\"310\"><strong data-start=\"207\" data-end=\"230\">Xenonov\u00e9 sv\u011btlomety<\/strong>: <span class=\"relative -mx-px my-[-0.2rem] rounded px-px py-[0.2rem] transition-colors duration-100 ease-in-out\">Pou\u017e\u00edvaj\u00ed v\u00fdbojku pouze pro potk\u00e1vac\u00ed sv\u011btla. Pro d\u00e1lkov\u00e1 sv\u011btla je obvykle pou\u017eita samostatn\u00e1 halogenov\u00e1 \u017e\u00e1rovka.<\/span><\/p><\/li><li data-start=\"312\" data-end=\"419\"><p data-start=\"314\" data-end=\"419\"><strong data-start=\"314\" data-end=\"339\">Bixenonov\u00e9 sv\u011btlomety<\/strong>: <span class=\"relative -mx-px my-[-0.2rem] rounded px-px py-[0.2rem] transition-colors duration-100 ease-in-out\">Vyu\u017e\u00edvaj\u00ed jednu xenonovou v\u00fdbojku pro oba re\u017eimy \u2013 potk\u00e1vac\u00ed i d\u00e1lkov\u00e1 sv\u011btla. P\u0159ep\u00edn\u00e1n\u00ed mezi re\u017eimy je zaji\u0161t\u011bno mechanickou clonou, kter\u00e1 se pohybuje pomoc\u00ed elektromagnetu. P\u0159i aktivaci d\u00e1lkov\u00fdch sv\u011btel se clona odklop\u00ed, \u010d\u00edm\u017e umo\u017en\u00ed pln\u00fd svit v\u00fdbojky.<\/span><\/p><\/li><\/ul><p data-start=\"421\" data-end=\"539\"><span class=\"relative -mx-px my-[-0.2rem] rounded px-px py-[0.2rem] transition-colors duration-100 ease-in-out\">U na\u0161ich sad z\u016fst\u00e1vaj\u00ed zachov\u00e1ny p\u016fvodn\u00ed halogenov\u00e9 \u017e\u00e1rovky pro d\u00e1lkov\u00e1 sv\u011btla, kter\u00e9 dopl\u0148uj\u00ed bixenonov\u00fd syst\u00e9m.<\/span> <span class=\"relative -mx-px my-[-0.2rem] rounded px-px py-[0.2rem] transition-colors duration-100 ease-in-out\">T\u00edmto zp\u016fsobem z\u00edsk\u00e1te kombinaci dvou sv\u011bteln\u00fdch zdroj\u016f pro d\u00e1lkov\u00e1 sv\u011btla.<\/span><\/p><\/div>\n\t\t\t\t<\/div>\n\t\t\t\t\t\t\t<div class=\"elementor-toggle-item\">\n\t\t\t\t\t<div id=\"elementor-tab-title-5293\" class=\"elementor-tab-title\" data-tab=\"3\" role=\"button\" aria-controls=\"elementor-tab-content-5293\" aria-expanded=\"false\">\n\t\t\t\t\t\t\t\t\t\t\t\t<span class=\"elementor-toggle-icon elementor-toggle-icon-right\" aria-hidden=\"true\">\n\t\t\t\t\t\t\t\t\t\t\t\t\t\t\t<span class=\"elementor-toggle-icon-closed\"><svg xmlns=\"http:\/\/www.w3.org\/2000\/svg\" id=\"b159ff04-3740-4ac3-96cc-b414ded50b3a\" data-name=\"Layer 1\" width=\"16\" height=\"16\" viewBox=\"0 0 16 16\"><polygon points=\"8.39 7.64 8.39 0 7.61 0 7.61 7.64 0 7.64 0 8.4 7.61 8.4 7.61 16 8.39 16 8.39 8.4 16 8.4 16 7.64 8.39 7.64\"><\/polygon><\/svg><\/span>\n\t\t\t\t\t\t\t\t<span class=\"elementor-toggle-icon-opened\"><svg xmlns=\"http:\/\/www.w3.org\/2000\/svg\" id=\"adf49d60-5815-4ece-8d49-00a021de5c06\" data-name=\"Layer 1\" width=\"16\" height=\"16\" viewBox=\"0 0 16 16\"><rect width=\"16\" height=\"16\" style=\"opacity:0\"><\/rect><rect y=\"7.64\" width=\"16\" height=\"0.76\"><\/rect><\/svg><\/span>\n\t\t\t\t\t\t\t\t\t\t\t\t\t<\/span>\n\t\t\t\t\t\t\t\t\t\t\t\t<a class=\"elementor-toggle-title\" tabindex=\"0\">Je instalace na\u0161ich sad slo\u017eit\u00e1?<\/a>\n\t\t\t\t\t<\/div>\n\n\t\t\t\t\t<div id=\"elementor-tab-content-5293\" class=\"elementor-tab-content elementor-clearfix\" data-tab=\"3\" role=\"region\" aria-labelledby=\"elementor-tab-title-5293\"><p><span class=\"relative -mx-px my-[-0.2rem] rounded px-px py-[0.2rem] transition-colors duration-100 ease-in-out\">Na\u0161e p\u0159estavbov\u00e9 sady jsou navr\u017eeny tak, aby jejich instalace byla co nejjednodu\u0161\u0161\u00ed a nevy\u017eadovala \u017e\u00e1dn\u00e9 \u00fapravy sv\u011btlomet\u016f.<\/span> <span class=\"relative -mx-px my-[-0.2rem] rounded px-px py-[0.2rem] transition-colors duration-100 ease-in-out\">Ka\u017ed\u00e1 sada je specificky p\u0159izp\u016fsobena konkr\u00e9tn\u00edmu modelu vozidla, co\u017e zaji\u0161\u0165uje bezprobl\u00e9movou kompatibilitu.<\/span> <span class=\"relative -mx-px my-[-0.2rem] rounded px-px py-[0.2rem] transition-colors duration-100 ease-in-out\">Krom\u011b toho poskytujeme podrobn\u00e9 n\u00e1vody a videa, kter\u00e9 v\u00e1s krok za krokem provedou cel\u00fdm procesem instalace.<\/span> <span class=\"relative -mx-px my-[-0.2rem] rounded px-px py-[0.2rem] transition-colors duration-100 ease-in-out\">D\u00edky tomu zvl\u00e1dne mont\u00e1\u017e i m\u00e9n\u011b zku\u0161en\u00fd u\u017eivatel.<\/span><\/p><\/div>\n\t\t\t\t<\/div>\n\t\t\t\t\t\t\t<div class=\"elementor-toggle-item\">\n\t\t\t\t\t<div id=\"elementor-tab-title-5294\" class=\"elementor-tab-title\" data-tab=\"4\" role=\"button\" aria-controls=\"elementor-tab-content-5294\" aria-expanded=\"false\">\n\t\t\t\t\t\t\t\t\t\t\t\t<span class=\"elementor-toggle-icon elementor-toggle-icon-right\" aria-hidden=\"true\">\n\t\t\t\t\t\t\t\t\t\t\t\t\t\t\t<span class=\"elementor-toggle-icon-closed\"><svg xmlns=\"http:\/\/www.w3.org\/2000\/svg\" id=\"b159ff04-3740-4ac3-96cc-b414ded50b3a\" data-name=\"Layer 1\" width=\"16\" height=\"16\" viewBox=\"0 0 16 16\"><polygon points=\"8.39 7.64 8.39 0 7.61 0 7.61 7.64 0 7.64 0 8.4 7.61 8.4 7.61 16 8.39 16 8.39 8.4 16 8.4 16 7.64 8.39 7.64\"><\/polygon><\/svg><\/span>\n\t\t\t\t\t\t\t\t<span class=\"elementor-toggle-icon-opened\"><svg xmlns=\"http:\/\/www.w3.org\/2000\/svg\" id=\"adf49d60-5815-4ece-8d49-00a021de5c06\" data-name=\"Layer 1\" width=\"16\" height=\"16\" viewBox=\"0 0 16 16\"><rect width=\"16\" height=\"16\" style=\"opacity:0\"><\/rect><rect y=\"7.64\" width=\"16\" height=\"0.76\"><\/rect><\/svg><\/span>\n\t\t\t\t\t\t\t\t\t\t\t\t\t<\/span>\n\t\t\t\t\t\t\t\t\t\t\t\t<a class=\"elementor-toggle-title\" tabindex=\"0\">Je t\u0159eba po instalaci sad se\u0159izovat sv\u011btlomety?<\/a>\n\t\t\t\t\t<\/div>\n\n\t\t\t\t\t<div id=\"elementor-tab-content-5294\" class=\"elementor-tab-content elementor-clearfix\" data-tab=\"4\" role=\"region\" aria-labelledby=\"elementor-tab-title-5294\"><p data-start=\"40\" data-end=\"114\"><span class=\"relative -mx-px my-[-0.2rem] rounded px-px py-[0.2rem] transition-colors duration-100 ease-in-out\">Ano, pro zaji\u0161t\u011bn\u00ed optim\u00e1ln\u00edho osv\u011btlen\u00ed a minimalizaci osln\u011bn\u00ed protijedouc\u00edch vozidel doporu\u010dujeme po instalaci prov\u00e9st profesion\u00e1ln\u00ed se\u0159\u00edzen\u00ed sv\u011btlomet\u016f.<\/span><\/p><\/div>\n\t\t\t\t<\/div>\n\t\t\t\t\t\t\t\t<\/div>\n\t\t\t\t\t\t<\/div>\n\t\t\t\t<\/div>\n\t\t\t\t\t<\/div>\n\t\t<\/div>\n\t\t\t\t\t<\/div>\n\t\t<\/section>\n\t\t\t\t<\/div>\n\t\t","protected":false},"excerpt":{"rendered":"<p>FAQ V\u00edtejte v na\u0161\u00ed sekci \u010dasto kladen\u00fdch ot\u00e1zek! Zde najdete odpov\u011bdi na nejb\u011b\u017en\u011bj\u0161\u00ed dotazy t\u00fdkaj\u00edc\u00ed se na\u0161ich produkt\u016f a slu\u017eeb. Na\u0161\u00edm c\u00edlem je poskytnout v\u00e1m jasn\u00e9 a u\u017eite\u010dn\u00e9 informace, kter\u00e9 v\u00e1m pomohou p\u0159i rozhodov\u00e1n\u00ed a pou\u017e\u00edv\u00e1n\u00ed na\u0161ich produkt\u016f. Pokud zde nenajdete odpov\u011b\u010f na svou ot\u00e1zku, nev\u00e1hejte n\u00e1s kontaktovat \u2013 jsme tu pro v\u00e1s. Osl\u0148uj\u00ed na\u0161e [&hellip;]<\/p>\n","protected":false},"author":1,"featured_media":0,"parent":0,"menu_order":0,"comment_status":"closed","ping_status":"closed","template":"elementor_header_footer","meta":{"footnotes":""},"class_list":["post-47","page","type-page","status-publish","hentry"],"yoast_head":"<!-- This site is optimized with the Yoast SEO plugin v27.3 - https:\/\/yoast.com\/product\/yoast-seo-wordpress\/ -->\n<title>FAQ - Retrofit Guru<\/title>\n<meta name=\"description\" content=\"Najd\u011bte odpov\u011bdi na nej\u010dast\u011bj\u0161\u00ed ot\u00e1zky t\u00fdkaj\u00edc\u00ed se na\u0161ich bixenon p\u0159estavbov\u00fdch sad, kryt\u016f sv\u011btel a instalace.\" \/>\n<meta name=\"robots\" content=\"index, follow, max-snippet:-1, max-image-preview:large, max-video-preview:-1\" \/>\n<link rel=\"canonical\" href=\"https:\/\/retrofitguru.com\/en\/faq\/\" \/>\n<meta property=\"og:locale\" content=\"en_GB\" \/>\n<meta property=\"og:type\" content=\"article\" \/>\n<meta property=\"og:title\" content=\"FAQ - Retrofit Guru\" \/>\n<meta property=\"og:description\" content=\"Najd\u011bte odpov\u011bdi na nej\u010dast\u011bj\u0161\u00ed ot\u00e1zky t\u00fdkaj\u00edc\u00ed se na\u0161ich bixenon p\u0159estavbov\u00fdch sad, kryt\u016f sv\u011btel a instalace.\" \/>\n<meta property=\"og:url\" content=\"https:\/\/retrofitguru.com\/en\/faq\/\" \/>\n<meta property=\"og:site_name\" content=\"Retrofit Guru\" \/>\n<meta property=\"article:publisher\" content=\"https:\/\/www.facebook.com\/RetrofitGuru\" \/>\n<meta property=\"article:modified_time\" content=\"2025-05-21T20:11:53+00:00\" \/>\n<meta name=\"twitter:card\" content=\"summary_large_image\" \/>\n<meta name=\"twitter:label1\" content=\"Estimated reading time\" \/>\n\t<meta name=\"twitter:data1\" content=\"3 minutes\" \/>\n<script type=\"application\/ld+json\" class=\"yoast-schema-graph\">{\"@context\":\"https:\\\/\\\/schema.org\",\"@graph\":[{\"@type\":\"WebPage\",\"@id\":\"https:\\\/\\\/retrofitguru.com\\\/en\\\/faq\\\/\",\"url\":\"https:\\\/\\\/retrofitguru.com\\\/en\\\/faq\\\/\",\"name\":\"FAQ - Retrofit Guru\",\"isPartOf\":{\"@id\":\"https:\\\/\\\/retrofitguru.com\\\/en\\\/#website\"},\"datePublished\":\"2022-06-23T21:25:03+00:00\",\"dateModified\":\"2025-05-21T20:11:53+00:00\",\"description\":\"Najd\u011bte odpov\u011bdi na nej\u010dast\u011bj\u0161\u00ed ot\u00e1zky t\u00fdkaj\u00edc\u00ed se na\u0161ich bixenon p\u0159estavbov\u00fdch sad, kryt\u016f sv\u011btel a instalace.\",\"breadcrumb\":{\"@id\":\"https:\\\/\\\/retrofitguru.com\\\/en\\\/faq\\\/#breadcrumb\"},\"inLanguage\":\"en-GB\",\"potentialAction\":[{\"@type\":\"ReadAction\",\"target\":[\"https:\\\/\\\/retrofitguru.com\\\/en\\\/faq\\\/\"]}]},{\"@type\":\"BreadcrumbList\",\"@id\":\"https:\\\/\\\/retrofitguru.com\\\/en\\\/faq\\\/#breadcrumb\",\"itemListElement\":[{\"@type\":\"ListItem\",\"position\":1,\"name\":\"Dom\u016f\",\"item\":\"https:\\\/\\\/retrofitguru.com\\\/en\\\/\"},{\"@type\":\"ListItem\",\"position\":2,\"name\":\"FAQ\"}]},{\"@type\":\"WebSite\",\"@id\":\"https:\\\/\\\/retrofitguru.com\\\/en\\\/#website\",\"url\":\"https:\\\/\\\/retrofitguru.com\\\/en\\\/\",\"name\":\"Retrofit Guru\",\"description\":\"Prod\u00e1v\u00e1me sady pro p\u0159estavbu xenonov\u00fdch sv\u011btel na modern\u011bj\u0161\u00ed Bi-xenonov\u00e9.\",\"publisher\":{\"@id\":\"https:\\\/\\\/retrofitguru.com\\\/en\\\/#organization\"},\"alternateName\":\"Retrofiguru\",\"potentialAction\":[{\"@type\":\"SearchAction\",\"target\":{\"@type\":\"EntryPoint\",\"urlTemplate\":\"https:\\\/\\\/retrofitguru.com\\\/en\\\/?s={search_term_string}\"},\"query-input\":{\"@type\":\"PropertyValueSpecification\",\"valueRequired\":true,\"valueName\":\"search_term_string\"}}],\"inLanguage\":\"en-GB\"},{\"@type\":\"Organization\",\"@id\":\"https:\\\/\\\/retrofitguru.com\\\/en\\\/#organization\",\"name\":\"RetrofitGuru\",\"url\":\"https:\\\/\\\/retrofitguru.com\\\/en\\\/\",\"logo\":{\"@type\":\"ImageObject\",\"inLanguage\":\"en-GB\",\"@id\":\"https:\\\/\\\/retrofitguru.com\\\/en\\\/#\\\/schema\\\/logo\\\/image\\\/\",\"url\":\"https:\\\/\\\/www.retrofitguru.com\\\/wp-content\\\/uploads\\\/2022\\\/06\\\/Untitled-2-4.svg\",\"contentUrl\":\"https:\\\/\\\/www.retrofitguru.com\\\/wp-content\\\/uploads\\\/2022\\\/06\\\/Untitled-2-4.svg\",\"width\":1000,\"height\":1000,\"caption\":\"RetrofitGuru\"},\"image\":{\"@id\":\"https:\\\/\\\/retrofitguru.com\\\/en\\\/#\\\/schema\\\/logo\\\/image\\\/\"},\"sameAs\":[\"https:\\\/\\\/www.facebook.com\\\/RetrofitGuru\",\"https:\\\/\\\/www.instagram.com\\\/retrofitguru\\\/\"]}]}<\/script>\n<!-- \/ Yoast SEO plugin. -->","yoast_head_json":{"title":"FAQ - Retrofit Guru","description":"Find answers to the most frequently asked questions about our bi-xenon retrofit kits, headlight covers, and installation.","robots":{"index":"index","follow":"follow","max-snippet":"max-snippet:-1","max-image-preview":"max-image-preview:large","max-video-preview":"max-video-preview:-1"},"canonical":"https:\/\/retrofitguru.com\/en\/faq\/","og_locale":"en_GB","og_type":"article","og_title":"FAQ - Retrofit Guru","og_description":"Najd\u011bte odpov\u011bdi na nej\u010dast\u011bj\u0161\u00ed ot\u00e1zky t\u00fdkaj\u00edc\u00ed se na\u0161ich bixenon p\u0159estavbov\u00fdch sad, kryt\u016f sv\u011btel a instalace.","og_url":"https:\/\/retrofitguru.com\/en\/faq\/","og_site_name":"Retrofit Guru","article_publisher":"https:\/\/www.facebook.com\/RetrofitGuru","article_modified_time":"2025-05-21T20:11:53+00:00","twitter_card":"summary_large_image","twitter_misc":{"Estimated reading time":"3 minutes"},"schema":{"@context":"https:\/\/schema.org","@graph":[{"@type":"WebPage","@id":"https:\/\/retrofitguru.com\/en\/faq\/","url":"https:\/\/retrofitguru.com\/en\/faq\/","name":"FAQ - Retrofit Guru","isPartOf":{"@id":"https:\/\/retrofitguru.com\/en\/#website"},"datePublished":"2022-06-23T21:25:03+00:00","dateModified":"2025-05-21T20:11:53+00:00","description":"Find answers to the most frequently asked questions about our bi-xenon retrofit kits, headlight covers, and installation.","breadcrumb":{"@id":"https:\/\/retrofitguru.com\/en\/faq\/#breadcrumb"},"inLanguage":"en-GB","potentialAction":[{"@type":"ReadAction","target":["https:\/\/retrofitguru.com\/en\/faq\/"]}]},{"@type":"BreadcrumbList","@id":"https:\/\/retrofitguru.com\/en\/faq\/#breadcrumb","itemListElement":[{"@type":"ListItem","position":1,"name":"Dom\u016f","item":"https:\/\/retrofitguru.com\/en\/"},{"@type":"ListItem","position":2,"name":"FAQ"}]},{"@type":"WebSite","@id":"https:\/\/retrofitguru.com\/en\/#website","url":"https:\/\/retrofitguru.com\/en\/","name":"Retrofit Guru","description":"We sell kits for converting xenon lights to more modern Bi-xenon lights.","publisher":{"@id":"https:\/\/retrofitguru.com\/en\/#organization"},"alternateName":"Retrofiguru","potentialAction":[{"@type":"SearchAction","target":{"@type":"EntryPoint","urlTemplate":"https:\/\/retrofitguru.com\/en\/?s={search_term_string}"},"query-input":{"@type":"PropertyValueSpecification","valueRequired":true,"valueName":"search_term_string"}}],"inLanguage":"en-GB"},{"@type":"Organization","@id":"https:\/\/retrofitguru.com\/en\/#organization","name":"RetrofitGuru","url":"https:\/\/retrofitguru.com\/en\/","logo":{"@type":"ImageObject","inLanguage":"en-GB","@id":"https:\/\/retrofitguru.com\/en\/#\/schema\/logo\/image\/","url":"https:\/\/www.retrofitguru.com\/wp-content\/uploads\/2022\/06\/Untitled-2-4.svg","contentUrl":"https:\/\/www.retrofitguru.com\/wp-content\/uploads\/2022\/06\/Untitled-2-4.svg","width":1000,"height":1000,"caption":"RetrofitGuru"},"image":{"@id":"https:\/\/retrofitguru.com\/en\/#\/schema\/logo\/image\/"},"sameAs":["https:\/\/www.facebook.com\/RetrofitGuru","https:\/\/www.instagram.com\/retrofitguru\/"]}]}},"_links":{"self":[{"href":"https:\/\/retrofitguru.com\/en\/wp-json\/wp\/v2\/pages\/47","targetHints":{"allow":["GET"]}}],"collection":[{"href":"https:\/\/retrofitguru.com\/en\/wp-json\/wp\/v2\/pages"}],"about":[{"href":"https:\/\/retrofitguru.com\/en\/wp-json\/wp\/v2\/types\/page"}],"author":[{"embeddable":true,"href":"https:\/\/retrofitguru.com\/en\/wp-json\/wp\/v2\/users\/1"}],"replies":[{"embeddable":true,"href":"https:\/\/retrofitguru.com\/en\/wp-json\/wp\/v2\/comments?post=47"}],"version-history":[{"count":0,"href":"https:\/\/retrofitguru.com\/en\/wp-json\/wp\/v2\/pages\/47\/revisions"}],"wp:attachment":[{"href":"https:\/\/retrofitguru.com\/en\/wp-json\/wp\/v2\/media?parent=47"}],"curies":[{"name":"wp","href":"https:\/\/api.w.org\/{rel}","templated":true}]}}