{"id":52,"date":"2022-06-23T21:25:04","date_gmt":"2022-06-23T21:25:04","guid":{"rendered":"http:\/\/3.123.173.30\/contact\/"},"modified":"2026-03-04T12:41:23","modified_gmt":"2026-03-04T11:41:23","slug":"contact","status":"publish","type":"page","link":"https:\/\/retrofitguru.com\/en\/kontakt\/","title":{"rendered":"Contact"},"content":{"rendered":"<div data-elementor-type=\"wp-page\" data-elementor-id=\"52\" class=\"elementor elementor-52\" data-elementor-post-type=\"page\">\n\t\t\t\t\t\t<section class=\"elementor-section elementor-top-section elementor-element elementor-element-72869ae1 elementor-section-full_width elementor-section-height-default elementor-section-height-default\" data-id=\"72869ae1\" data-element_type=\"section\" data-e-type=\"section\">\n\t\t\t\t\t\t<div class=\"elementor-container elementor-column-gap-no\">\n\t\t\t\t\t<div class=\"elementor-column elementor-col-100 elementor-top-column elementor-element elementor-element-4aceb480\" data-id=\"4aceb480\" data-element_type=\"column\" data-e-type=\"column\">\n\t\t\t<div class=\"elementor-widget-wrap elementor-element-populated\">\n\t\t\t\t\t\t<div class=\"elementor-element elementor-element-3d42187a elementor-widget elementor-widget-heading\" data-id=\"3d42187a\" data-element_type=\"widget\" data-e-type=\"widget\" data-widget_type=\"heading.default\">\n\t\t\t\t<div class=\"elementor-widget-container\">\n\t\t\t\t\t<h1 class=\"elementor-heading-title elementor-size-default\">Contact<\/h1>\t\t\t\t<\/div>\n\t\t\t\t<\/div>\n\t\t\t\t<div class=\"elementor-element elementor-element-54d9c37 elementor-widget elementor-widget-text-editor\" data-id=\"54d9c37\" data-element_type=\"widget\" data-e-type=\"widget\" data-widget_type=\"text-editor.default\">\n\t\t\t\t<div class=\"elementor-widget-container\">\n\t\t\t\t\t\t\t\t\t<h2 data-start=\"1352\" data-end=\"1373\"><strong>We are here for you!<\/strong><\/h2><p data-start=\"1376\" data-end=\"1536\">Do you need advice on choosing or installing bi-xenon projectors?<br data-start=\"1446\" data-end=\"1449\" \/>We\u2019ll be happy to help \u2014 we\u2019re available online every day and respond within 24 hours.<\/p>\t\t\t\t\t\t\t\t<\/div>\n\t\t\t\t<\/div>\n\t\t\t\t<div class=\"elementor-element elementor-element-652c086 elementor-align-start elementor-icon-list--layout-traditional elementor-list-item-link-full_width elementor-widget elementor-widget-icon-list\" data-id=\"652c086\" data-element_type=\"widget\" data-e-type=\"widget\" data-widget_type=\"icon-list.default\">\n\t\t\t\t<div class=\"elementor-widget-container\">\n\t\t\t\t\t\t\t<ul class=\"elementor-icon-list-items\">\n\t\t\t\t\t\t\t<li class=\"elementor-icon-list-item\">\n\t\t\t\t\t\t\t\t\t\t\t<span class=\"elementor-icon-list-icon\">\n\t\t\t\t\t\t\t<svg aria-hidden=\"true\" class=\"e-font-icon-svg e-fas-location-arrow\" viewbox=\"0 0 512 512\" xmlns=\"http:\/\/www.w3.org\/2000\/svg\"><path d=\"M444.52 3.52L28.74 195.42c-47.97 22.39-31.98 92.75 19.19 92.75h175.91v175.91c0 51.17 70.36 67.17 92.75 19.19l191.9-415.78c15.99-38.39-25.59-79.97-63.97-63.97z\"><\/path><\/svg>\t\t\t\t\t\t<\/span>\n\t\t\t\t\t\t\t\t\t\t<span class=\"elementor-icon-list-text\">We are based in Pardubice, but unfortunately, we don\u2019t have a physical branch with fixed opening hours. Personal pickup is available by appointment at the following address: Na T\u0159\u00edsle 130, Pardubice.<\/span>\n\t\t\t\t\t\t\t\t\t<\/li>\n\t\t\t\t\t\t\t\t<li class=\"elementor-icon-list-item\">\n\t\t\t\t\t\t\t\t\t\t\t<a href=\"mailto:info@retrofitguru.cz\">\n\n\t\t\t\t\t\t\t\t\t\t\t\t<span class=\"elementor-icon-list-icon\">\n\t\t\t\t\t\t\t<svg xmlns=\"http:\/\/www.w3.org\/2000\/svg\" viewbox=\"0 0 32 32\"><path d=\"M27,26H5a3,3,0,0,1-3-3V9A3,3,0,0,1,5,6H27a3,3,0,0,1,3,3V23A3,3,0,0,1,27,26ZM5,8A1,1,0,0,0,4,9V23a1,1,0,0,0,1,1H27a1,1,0,0,0,1-1V9a1,1,0,0,0-1-1Z\"><\/path><path d=\"M16,17a1,1,0,0,1-.55-.17l-12-8A1,1,0,0,1,4.55,7.17l12,8A1,1,0,0,1,16,17Z\"><\/path><path d=\"M16,17a1,1,0,0,1-.56-1.83l12-8a1,1,0,0,1,1.11,1.66l-12,8A1,1,0,0,1,16,17Z\"><\/path><\/svg>\t\t\t\t\t\t<\/span>\n\t\t\t\t\t\t\t\t\t\t<span class=\"elementor-icon-list-text\">info@retrofitguru.com<\/span>\n\t\t\t\t\t\t\t\t\t\t\t<\/a>\n\t\t\t\t\t\t\t\t\t<\/li>\n\t\t\t\t\t\t\t\t<li class=\"elementor-icon-list-item\">\n\t\t\t\t\t\t\t\t\t\t\t<a href=\"tel:+420736443413\">\n\n\t\t\t\t\t\t\t\t\t\t\t\t<span class=\"elementor-icon-list-icon\">\n\t\t\t\t\t\t\t<svg xmlns=\"http:\/\/www.w3.org\/2000\/svg\" id=\"Layer_1\" x=\"0\" y=\"0\" viewbox=\"0 0 29 29\" xml:space=\"preserve\"><path d=\"m20.914 17.743-2.091 1.178a1.319 1.319 0 0 1-1.58-.217l-6.979-6.979a1.32 1.32 0 0 1-.217-1.58l1.178-2.091a1.978 1.978 0 0 0-.325-2.37L7.766 2.55a1.978 1.978 0 0 0-2.798 0L3.545 3.972a5.276 5.276 0 0 0-.793 6.446l.714 1.19a41.36 41.36 0 0 0 14.946 14.631l.141.081c2.102 1.201 4.699.851 6.382-.831l1.486-1.486a1.978 1.978 0 0 0 0-2.798l-3.136-3.136a1.978 1.978 0 0 0-2.371-.326z\"><\/path><\/svg>\t\t\t\t\t\t<\/span>\n\t\t\t\t\t\t\t\t\t\t<span class=\"elementor-icon-list-text\">+420 736 443 413<\/span>\n\t\t\t\t\t\t\t\t\t\t\t<\/a>\n\t\t\t\t\t\t\t\t\t<\/li>\n\t\t\t\t\t\t\t\t<li class=\"elementor-icon-list-item\">\n\t\t\t\t\t\t\t\t\t\t\t<a href=\"https:\/\/www.facebook.com\/RetrofitGuru\">\n\n\t\t\t\t\t\t\t\t\t\t\t\t<span class=\"elementor-icon-list-icon\">\n\t\t\t\t\t\t\t<svg xmlns=\"http:\/\/www.w3.org\/2000\/svg\" viewbox=\"0 0 100 100\"><path d=\"M50,2.5c-58.893,1.725-64.898,84.363-7.46,95c-0.001,0-0.001-33.395-0.001-33.395H30.417V50.29H42.54V39.762  c0.338-19.276,15.828-19.983,28.722-17.66c0,0,0,11.761,0,11.761h-6.021c-5.931,0-7.781,3.684-7.781,7.463v8.965h13.242  l-2.117,13.814H57.46V97.5C114.911,86.853,108.879,4.218,50,2.5z\"><\/path><\/svg>\t\t\t\t\t\t<\/span>\n\t\t\t\t\t\t\t\t\t\t<span class=\"elementor-icon-list-text\">@RetrofitGuru<\/span>\n\t\t\t\t\t\t\t\t\t\t\t<\/a>\n\t\t\t\t\t\t\t\t\t<\/li>\n\t\t\t\t\t\t\t\t<li class=\"elementor-icon-list-item\">\n\t\t\t\t\t\t\t\t\t\t\t<a href=\"https:\/\/www.instagram.com\/retrofitguru\/\">\n\n\t\t\t\t\t\t\t\t\t\t\t\t<span class=\"elementor-icon-list-icon\">\n\t\t\t\t\t\t\t<svg xmlns=\"http:\/\/www.w3.org\/2000\/svg\" viewbox=\"0 0 2476 2476\" width=\"2500\" height=\"2500\"><path d=\"M825.4 1238c0-227.9 184.7-412.7 412.6-412.7 227.9 0 412.7 184.8 412.7 412.7 0 227.9-184.8 412.7-412.7 412.7-227.9 0-412.6-184.8-412.6-412.7m-223.1 0c0 351.1 284.6 635.7 635.7 635.7s635.7-284.6 635.7-635.7-284.6-635.7-635.7-635.7S602.3 886.9 602.3 1238m1148-660.9c0 82 66.5 148.6 148.6 148.6 82 0 148.6-66.6 148.6-148.6s-66.5-148.5-148.6-148.5-148.6 66.5-148.6 148.5M737.8 2245.7c-120.7-5.5-186.3-25.6-229.9-42.6-57.8-22.5-99-49.3-142.4-92.6-43.3-43.3-70.2-84.5-92.6-142.3-17-43.6-37.1-109.2-42.6-229.9-6-130.5-7.2-169.7-7.2-500.3s1.3-369.7 7.2-500.3c5.5-120.7 25.7-186.2 42.6-229.9 22.5-57.8 49.3-99 92.6-142.4 43.3-43.3 84.5-70.2 142.4-92.6 43.6-17 109.2-37.1 229.9-42.6 130.5-6 169.7-7.2 500.2-7.2 330.6 0 369.7 1.3 500.3 7.2 120.7 5.5 186.2 25.7 229.9 42.6 57.8 22.4 99 49.3 142.4 92.6 43.3 43.3 70.1 84.6 92.6 142.4 17 43.6 37.1 109.2 42.6 229.9 6 130.6 7.2 169.7 7.2 500.3 0 330.5-1.2 369.7-7.2 500.3-5.5 120.7-25.7 186.3-42.6 229.9-22.5 57.8-49.3 99-92.6 142.3-43.3 43.3-84.6 70.1-142.4 92.6-43.6 17-109.2 37.1-229.9 42.6-130.5 6-169.7 7.2-500.3 7.2-330.5 0-369.7-1.2-500.2-7.2M727.6 7.5c-131.8 6-221.8 26.9-300.5 57.5-81.4 31.6-150.4 74-219.3 142.8C139 276.6 96.6 345.6 65 427.1 34.4 505.8 13.5 595.8 7.5 727.6 1.4 859.6 0 901.8 0 1238s1.4 378.4 7.5 510.4c6 131.8 26.9 221.8 57.5 300.5 31.6 81.4 73.9 150.5 142.8 219.3 68.8 68.8 137.8 111.1 219.3 142.8 78.8 30.6 168.7 51.5 300.5 57.5 132.1 6 174.2 7.5 510.4 7.5 336.3 0 378.4-1.4 510.4-7.5 131.8-6 221.8-26.9 300.5-57.5 81.4-31.7 150.4-74 219.3-142.8 68.8-68.8 111.1-137.9 142.8-219.3 30.6-78.7 51.6-168.7 57.5-300.5 6-132.1 7.4-174.2 7.4-510.4s-1.4-378.4-7.4-510.4c-6-131.8-26.9-221.8-57.5-300.5-31.7-81.4-74-150.4-142.8-219.3C2199.4 139 2130.3 96.6 2049 65c-78.8-30.6-168.8-51.6-300.5-57.5-132-6-174.2-7.5-510.4-7.5-336.3 0-378.4 1.4-510.5 7.5\"><\/path><\/svg>\t\t\t\t\t\t<\/span>\n\t\t\t\t\t\t\t\t\t\t<span class=\"elementor-icon-list-text\">@ retrofitguru<\/span>\n\t\t\t\t\t\t\t\t\t\t\t<\/a>\n\t\t\t\t\t\t\t\t\t<\/li>\n\t\t\t\t\t\t\t\t<li class=\"elementor-icon-list-item\">\n\t\t\t\t\t\t\t\t\t\t\t<a href=\"https:\/\/www.youtube.com\/@retrofitguru1619\">\n\n\t\t\t\t\t\t\t\t\t\t\t\t<span class=\"elementor-icon-list-icon\">\n\t\t\t\t\t\t\t<svg xmlns=\"http:\/\/www.w3.org\/2000\/svg\" viewbox=\"0 0 34 24\"><path d=\"m13.544 16.419 9.216-4.762-9.216-4.818zm3.524-16.419q3.2 0 6.181.086t4.371.181l1.39.08q.019 0 .32.029c.167.013.317.033.465.061l-.026-.004q.134.029.448.086c.205.035.388.088.561.158l-.018-.006q.229.095.534.248c.225.114.419.238.599.377l-.008-.006c.203.158.383.323.549.502l.003.003c.102.107.199.222.288.342l.007.01c.202.318.388.686.537 1.071l.015.044c.24.559.417 1.207.501 1.885l.004.035q.152 1.219.24 2.6t.105 2.16v3.352c.001.078.001.171.001.263 0 1.853-.125 3.678-.367 5.465l.023-.208c-.086.704-.255 1.344-.498 1.946l.018-.051c-.162.447-.368.834-.62 1.186l.01-.015-.266.32c-.169.182-.349.347-.542.497l-.01.008c-.171.134-.365.254-.571.353l-.019.008q-.305.143-.534.24c-.156.064-.338.117-.527.15l-.016.002q-.314.057-.457.086t-.438.057-.314.029q-4.775.372-11.937.372-3.943-.038-6.848-.124t-3.819-.143l-.934-.08-.686-.08c-.404-.05-.757-.117-1.102-.204l.062.013c-.376-.118-.697-.253-1.003-.415l.032.015c-.417-.205-.772-.467-1.075-.78l-.001-.001c-.102-.107-.199-.222-.288-.342l-.007-.01c-.202-.318-.388-.686-.537-1.071l-.015-.044c-.24-.559-.417-1.207-.501-1.885l-.004-.035q-.152-1.219-.24-2.6t-.105-2.16v-3.352c-.001-.078-.001-.171-.001-.263 0-1.853.125-3.678.367-5.465l-.023.208c.086-.704.255-1.344.498-1.946l-.018.051c.162-.447.368-.834.62-1.186l-.01.015.266-.32c.169-.182.349-.347.542-.497l.01-.008c.172-.134.365-.257.57-.362l.021-.01q.305-.152.534-.248c.156-.064.338-.117.527-.15l.016-.002q.314-.057.448-.086c.121-.024.271-.044.424-.056l.015-.001q.305-.029.32-.029 4.783-.35 11.946-.35z\"><\/path><\/svg>\t\t\t\t\t\t<\/span>\n\t\t\t\t\t\t\t\t\t\t<span class=\"elementor-icon-list-text\">@RetrofitGuru<\/span>\n\t\t\t\t\t\t\t\t\t\t\t<\/a>\n\t\t\t\t\t\t\t\t\t<\/li>\n\t\t\t\t\t\t<\/ul>\n\t\t\t\t\t\t<\/div>\n\t\t\t\t<\/div>\n\t\t\t\t<div class=\"elementor-element elementor-element-f7864b0 elementor-widget elementor-widget-text-editor\" data-id=\"f7864b0\" data-element_type=\"widget\" data-e-type=\"widget\" data-widget_type=\"text-editor.default\">\n\t\t\t\t<div class=\"elementor-widget-container\">\n\t\t\t\t\t\t\t\t\t<p data-start=\"1742\" data-end=\"1815\"><strong data-start=\"1742\" data-end=\"1758\">Retrofitguru s.r.o.<\/strong><br data-start=\"1758\" data-end=\"1761\" \/>I\u010c: 17282004<br data-start=\"1775\" data-end=\"1778\" \/>Registered in the Trade Register<\/p><p data-start=\"1742\" data-end=\"1815\">Company registered office:<br \/>Komensk\u00e9ho 503, 533 04, Sezemice<br \/>\u010cesk\u00e1 Republika<\/p><div>\u00a0<\/div><p data-start=\"1820\" data-end=\"1907\"><em data-start=\"1820\" data-end=\"1905\">Our operations are conducted exclusively online. All products are shipped from our central warehouse in the Czech Republic.<\/em><\/p>\t\t\t\t\t\t\t\t<\/div>\n\t\t\t\t<\/div>\n\t\t\t\t\t<\/div>\n\t\t<\/div>\n\t\t\t\t\t<\/div>\n\t\t<\/section>\n\t\t\t\t<\/div>","protected":false},"excerpt":{"rendered":"<p>Kontakt Jsme tu pro V\u00e1s! Pot\u0159ebujete poradit s v\u00fdb\u011brem nebo instalac\u00ed bi-xenonov\u00fdch projektor\u016f?R\u00e1di V\u00e1m pom\u016f\u017eeme \u2013 jsme dostupn\u00ed online ka\u017ed\u00fd den a reagujeme do 24 hodin. Jsme z Pardubic, ale bohu\u017eel nem\u00e1me z\u0159\u00edzenou kamenou pobo\u010dku s pevnou pracovn\u00ed dobou. Osobn\u00ed p\u0159evzet\u00ed je mo\u017en\u00e9 po domluv\u011b na adrese: Na T\u0159\u00edsle 130, Pardubice info@retrofitguru.com +420 736 443 [&hellip;]<\/p>\n","protected":false},"author":1,"featured_media":0,"parent":0,"menu_order":0,"comment_status":"closed","ping_status":"closed","template":"elementor_header_footer","meta":{"footnotes":""},"class_list":["post-52","page","type-page","status-publish","hentry"],"yoast_head":"<!-- This site is optimized with the Yoast SEO plugin v27.3 - https:\/\/yoast.com\/product\/yoast-seo-wordpress\/ -->\n<title>Kontakt - Retrofit Guru<\/title>\n<meta name=\"robots\" content=\"index, follow, max-snippet:-1, max-image-preview:large, max-video-preview:-1\" \/>\n<link rel=\"canonical\" href=\"https:\/\/retrofitguru.com\/en\/contact\/\" \/>\n<meta property=\"og:locale\" content=\"en_GB\" \/>\n<meta property=\"og:type\" content=\"article\" \/>\n<meta property=\"og:title\" content=\"Kontakt - Retrofit Guru\" \/>\n<meta property=\"og:description\" content=\"Kontakt Jsme tu pro V\u00e1s! Pot\u0159ebujete poradit s v\u00fdb\u011brem nebo instalac\u00ed bi-xenonov\u00fdch projektor\u016f?R\u00e1di V\u00e1m pom\u016f\u017eeme \u2013 jsme dostupn\u00ed online ka\u017ed\u00fd den a reagujeme do 24 hodin. Jsme z Pardubic, ale bohu\u017eel nem\u00e1me z\u0159\u00edzenou kamenou pobo\u010dku s pevnou pracovn\u00ed dobou. Osobn\u00ed p\u0159evzet\u00ed je mo\u017en\u00e9 po domluv\u011b na adrese: Na T\u0159\u00edsle 130, Pardubice info@retrofitguru.com +420 736 443 [&hellip;]\" \/>\n<meta property=\"og:url\" content=\"https:\/\/retrofitguru.com\/en\/contact\/\" \/>\n<meta property=\"og:site_name\" content=\"Retrofit Guru\" \/>\n<meta property=\"article:publisher\" content=\"https:\/\/www.facebook.com\/RetrofitGuru\" \/>\n<meta property=\"article:modified_time\" content=\"2026-03-04T11:41:23+00:00\" \/>\n<meta name=\"twitter:card\" content=\"summary_large_image\" \/>\n<meta name=\"twitter:label1\" content=\"Estimated reading time\" \/>\n\t<meta name=\"twitter:data1\" content=\"1 minute\" \/>\n<script type=\"application\/ld+json\" class=\"yoast-schema-graph\">{\"@context\":\"https:\\\/\\\/schema.org\",\"@graph\":[{\"@type\":\"WebPage\",\"@id\":\"https:\\\/\\\/retrofitguru.com\\\/en\\\/contact\\\/\",\"url\":\"https:\\\/\\\/retrofitguru.com\\\/en\\\/contact\\\/\",\"name\":\"Kontakt - Retrofit Guru\",\"isPartOf\":{\"@id\":\"https:\\\/\\\/retrofitguru.com\\\/en\\\/#website\"},\"datePublished\":\"2022-06-23T21:25:04+00:00\",\"dateModified\":\"2026-03-04T11:41:23+00:00\",\"breadcrumb\":{\"@id\":\"https:\\\/\\\/retrofitguru.com\\\/en\\\/contact\\\/#breadcrumb\"},\"inLanguage\":\"en-GB\",\"potentialAction\":[{\"@type\":\"ReadAction\",\"target\":[\"https:\\\/\\\/retrofitguru.com\\\/en\\\/contact\\\/\"]}]},{\"@type\":\"BreadcrumbList\",\"@id\":\"https:\\\/\\\/retrofitguru.com\\\/en\\\/contact\\\/#breadcrumb\",\"itemListElement\":[{\"@type\":\"ListItem\",\"position\":1,\"name\":\"Dom\u016f\",\"item\":\"https:\\\/\\\/retrofitguru.com\\\/en\\\/\"},{\"@type\":\"ListItem\",\"position\":2,\"name\":\"Kontakt\"}]},{\"@type\":\"WebSite\",\"@id\":\"https:\\\/\\\/retrofitguru.com\\\/en\\\/#website\",\"url\":\"https:\\\/\\\/retrofitguru.com\\\/en\\\/\",\"name\":\"Retrofit Guru\",\"description\":\"Prod\u00e1v\u00e1me sady pro p\u0159estavbu xenonov\u00fdch sv\u011btel na modern\u011bj\u0161\u00ed Bi-xenonov\u00e9.\",\"publisher\":{\"@id\":\"https:\\\/\\\/retrofitguru.com\\\/en\\\/#organization\"},\"alternateName\":\"Retrofiguru\",\"potentialAction\":[{\"@type\":\"SearchAction\",\"target\":{\"@type\":\"EntryPoint\",\"urlTemplate\":\"https:\\\/\\\/retrofitguru.com\\\/en\\\/?s={search_term_string}\"},\"query-input\":{\"@type\":\"PropertyValueSpecification\",\"valueRequired\":true,\"valueName\":\"search_term_string\"}}],\"inLanguage\":\"en-GB\"},{\"@type\":\"Organization\",\"@id\":\"https:\\\/\\\/retrofitguru.com\\\/en\\\/#organization\",\"name\":\"RetrofitGuru\",\"url\":\"https:\\\/\\\/retrofitguru.com\\\/en\\\/\",\"logo\":{\"@type\":\"ImageObject\",\"inLanguage\":\"en-GB\",\"@id\":\"https:\\\/\\\/retrofitguru.com\\\/en\\\/#\\\/schema\\\/logo\\\/image\\\/\",\"url\":\"https:\\\/\\\/www.retrofitguru.com\\\/wp-content\\\/uploads\\\/2022\\\/06\\\/Untitled-2-4.svg\",\"contentUrl\":\"https:\\\/\\\/www.retrofitguru.com\\\/wp-content\\\/uploads\\\/2022\\\/06\\\/Untitled-2-4.svg\",\"width\":1000,\"height\":1000,\"caption\":\"RetrofitGuru\"},\"image\":{\"@id\":\"https:\\\/\\\/retrofitguru.com\\\/en\\\/#\\\/schema\\\/logo\\\/image\\\/\"},\"sameAs\":[\"https:\\\/\\\/www.facebook.com\\\/RetrofitGuru\",\"https:\\\/\\\/www.instagram.com\\\/retrofitguru\\\/\"]}]}<\/script>\n<!-- \/ Yoast SEO plugin. -->","yoast_head_json":{"title":"Contact - Retrofit Guru","robots":{"index":"index","follow":"follow","max-snippet":"max-snippet:-1","max-image-preview":"max-image-preview:large","max-video-preview":"max-video-preview:-1"},"canonical":"https:\/\/retrofitguru.com\/en\/contact\/","og_locale":"en_GB","og_type":"article","og_title":"Kontakt - Retrofit Guru","og_description":"Kontakt Jsme tu pro V\u00e1s! Pot\u0159ebujete poradit s v\u00fdb\u011brem nebo instalac\u00ed bi-xenonov\u00fdch projektor\u016f?R\u00e1di V\u00e1m pom\u016f\u017eeme \u2013 jsme dostupn\u00ed online ka\u017ed\u00fd den a reagujeme do 24 hodin. Jsme z Pardubic, ale bohu\u017eel nem\u00e1me z\u0159\u00edzenou kamenou pobo\u010dku s pevnou pracovn\u00ed dobou. Osobn\u00ed p\u0159evzet\u00ed je mo\u017en\u00e9 po domluv\u011b na adrese: Na T\u0159\u00edsle 130, Pardubice info@retrofitguru.com +420 736 443 [&hellip;]","og_url":"https:\/\/retrofitguru.com\/en\/contact\/","og_site_name":"Retrofit Guru","article_publisher":"https:\/\/www.facebook.com\/RetrofitGuru","article_modified_time":"2026-03-04T11:41:23+00:00","twitter_card":"summary_large_image","twitter_misc":{"Estimated reading time":"1 minute"},"schema":{"@context":"https:\/\/schema.org","@graph":[{"@type":"WebPage","@id":"https:\/\/retrofitguru.com\/en\/contact\/","url":"https:\/\/retrofitguru.com\/en\/contact\/","name":"Contact - Retrofit Guru","isPartOf":{"@id":"https:\/\/retrofitguru.com\/en\/#website"},"datePublished":"2022-06-23T21:25:04+00:00","dateModified":"2026-03-04T11:41:23+00:00","breadcrumb":{"@id":"https:\/\/retrofitguru.com\/en\/contact\/#breadcrumb"},"inLanguage":"en-GB","potentialAction":[{"@type":"ReadAction","target":["https:\/\/retrofitguru.com\/en\/contact\/"]}]},{"@type":"BreadcrumbList","@id":"https:\/\/retrofitguru.com\/en\/contact\/#breadcrumb","itemListElement":[{"@type":"ListItem","position":1,"name":"Dom\u016f","item":"https:\/\/retrofitguru.com\/en\/"},{"@type":"ListItem","position":2,"name":"Kontakt"}]},{"@type":"WebSite","@id":"https:\/\/retrofitguru.com\/en\/#website","url":"https:\/\/retrofitguru.com\/en\/","name":"Retrofit Guru","description":"We sell kits for converting xenon lights to more modern Bi-xenon lights.","publisher":{"@id":"https:\/\/retrofitguru.com\/en\/#organization"},"alternateName":"Retrofiguru","potentialAction":[{"@type":"SearchAction","target":{"@type":"EntryPoint","urlTemplate":"https:\/\/retrofitguru.com\/en\/?s={search_term_string}"},"query-input":{"@type":"PropertyValueSpecification","valueRequired":true,"valueName":"search_term_string"}}],"inLanguage":"en-GB"},{"@type":"Organization","@id":"https:\/\/retrofitguru.com\/en\/#organization","name":"RetrofitGuru","url":"https:\/\/retrofitguru.com\/en\/","logo":{"@type":"ImageObject","inLanguage":"en-GB","@id":"https:\/\/retrofitguru.com\/en\/#\/schema\/logo\/image\/","url":"https:\/\/www.retrofitguru.com\/wp-content\/uploads\/2022\/06\/Untitled-2-4.svg","contentUrl":"https:\/\/www.retrofitguru.com\/wp-content\/uploads\/2022\/06\/Untitled-2-4.svg","width":1000,"height":1000,"caption":"RetrofitGuru"},"image":{"@id":"https:\/\/retrofitguru.com\/en\/#\/schema\/logo\/image\/"},"sameAs":["https:\/\/www.facebook.com\/RetrofitGuru","https:\/\/www.instagram.com\/retrofitguru\/"]}]}},"_links":{"self":[{"href":"https:\/\/retrofitguru.com\/en\/wp-json\/wp\/v2\/pages\/52","targetHints":{"allow":["GET"]}}],"collection":[{"href":"https:\/\/retrofitguru.com\/en\/wp-json\/wp\/v2\/pages"}],"about":[{"href":"https:\/\/retrofitguru.com\/en\/wp-json\/wp\/v2\/types\/page"}],"author":[{"embeddable":true,"href":"https:\/\/retrofitguru.com\/en\/wp-json\/wp\/v2\/users\/1"}],"replies":[{"embeddable":true,"href":"https:\/\/retrofitguru.com\/en\/wp-json\/wp\/v2\/comments?post=52"}],"version-history":[{"count":0,"href":"https:\/\/retrofitguru.com\/en\/wp-json\/wp\/v2\/pages\/52\/revisions"}],"wp:attachment":[{"href":"https:\/\/retrofitguru.com\/en\/wp-json\/wp\/v2\/media?parent=52"}],"curies":[{"name":"wp","href":"https:\/\/api.w.org\/{rel}","templated":true}]}}